{"id":36074,"date":"2026-02-27T00:32:51","date_gmt":"2026-02-27T00:32:51","guid":{"rendered":"https:\/\/nordicmart.andreevmaster.com\/product\/masterkidz-mini-palokunta-puinen-setti\/"},"modified":"2026-02-27T09:50:57","modified_gmt":"2026-02-27T09:50:57","slug":"masterkidz-mini-palokunta-puinen-setti","status":"publish","type":"product","link":"https:\/\/nordicmart.andreevmaster.com\/fi\/tuote\/masterkidz-mini-palokunta-puinen-setti\/","title":{"rendered":"MASTERKIDZ Mini-palokunta puinen setti"},"content":{"rendered":"<p>Palokunta ja tarvikkeet palomiehen leikkeihin. Settiin kuuluu 2 palomieshahmoa, paloauto ja elementtej\u00e4, kuten liekit, kartiot ja sammutusaine. Leikki voi olla moniulotteista, ja esitett\u00e4viss\u00e4 on lukuisia tilanteita. Ainoa rajoitus on mielikuvitus!<\/p>\n<p>Ominaisuudet:<\/p>\n<p>* \u2714\ufe0f Sarja sis\u00e4lt\u00e4\u00e4 paloaseman, jossa on liukum\u00e4ki, autotalli ja paikka palomiesten lepoa varten<br \/>\n* \u2714\ufe0f Sis\u00e4lt\u00e4\u00e4 2 palomieshahmoa, paloauton, liekit, kartiot ja sammuttimen<br \/>\n* \u2714\ufe0f Kaikki osat on valmistettu korkealaatuisesta puusta<\/p>\n<p>Lelu kehitt\u00e4\u00e4:<\/p>\n<p>* \u2b50 Mielikuvitusta<br \/>\n* \u2b50 Luovuutta<br \/>\n* \u2b50 Sosiaalisia taitoja<\/p>\n","protected":false},"excerpt":{"rendered":"<p>Palokunta ja tarvikkeet palomiehen leikkeihin. Settiin kuuluu 2 palomieshahmoa, paloauto ja elementtej\u00e4, kuten liekit, kartiot ja sammutusaine. Leikki voi olla moniulotteista, ja esitett\u00e4viss\u00e4 on lukuisia tilanteita. Ainoa rajoitus on mielikuvitus! Ominaisuudet: * \u2714\ufe0f Sarja sis\u00e4lt\u00e4\u00e4 paloaseman, jossa on liukum\u00e4ki, autotalli ja paikka palomiesten lepoa varten * \u2714\ufe0f Sis\u00e4lt\u00e4\u00e4 2 palomieshahmoa, paloauton, liekit, kartiot ja sammuttimen [&hellip;]<\/p>\n","protected":false},"featured_media":0,"comment_status":"open","ping_status":"closed","template":"","meta":[],"product_brand":[],"product_cat":[32],"product_tag":[],"class_list":{"0":"post-36074","1":"product","2":"type-product","3":"status-publish","5":"product_cat-uncategorized-fi","7":"first","8":"instock","9":"shipping-taxable","10":"purchasable","11":"product-type-simple"},"_links":{"self":[{"href":"https:\/\/nordicmart.andreevmaster.com\/fi\/wp-json\/wp\/v2\/product\/36074","targetHints":{"allow":["GET"]}}],"collection":[{"href":"https:\/\/nordicmart.andreevmaster.com\/fi\/wp-json\/wp\/v2\/product"}],"about":[{"href":"https:\/\/nordicmart.andreevmaster.com\/fi\/wp-json\/wp\/v2\/types\/product"}],"replies":[{"embeddable":true,"href":"https:\/\/nordicmart.andreevmaster.com\/fi\/wp-json\/wp\/v2\/comments?post=36074"}],"wp:attachment":[{"href":"https:\/\/nordicmart.andreevmaster.com\/fi\/wp-json\/wp\/v2\/media?parent=36074"}],"wp:term":[{"taxonomy":"product_brand","embeddable":true,"href":"https:\/\/nordicmart.andreevmaster.com\/fi\/wp-json\/wp\/v2\/product_brand?post=36074"},{"taxonomy":"product_cat","embeddable":true,"href":"https:\/\/nordicmart.andreevmaster.com\/fi\/wp-json\/wp\/v2\/product_cat?post=36074"},{"taxonomy":"product_tag","embeddable":true,"href":"https:\/\/nordicmart.andreevmaster.com\/fi\/wp-json\/wp\/v2\/product_tag?post=36074"}],"curies":[{"name":"wp","href":"https:\/\/api.w.org\/{rel}","templated":true}]}}