{"id":36073,"date":"2026-02-27T00:32:51","date_gmt":"2026-02-27T00:32:51","guid":{"rendered":"https:\/\/nordicmart.andreevmaster.com\/product\/masterkidz-puinen-muotojen-lajittelija-varikkaat-montessori-hedelmat\/"},"modified":"2026-02-27T09:50:56","modified_gmt":"2026-02-27T09:50:56","slug":"masterkidz-puinen-muotojen-lajittelija-varikkaat-montessori-hedelmat","status":"publish","type":"product","link":"https:\/\/nordicmart.andreevmaster.com\/fi\/tuote\/masterkidz-puinen-muotojen-lajittelija-varikkaat-montessori-hedelmat\/","title":{"rendered":"MASTERKIDZ Puinen muotojen lajittelija V\u00e4rikk\u00e4\u00e4t Montessori-hedelm\u00e4t"},"content":{"rendered":"<p>MASTERKIDZin puinen aistien kehittymist\u00e4 edist\u00e4v\u00e4 lelu lapsille, joka auttaa pikkulapsia oppimaan erilaisia terveellisi\u00e4 hedelmi\u00e4. Muotojen lajittelijan ilmeinen teht\u00e4v\u00e4 on kehitt\u00e4\u00e4 pienten lasten loogista ajattelua ja hienomotoriikkaa, eli heid\u00e4n pienten k\u00e4siens\u00e4 koordinaatiota. V\u00e4rikk\u00e4iden hedelmien ansiosta puupalikoita voidaan k\u00e4ytt\u00e4\u00e4 my\u00f6s v\u00e4rien opettamiseen. Masterkidz Colorful Fruit Shape Sorter on loistava puinen lelu lapsille, jolla on monia k\u00e4ytt\u00f6tarkoituksia. T\u00e4m\u00e4 lelu ei ole vain loistava tapa viihdytt\u00e4\u00e4 lasta. V\u00e4rikk\u00e4iden hedelmien muotoisten puupalikoiden ansiosta lapsesi voi oppia niiden nimet ja saada kannustusta sy\u00f6m\u00e4\u00e4n niit\u00e4. Lelun toinen teht\u00e4v\u00e4 on kehitt\u00e4\u00e4 loogista ajattelua. Lapsen on sovitettava hedelm\u00e4t puulevyn oikeisiin reikiin, mik\u00e4 vaatii keskittymist\u00e4 ja muotojen analysointia. Kun lapsi on l\u00f6yt\u00e4nyt oikeaan reik\u00e4\u00e4n sopivan muodon, h\u00e4nen teht\u00e4v\u00e4n\u00e4\u00e4n on sijoittaa se reik\u00e4\u00e4n, mik\u00e4 vaatii k\u00e4si-silm\u00e4-koordinaatiota. Lelu on valmistettu kokonaan puusta. Ostamalla Masterkidz-puuleluja huolehdit ymp\u00e4rist\u00f6st\u00e4 ja v\u00e4henn\u00e4t muovij\u00e4tett\u00e4.Ominaisuudet:<\/p>\n<p>* &#8211; 2-vuotiaille ja sit\u00e4 vanhemmille lapsille<br \/>\n* &#8211; kehitt\u00e4\u00e4 loogista ajattelua<br \/>\n* &#8211; valmistettu puusta<br \/>\n* &#8211; opettaa muotoja ja v\u00e4rej\u00e4<br \/>\n* &#8211; parantaa k\u00e4si-silm\u00e4-koordinaatiota<\/p>\n","protected":false},"excerpt":{"rendered":"<p>MASTERKIDZin puinen aistien kehittymist\u00e4 edist\u00e4v\u00e4 lelu lapsille, joka auttaa pikkulapsia oppimaan erilaisia terveellisi\u00e4 hedelmi\u00e4. Muotojen lajittelijan ilmeinen teht\u00e4v\u00e4 on kehitt\u00e4\u00e4 pienten lasten loogista ajattelua ja hienomotoriikkaa, eli heid\u00e4n pienten k\u00e4siens\u00e4 koordinaatiota. V\u00e4rikk\u00e4iden hedelmien ansiosta puupalikoita voidaan k\u00e4ytt\u00e4\u00e4 my\u00f6s v\u00e4rien opettamiseen. Masterkidz Colorful Fruit Shape Sorter on loistava puinen lelu lapsille, jolla on monia k\u00e4ytt\u00f6tarkoituksia. T\u00e4m\u00e4 [&hellip;]<\/p>\n","protected":false},"featured_media":0,"comment_status":"open","ping_status":"closed","template":"","meta":[],"product_brand":[],"product_cat":[32],"product_tag":[],"class_list":{"0":"post-36073","1":"product","2":"type-product","3":"status-publish","5":"product_cat-uncategorized-fi","7":"first","8":"instock","9":"shipping-taxable","10":"purchasable","11":"product-type-simple"},"_links":{"self":[{"href":"https:\/\/nordicmart.andreevmaster.com\/fi\/wp-json\/wp\/v2\/product\/36073","targetHints":{"allow":["GET"]}}],"collection":[{"href":"https:\/\/nordicmart.andreevmaster.com\/fi\/wp-json\/wp\/v2\/product"}],"about":[{"href":"https:\/\/nordicmart.andreevmaster.com\/fi\/wp-json\/wp\/v2\/types\/product"}],"replies":[{"embeddable":true,"href":"https:\/\/nordicmart.andreevmaster.com\/fi\/wp-json\/wp\/v2\/comments?post=36073"}],"wp:attachment":[{"href":"https:\/\/nordicmart.andreevmaster.com\/fi\/wp-json\/wp\/v2\/media?parent=36073"}],"wp:term":[{"taxonomy":"product_brand","embeddable":true,"href":"https:\/\/nordicmart.andreevmaster.com\/fi\/wp-json\/wp\/v2\/product_brand?post=36073"},{"taxonomy":"product_cat","embeddable":true,"href":"https:\/\/nordicmart.andreevmaster.com\/fi\/wp-json\/wp\/v2\/product_cat?post=36073"},{"taxonomy":"product_tag","embeddable":true,"href":"https:\/\/nordicmart.andreevmaster.com\/fi\/wp-json\/wp\/v2\/product_tag?post=36073"}],"curies":[{"name":"wp","href":"https:\/\/api.w.org\/{rel}","templated":true}]}}