{"id":36072,"date":"2026-02-27T00:32:51","date_gmt":"2026-02-27T00:32:51","guid":{"rendered":"https:\/\/nordicmart.andreevmaster.com\/product\/masterkidz-led-valopaneeli-varin-vaihto-kaukosaatimella\/"},"modified":"2026-02-27T09:50:56","modified_gmt":"2026-02-27T09:50:56","slug":"masterkidz-led-valopaneeli-varin-vaihto-kaukosaatimella","status":"publish","type":"product","link":"https:\/\/nordicmart.andreevmaster.com\/fi\/tuote\/masterkidz-led-valopaneeli-varin-vaihto-kaukosaatimella\/","title":{"rendered":"MASTERKIDZ LED-valopaneeli V\u00e4rin vaihto kaukos\u00e4\u00e4timell\u00e4"},"content":{"rendered":"<p>Masterkidz Sensory LED Box Panel on tukeva puinen laatikko, jossa on LED-taustavalo, joka s\u00e4teilee v\u00e4rikk\u00e4it\u00e4 valoja ja jota voi vapaasti konfiguroida mukana toimitetulla kaukos\u00e4\u00e4timell\u00e4. K\u00e4ytt\u00e4j\u00e4t voivat asettaa paneelin johonkin 11 esiohjelmoidusta v\u00e4rist\u00e4 tai muuttaa s\u00e4teilev\u00e4\u00e4 v\u00e4ri\u00e4 manuaalisesti valon p\u00e4\u00e4v\u00e4rien perusteella: punainen, vihre\u00e4 ja sininen. Laite mahdollistaa my\u00f6s sujuvat siirtym\u00e4t v\u00e4rien v\u00e4lill\u00e4 ja valittujen v\u00e4rien tallentamisen uudelleenk\u00e4ytt\u00f6\u00e4 varten. LED-valopaneeli mahdollistaa erilaisia luovuuden kehityst\u00e4 tukevia aktiviteetteja, kuten v\u00e4rien sekoittamisen tai oppimisen STEM-j\u00e4rjestelm\u00e4n avulla. Vaikuttavia tuloksia saavutetaan, kun valo kulkee eri materiaalien l\u00e4pi \u2013 lehtien, paperin, hiekkalaatikon tai l\u00e4pin\u00e4kyv\u00e4n veden. Paneeli toimii t\u00e4ydellisesti mukana toimitetun neli\u00f6nmuotoisen hiekkalaatikon kanssa, jossa voi leikki\u00e4 hiekalla ja v\u00e4rikk\u00e4ill\u00e4 kivill\u00e4, mik\u00e4 rikastuttaa aistiel\u00e4myst\u00e4 entisest\u00e4\u00e4n.Ominaisuudet:<\/p>\n<p>* &#8211; Laatikko valmistettu eurooppalaisesta py\u00f6kkipuusta ja ven\u00e4l\u00e4isest\u00e4 koivuvanerista<br \/>\n* &#8211; Kaapelin pituus: 1,5 m<br \/>\n* &#8211; Suunniteltu erilaisiin aistillisiin ja opettavaisiin aktiviteetteihin<br \/>\n* &#8211; Luo houkuttelevia valotehosteita eri materiaalien avulla<br \/>\n* &#8211; Toimii t\u00e4ydellisesti Masterkidz-lis\u00e4varusteiden kanssa<br \/>\n* &#8211; Korkealaatuinen valmistus takaa kest\u00e4vyyden ja turvallisuuden<br \/>\n* &#8211; Tuote EI ole vedenpit\u00e4v\u00e4<\/p>\n<p>Lelu kehitt\u00e4\u00e4:<\/p>\n<p>* &#8211; Luovuutta<br \/>\n* &#8211; Mielikuvitusta<br \/>\n* &#8211; Motorisia taitoja<br \/>\n* &#8211; Aistitaitoja<\/p>\n<p>Sarja sis\u00e4lt\u00e4\u00e4:<\/p>\n<p>* &#8211; Puinen laatikko, jossa on v\u00e4ri\u00e4 vaihtava LED-paneeli<br \/>\n* &#8211; Puinen laatikko hiekalla leikkimist\u00e4 varten<br \/>\n* &#8211; V\u00e4rikk\u00e4\u00e4t kivet LED-paneeleille<\/p>\n<p>Sarjan osat:<\/p>\n<p>* &#8211; ME07452<br \/>\n* &#8211; ME07216<br \/>\n* &#8211; ME30375<\/p>\n<p>LED-levyn kanssa yhteensopivat osat:<\/p>\n<p>* &#8211; Pehme\u00e4t v\u00e4rikk\u00e4\u00e4t kirjaimet ja numerot &#8211; ME15945<br \/>\n* &#8211; V\u00e4rikk\u00e4\u00e4t kirjaimet &#8211; ME07308<br \/>\n* &#8211; Suuret v\u00e4rikk\u00e4\u00e4t geometriset muodot &#8211; ME08602<br \/>\n* &#8211; V\u00e4rikk\u00e4\u00e4t kivet &#8211; ME30375<br \/>\n* &#8211; V\u00e4rikk\u00e4\u00e4t geometriset muodot mosaiikki &#8211; ME30368<br \/>\n* &#8211; Akryylinen vesileikkialusta &#8211; ME12395<br \/>\n* &#8211; Akryylinen maaliastia &#8211; ME12401<br \/>\n* &#8211; Puinen hiekkaleikkikehys &#8211; ME07216<br \/>\n* &#8211; Kehys STEM-taulupaneelien kiinnitt\u00e4miseen &#8211; ME14801<\/p>\n<p>&#8211; Pehme\u00e4t v\u00e4rikk\u00e4\u00e4t kirjaimet ja numerot &#8211; ME15945<\/p>\n<p>&#8211; V\u00e4rikk\u00e4\u00e4t kirjaimet &#8211; ME07308<\/p>\n<p>&#8211; Suuret v\u00e4rikk\u00e4\u00e4t geometriset muodot &#8211; ME08602<\/p>\n<p>&#8211; V\u00e4rikk\u00e4\u00e4t kivet &#8211; ME30375<\/p>\n<p>&#8211; V\u00e4rikk\u00e4\u00e4t geometriset muodot mosaiikki &#8211; ME30368<\/p>\n<p>&#8211; Akryylinen vesileikkialusta &#8211; ME12395<\/p>\n<p>&#8211; Akryylinen maalialusta &#8211; ME12401<\/p>\n<p>&#8211; Puinen hiekkaleikkikehys &#8211; ME07216<\/p>\n<p>&#8211; Kehys STEM-taulupaneelien kiinnitt\u00e4miseen &#8211; ME14801<\/p>\n","protected":false},"excerpt":{"rendered":"<p>Masterkidz Sensory LED Box Panel on tukeva puinen laatikko, jossa on LED-taustavalo, joka s\u00e4teilee v\u00e4rikk\u00e4it\u00e4 valoja ja jota voi vapaasti konfiguroida mukana toimitetulla kaukos\u00e4\u00e4timell\u00e4. K\u00e4ytt\u00e4j\u00e4t voivat asettaa paneelin johonkin 11 esiohjelmoidusta v\u00e4rist\u00e4 tai muuttaa s\u00e4teilev\u00e4\u00e4 v\u00e4ri\u00e4 manuaalisesti valon p\u00e4\u00e4v\u00e4rien perusteella: punainen, vihre\u00e4 ja sininen. Laite mahdollistaa my\u00f6s sujuvat siirtym\u00e4t v\u00e4rien v\u00e4lill\u00e4 ja valittujen v\u00e4rien tallentamisen [&hellip;]<\/p>\n","protected":false},"featured_media":0,"comment_status":"open","ping_status":"closed","template":"","meta":[],"product_brand":[],"product_cat":[32],"product_tag":[],"class_list":{"0":"post-36072","1":"product","2":"type-product","3":"status-publish","5":"product_cat-uncategorized-fi","7":"first","8":"instock","9":"shipping-taxable","10":"purchasable","11":"product-type-simple"},"_links":{"self":[{"href":"https:\/\/nordicmart.andreevmaster.com\/fi\/wp-json\/wp\/v2\/product\/36072","targetHints":{"allow":["GET"]}}],"collection":[{"href":"https:\/\/nordicmart.andreevmaster.com\/fi\/wp-json\/wp\/v2\/product"}],"about":[{"href":"https:\/\/nordicmart.andreevmaster.com\/fi\/wp-json\/wp\/v2\/types\/product"}],"replies":[{"embeddable":true,"href":"https:\/\/nordicmart.andreevmaster.com\/fi\/wp-json\/wp\/v2\/comments?post=36072"}],"wp:attachment":[{"href":"https:\/\/nordicmart.andreevmaster.com\/fi\/wp-json\/wp\/v2\/media?parent=36072"}],"wp:term":[{"taxonomy":"product_brand","embeddable":true,"href":"https:\/\/nordicmart.andreevmaster.com\/fi\/wp-json\/wp\/v2\/product_brand?post=36072"},{"taxonomy":"product_cat","embeddable":true,"href":"https:\/\/nordicmart.andreevmaster.com\/fi\/wp-json\/wp\/v2\/product_cat?post=36072"},{"taxonomy":"product_tag","embeddable":true,"href":"https:\/\/nordicmart.andreevmaster.com\/fi\/wp-json\/wp\/v2\/product_tag?post=36072"}],"curies":[{"name":"wp","href":"https:\/\/api.w.org\/{rel}","templated":true}]}}