{"id":36067,"date":"2026-02-27T00:32:49","date_gmt":"2026-02-27T00:32:49","guid":{"rendered":"https:\/\/nordicmart.andreevmaster.com\/product\/masterkidz-aistien-led-paneelilaatikko-lisavarustesarja\/"},"modified":"2026-02-27T09:50:55","modified_gmt":"2026-02-27T09:50:55","slug":"masterkidz-aistien-led-paneelilaatikko-lisavarustesarja","status":"publish","type":"product","link":"https:\/\/nordicmart.andreevmaster.com\/fi\/tuote\/masterkidz-aistien-led-paneelilaatikko-lisavarustesarja\/","title":{"rendered":"MASTERKIDZ Aistien LED-paneelilaatikko + lis\u00e4varustesarja"},"content":{"rendered":"<p>Masterkidz LED-aistien laatikkopaneeli on tukeva puinen laatikko, jossa on valkoinen LED-valaistus. Sen on suunnitellut tunnettu Masterkidz-br\u00e4ndi. Se mahdollistaa erilaisia luovuutta tukevia aktiviteetteja, kuten v\u00e4rien sekoittamisen tai oppimisen STEM-j\u00e4rjestelm\u00e4n avulla. Vaikuttavia tuloksia saavutetaan, kun valo kulkee eri materiaalien l\u00e4pi \u2013 lehtien, paperin, hiekkalaatikon tai kirkkaan veden. Paneeli toimii t\u00e4ydellisesti sarjaan sis\u00e4ltyvien v\u00e4rikk\u00e4iden lis\u00e4varusteiden kanssa, jotka rikastuttavat leikin ja oppimisen mahdollisuuksia ja mahdollistavat erilaisten kuvioiden ja sommitelmien luomisen valossa.Ominaisuudet:<\/p>\n<p>* &#8211; Laatikko on valmistettu eurooppalaisesta py\u00f6kkipuusta ja ven\u00e4l\u00e4isest\u00e4 koivuvanerista<br \/>\n* &#8211; Kaapelin pituus: 1,5 m<br \/>\n* &#8211; Suunniteltu erilaisiin aistillisiin ja opettavaisiin aktiviteetteihin<br \/>\n* &#8211; Luo houkuttelevia valotehosteita eri materiaaleilla<br \/>\n* &#8211; Toimii t\u00e4ydellisesti Masterkidz-lis\u00e4varusteiden kanssa<br \/>\n* &#8211; Korkealaatuinen valmistus takaa kest\u00e4vyyden ja turvallisuuden<br \/>\n* &#8211; Tuote EI ole vedenpit\u00e4v\u00e4<\/p>\n<p>Lelu kehitt\u00e4\u00e4:<\/p>\n<p>* &#8211; Luovuutta<br \/>\n* &#8211; Mielikuvitusta<br \/>\n* &#8211; Motorisia taitoja<br \/>\n* &#8211; Aistitaitoja<\/p>\n<p>Setti sis\u00e4lt\u00e4\u00e4:<\/p>\n<p>* &#8211; Puinen laatikko LED-paneelilla<br \/>\n* &#8211; V\u00e4rilliset kivet LED-paneeleille<br \/>\n* &#8211; L\u00e4pikuultavat suuret geometriset muodot<br \/>\n* &#8211; L\u00e4pin\u00e4kyv\u00e4t numerot ja kirjaimet, 38 kappaletta, Montessori<\/p>\n<p>Sarjan osat:<\/p>\n<p>* &#8211; ME04062<br \/>\n* &#8211; ME30375<br \/>\n* &#8211; ME07308<br \/>\n* &#8211; ME08602<\/p>\n<p>LED-taulun kanssa yhteensopivat osat:<\/p>\n<p>* &#8211; Pehme\u00e4t v\u00e4rikk\u00e4\u00e4t kirjaimet ja numerot &#8211; ME15945<br \/>\n* &#8211; V\u00e4rikk\u00e4\u00e4t kirjaimet &#8211; ME07308<br \/>\n* &#8211; Suuret v\u00e4rikk\u00e4\u00e4t geometriset muodot &#8211; ME08602<br \/>\n* &#8211; V\u00e4rikk\u00e4\u00e4t kivet &#8211; ME30375<br \/>\n* &#8211; V\u00e4rikk\u00e4\u00e4t geometriset muodot mosaiikki &#8211; ME30368<br \/>\n* &#8211; Akryylinen vesileikkialusta &#8211; ME12395<br \/>\n* &#8211; Akryylinen maaliastia &#8211; ME12401<br \/>\n* &#8211; Puinen hiekkaleikkikehys &#8211; ME07216<br \/>\n* &#8211; Kehys STEM-taulupaneelien kiinnitt\u00e4miseen &#8211; ME14801<\/p>\n<p>&#8211; Pehme\u00e4t v\u00e4rikk\u00e4\u00e4t kirjaimet ja numerot &#8211; ME15945<\/p>\n<p>&#8211; V\u00e4rikk\u00e4\u00e4t kirjaimet &#8211; ME07308<\/p>\n<p>&#8211; Suuret v\u00e4rikk\u00e4\u00e4t geometriset muodot &#8211; ME08602<\/p>\n<p>&#8211; V\u00e4rikk\u00e4\u00e4t kivet &#8211; ME30375<\/p>\n<p>&#8211; V\u00e4rikk\u00e4\u00e4t geometriset muodot mosaiikki &#8211; ME30368<\/p>\n<p>&#8211; Akryylinen vesileikkialusta &#8211; ME12395<\/p>\n<p>&#8211; Akryylinen maalialusta &#8211; ME12401<\/p>\n<p>&#8211; Puinen hiekkaleikkikehys &#8211; ME07216<\/p>\n<p>&#8211; Kehys STEM-taulupaneelien kiinnitt\u00e4miseen &#8211; ME14801<\/p>\n","protected":false},"excerpt":{"rendered":"<p>Masterkidz LED-aistien laatikkopaneeli on tukeva puinen laatikko, jossa on valkoinen LED-valaistus. Sen on suunnitellut tunnettu Masterkidz-br\u00e4ndi. Se mahdollistaa erilaisia luovuutta tukevia aktiviteetteja, kuten v\u00e4rien sekoittamisen tai oppimisen STEM-j\u00e4rjestelm\u00e4n avulla. Vaikuttavia tuloksia saavutetaan, kun valo kulkee eri materiaalien l\u00e4pi \u2013 lehtien, paperin, hiekkalaatikon tai kirkkaan veden. Paneeli toimii t\u00e4ydellisesti sarjaan sis\u00e4ltyvien v\u00e4rikk\u00e4iden lis\u00e4varusteiden kanssa, jotka rikastuttavat [&hellip;]<\/p>\n","protected":false},"featured_media":0,"comment_status":"open","ping_status":"closed","template":"","meta":[],"product_brand":[],"product_cat":[32],"product_tag":[],"class_list":{"0":"post-36067","1":"product","2":"type-product","3":"status-publish","5":"product_cat-uncategorized-fi","7":"first","8":"instock","9":"shipping-taxable","10":"purchasable","11":"product-type-simple"},"_links":{"self":[{"href":"https:\/\/nordicmart.andreevmaster.com\/fi\/wp-json\/wp\/v2\/product\/36067","targetHints":{"allow":["GET"]}}],"collection":[{"href":"https:\/\/nordicmart.andreevmaster.com\/fi\/wp-json\/wp\/v2\/product"}],"about":[{"href":"https:\/\/nordicmart.andreevmaster.com\/fi\/wp-json\/wp\/v2\/types\/product"}],"replies":[{"embeddable":true,"href":"https:\/\/nordicmart.andreevmaster.com\/fi\/wp-json\/wp\/v2\/comments?post=36067"}],"wp:attachment":[{"href":"https:\/\/nordicmart.andreevmaster.com\/fi\/wp-json\/wp\/v2\/media?parent=36067"}],"wp:term":[{"taxonomy":"product_brand","embeddable":true,"href":"https:\/\/nordicmart.andreevmaster.com\/fi\/wp-json\/wp\/v2\/product_brand?post=36067"},{"taxonomy":"product_cat","embeddable":true,"href":"https:\/\/nordicmart.andreevmaster.com\/fi\/wp-json\/wp\/v2\/product_cat?post=36067"},{"taxonomy":"product_tag","embeddable":true,"href":"https:\/\/nordicmart.andreevmaster.com\/fi\/wp-json\/wp\/v2\/product_tag?post=36067"}],"curies":[{"name":"wp","href":"https:\/\/api.w.org\/{rel}","templated":true}]}}