{"id":36066,"date":"2026-02-27T00:32:49","date_gmt":"2026-02-27T00:32:49","guid":{"rendered":"https:\/\/nordicmart.andreevmaster.com\/product\/masterkidz-aistien-led-paneelilaatikko-montessori-mosaiikkipalat-140-kpl\/"},"modified":"2026-02-27T09:50:55","modified_gmt":"2026-02-27T09:50:55","slug":"masterkidz-aistien-led-paneelilaatikko-montessori-mosaiikkipalat-140-kpl","status":"publish","type":"product","link":"https:\/\/nordicmart.andreevmaster.com\/fi\/tuote\/masterkidz-aistien-led-paneelilaatikko-montessori-mosaiikkipalat-140-kpl\/","title":{"rendered":"MASTERKIDZ Aistien LED-paneelilaatikko + Montessori-mosaiikkipalat 140 kpl."},"content":{"rendered":"<p>Masterkidz Sensory LED Box Panel on tukeva puinen laatikko, jossa on valkoinen LED-valaistus. Sen on suunnitellut tunnettu Masterkidz-br\u00e4ndi. Se mahdollistaa erilaisia luovuuden kehityst\u00e4 tukevia aktiviteetteja, kuten v\u00e4rien sekoittamisen tai oppimisen STEM-j\u00e4rjestelm\u00e4n avulla. Vaikuttavia tuloksia saavutetaan, kun valo kulkee eri materiaalien l\u00e4pi \u2013 lehtien, paperin, hiekkalaatikon tai kirkkaan veden. Paneeli toimii t\u00e4ydellisesti yhdess\u00e4 sarjaan kuuluvien l\u00e4pin\u00e4kyvien v\u00e4rillisten geometristen muotojen kanssa, jotka tukevat luovuuden ja mielikuvituksen kehityst\u00e4 leikin aikana. Ominaisuudet: * &#8211; Laatikko on valmistettu eurooppalaisesta py\u00f6kkipuusta ja ven\u00e4l\u00e4isest\u00e4 koivuvanerista * &#8211; Kaapelin pituus: 1,5 m * &#8211; Suunniteltu erilaisiin aistillisiin ja opettavaisiin aktiviteetteihin * &#8211; Luo houkuttelevia valotehosteita erilaisilla materiaaleilla * &#8211; Toimii t\u00e4ydellisesti Masterkidz-lis\u00e4varusteiden kanssa<br \/>\n* &#8211; Korkealaatuinen valmistus takaa kest\u00e4vyyden ja turvallisuuden<br \/>\n* &#8211; Tuote EI ole vedenpit\u00e4v\u00e4<\/p>\n<p>Lelu kehitt\u00e4\u00e4:<\/p>\n<p>* &#8211; Luovuutta<br \/>\n* &#8211; Mielikuvitusta<br \/>\n* &#8211; Motorisia taitoja<br \/>\n* &#8211; Aistitaitoja<\/p>\n<p>Sarja sis\u00e4lt\u00e4\u00e4:<\/p>\n<p>* &#8211; Puinen laatikko LED-paneelilla<br \/>\n* &#8211; Sarja v\u00e4rikk\u00e4it\u00e4 Montessori Tangram Mosaic -palikoita, 140 kappaletta<\/p>\n<p>Sarjan osat:<\/p>\n<p>* &#8211; ME04062<br \/>\n* &#8211; ME30368<\/p>\n<p>LED-taulun kanssa yhteensopivat osat:<\/p>\n<p>* &#8211; Pehme\u00e4t v\u00e4rikk\u00e4\u00e4t kirjaimet ja numerot &#8211; ME15945<br \/>\n* &#8211; V\u00e4rikk\u00e4\u00e4t kirjaimet &#8211; ME07308<br \/>\n* &#8211; Suuret v\u00e4rikk\u00e4\u00e4t geometriset muodot &#8211; ME08602<br \/>\n* &#8211; V\u00e4rikk\u00e4\u00e4t kivet &#8211; ME30375<br \/>\n* &#8211; V\u00e4rikk\u00e4\u00e4t geometriset muodot mosaiikki &#8211; ME30368<br \/>\n* &#8211; Akryylinen vesileikkialusta &#8211; ME12395<br \/>\n* &#8211; Akryylinen maalialusta &#8211; ME12401<br \/>\n* &#8211; Puinen hiekkaleikkikehys &#8211; ME07216<br \/>\n* &#8211; Kehys STEM-taulupaneelien kiinnitt\u00e4miseen &#8211; ME14801<\/p>\n<p>&#8211; Pehme\u00e4t v\u00e4rikk\u00e4\u00e4t kirjaimet ja numerot &#8211; ME15945<\/p>\n<p>&#8211; V\u00e4rikk\u00e4\u00e4t kirjaimet &#8211; ME07308<\/p>\n<p>&#8211; Suuret v\u00e4rikk\u00e4\u00e4t geometriset muodot &#8211; ME08602<\/p>\n<p>&#8211; V\u00e4rikk\u00e4\u00e4t kivet &#8211; ME30375<\/p>\n<p>&#8211; V\u00e4rikk\u00e4\u00e4t geometriset muodot mosaiikki &#8211; ME30368<\/p>\n<p>&#8211; Akryylinen vesileikkialusta &#8211; ME12395<\/p>\n<p>&#8211; Akryylinen maalialusta &#8211; ME12401<\/p>\n<p>&#8211; Puinen hiekkaleikkikehys &#8211; ME07216<\/p>\n<p>&#8211; Kehys STEM-taulupaneelien kiinnitt\u00e4miseen &#8211; ME14801<\/p>\n","protected":false},"excerpt":{"rendered":"<p>Masterkidz Sensory LED Box Panel on tukeva puinen laatikko, jossa on valkoinen LED-valaistus. Sen on suunnitellut tunnettu Masterkidz-br\u00e4ndi. Se mahdollistaa erilaisia luovuuden kehityst\u00e4 tukevia aktiviteetteja, kuten v\u00e4rien sekoittamisen tai oppimisen STEM-j\u00e4rjestelm\u00e4n avulla. Vaikuttavia tuloksia saavutetaan, kun valo kulkee eri materiaalien l\u00e4pi \u2013 lehtien, paperin, hiekkalaatikon tai kirkkaan veden. Paneeli toimii t\u00e4ydellisesti yhdess\u00e4 sarjaan kuuluvien l\u00e4pin\u00e4kyvien [&hellip;]<\/p>\n","protected":false},"featured_media":0,"comment_status":"open","ping_status":"closed","template":"","meta":[],"product_brand":[],"product_cat":[32],"product_tag":[],"class_list":{"0":"post-36066","1":"product","2":"type-product","3":"status-publish","5":"product_cat-uncategorized-fi","7":"first","8":"instock","9":"shipping-taxable","10":"purchasable","11":"product-type-simple"},"_links":{"self":[{"href":"https:\/\/nordicmart.andreevmaster.com\/fi\/wp-json\/wp\/v2\/product\/36066","targetHints":{"allow":["GET"]}}],"collection":[{"href":"https:\/\/nordicmart.andreevmaster.com\/fi\/wp-json\/wp\/v2\/product"}],"about":[{"href":"https:\/\/nordicmart.andreevmaster.com\/fi\/wp-json\/wp\/v2\/types\/product"}],"replies":[{"embeddable":true,"href":"https:\/\/nordicmart.andreevmaster.com\/fi\/wp-json\/wp\/v2\/comments?post=36066"}],"wp:attachment":[{"href":"https:\/\/nordicmart.andreevmaster.com\/fi\/wp-json\/wp\/v2\/media?parent=36066"}],"wp:term":[{"taxonomy":"product_brand","embeddable":true,"href":"https:\/\/nordicmart.andreevmaster.com\/fi\/wp-json\/wp\/v2\/product_brand?post=36066"},{"taxonomy":"product_cat","embeddable":true,"href":"https:\/\/nordicmart.andreevmaster.com\/fi\/wp-json\/wp\/v2\/product_cat?post=36066"},{"taxonomy":"product_tag","embeddable":true,"href":"https:\/\/nordicmart.andreevmaster.com\/fi\/wp-json\/wp\/v2\/product_tag?post=36066"}],"curies":[{"name":"wp","href":"https:\/\/api.w.org\/{rel}","templated":true}]}}