{"id":36065,"date":"2026-02-27T00:32:49","date_gmt":"2026-02-27T00:32:49","guid":{"rendered":"https:\/\/nordicmart.andreevmaster.com\/product\/masterkidz-5-in-1-junataulupakkaus-aistimotorinen-taulu-aistien-ja-tunteiden-oppiminen\/"},"modified":"2026-02-27T09:50:55","modified_gmt":"2026-02-27T09:50:55","slug":"masterkidz-5-in-1-junataulupakkaus-aistimotorinen-taulu-aistien-ja-tunteiden-oppiminen","status":"publish","type":"product","link":"https:\/\/nordicmart.andreevmaster.com\/fi\/tuote\/masterkidz-5-in-1-junataulupakkaus-aistimotorinen-taulu-aistien-ja-tunteiden-oppiminen\/","title":{"rendered":"MASTERKIDZ 5-in-1-junataulupakkaus Aistimotorinen taulu Aistien ja tunteiden oppiminen"},"content":{"rendered":"<p>Masterkidz Flex -sein\u00e4taulujen kiinnitysj\u00e4rjestelm\u00e4 on innovatiivinen ratkaisu, jonka avulla taulut voidaan vaihtaa helposti ja nopeasti ilman ty\u00f6kaluja. T\u00e4m\u00e4n j\u00e4rjestelm\u00e4n ansiosta voit unohtaa poraamisen aiheuttamat sein\u00e4vahingot ja vuosia muuttumattomien taulujen aiheuttaman tylsyyden. Masterkidz Flexin avulla voit vapaasti mukauttaa opetusv\u00e4lineit\u00e4 lasten nykyisiin tarpeisiin ja kiinnostuksen kohteisiin. J\u00e4rjestelm\u00e4 on suunniteltu veturin ja vaunujen muotoiseksi. J\u00e4rjestelm\u00e4ss\u00e4 on 5 kehyst\u00e4 tauluille. Yhden poistaminen ja toisen asettaminen paikalleen vie alle minuutin. Opettajat voivat vapaasti vaihtaa apuv\u00e4lineit\u00e4 luokkien v\u00e4lill\u00e4 valitsemalla esimerkiksi leluja muista oppimiskategorioista. Ominaisuudet: * &#8211; J\u00e4rjestelm\u00e4ss\u00e4 on 5 kehyst\u00e4 tauluille * &#8211; Nopea kokoaminen ja purkaminen \u2013 taulun vaihtaminen vie alle minuutin * &#8211; Mahdollistaa apuv\u00e4lineiden vapaan yhdistelyn: aistien, k\u00e4tevyyden, matematiikan ja muiden<br \/>\n* &#8211; Ei vaadi ty\u00f6kaluja<br \/>\n* &#8211; Junamainen muotoilu \u2013 houkutteleva ulkon\u00e4k\u00f6 ja koristeellinen teht\u00e4v\u00e4<br \/>\n* &#8211; Valmistettu massiivipuusta<\/p>\n<p>Sarja sis\u00e4lt\u00e4\u00e4:<\/p>\n<p>* &#8211; Junamainen opetuslevyjen kiinnitysj\u00e4rjestelm\u00e4 vaunuilla<br \/>\n* &#8211; Johtokykytutkimuksen opetuslevy<br \/>\n* &#8211; Montessori-helmilabyrintin opetussein\u00e4levy<br \/>\n* &#8211; Montessori-tunteiden oppimisen ja hallinnan opetuslevy<br \/>\n* &#8211; Montessori-tuntoaistin opetuslevy<br \/>\n* &#8211; Laskemisen oppiminen Flex Montessori -aistisein\u00e4levy<\/p>\n<p>Sarja sis\u00e4lt\u00e4\u00e4:<\/p>\n<p>* &#8211; ME06486<br \/>\n* &#8211; ME15518<br \/>\n* &#8211; ME03690<br \/>\n* &#8211; ME15860<br \/>\n* &#8211; ME15792<br \/>\n* &#8211; ME09524<\/p>\n","protected":false},"excerpt":{"rendered":"<p>Masterkidz Flex -sein\u00e4taulujen kiinnitysj\u00e4rjestelm\u00e4 on innovatiivinen ratkaisu, jonka avulla taulut voidaan vaihtaa helposti ja nopeasti ilman ty\u00f6kaluja. T\u00e4m\u00e4n j\u00e4rjestelm\u00e4n ansiosta voit unohtaa poraamisen aiheuttamat sein\u00e4vahingot ja vuosia muuttumattomien taulujen aiheuttaman tylsyyden. Masterkidz Flexin avulla voit vapaasti mukauttaa opetusv\u00e4lineit\u00e4 lasten nykyisiin tarpeisiin ja kiinnostuksen kohteisiin. J\u00e4rjestelm\u00e4 on suunniteltu veturin ja vaunujen muotoiseksi. J\u00e4rjestelm\u00e4ss\u00e4 on 5 kehyst\u00e4 [&hellip;]<\/p>\n","protected":false},"featured_media":0,"comment_status":"open","ping_status":"closed","template":"","meta":[],"product_brand":[],"product_cat":[32],"product_tag":[],"class_list":{"0":"post-36065","1":"product","2":"type-product","3":"status-publish","5":"product_cat-uncategorized-fi","7":"first","8":"instock","9":"shipping-taxable","10":"purchasable","11":"product-type-simple"},"_links":{"self":[{"href":"https:\/\/nordicmart.andreevmaster.com\/fi\/wp-json\/wp\/v2\/product\/36065","targetHints":{"allow":["GET"]}}],"collection":[{"href":"https:\/\/nordicmart.andreevmaster.com\/fi\/wp-json\/wp\/v2\/product"}],"about":[{"href":"https:\/\/nordicmart.andreevmaster.com\/fi\/wp-json\/wp\/v2\/types\/product"}],"replies":[{"embeddable":true,"href":"https:\/\/nordicmart.andreevmaster.com\/fi\/wp-json\/wp\/v2\/comments?post=36065"}],"wp:attachment":[{"href":"https:\/\/nordicmart.andreevmaster.com\/fi\/wp-json\/wp\/v2\/media?parent=36065"}],"wp:term":[{"taxonomy":"product_brand","embeddable":true,"href":"https:\/\/nordicmart.andreevmaster.com\/fi\/wp-json\/wp\/v2\/product_brand?post=36065"},{"taxonomy":"product_cat","embeddable":true,"href":"https:\/\/nordicmart.andreevmaster.com\/fi\/wp-json\/wp\/v2\/product_cat?post=36065"},{"taxonomy":"product_tag","embeddable":true,"href":"https:\/\/nordicmart.andreevmaster.com\/fi\/wp-json\/wp\/v2\/product_tag?post=36065"}],"curies":[{"name":"wp","href":"https:\/\/api.w.org\/{rel}","templated":true}]}}