{"id":36064,"date":"2026-02-27T00:32:48","date_gmt":"2026-02-27T00:32:48","guid":{"rendered":"https:\/\/nordicmart.andreevmaster.com\/product\/masterkidz-puinen-vapaasti-seisova-xxl-ulkoleikkitaulu-vesirata-sarja\/"},"modified":"2026-02-27T09:50:55","modified_gmt":"2026-02-27T09:50:55","slug":"masterkidz-puinen-vapaasti-seisova-xxl-ulkoleikkitaulu-vesirata-sarja","status":"publish","type":"product","link":"https:\/\/nordicmart.andreevmaster.com\/fi\/tuote\/masterkidz-puinen-vapaasti-seisova-xxl-ulkoleikkitaulu-vesirata-sarja\/","title":{"rendered":"MASTERKIDZ Puinen vapaasti seisova XXL-ulkoleikkitaulu + vesirata-sarja"},"content":{"rendered":"<p>Vapaasti seisova STEM-taulu on innovatiivinen opetustaulu, joka tarjoaa avoimen kent\u00e4n luovalle leikille ja oppimiselle. Lapset voivat k\u00e4ytt\u00e4\u00e4 sit\u00e4 luodakseen kuvia, mosaiikkeja, sekvenssej\u00e4, palloratoja, hammaspy\u00f6r\u00e4mekanismeja ja jopa vesiliukum\u00e4ki\u00e4. Kaksipuolisen rakenteensa ansiosta taululla voi harrastaa erilaisia aktiviteetteja samanaikaisesti molemmilla puolilla, mik\u00e4 edist\u00e4\u00e4 ryhm\u00e4ty\u00f6skentely\u00e4. STEM-sein\u00e4, joka on varustettu vesirata-rakennussarjalla ja pumpulla, on loistava tapa kannustaa lapsia suunnittelemaan, rakentamaan ja ratkaisemaan ongelmia ulkona.<\/p>\n<p>PY\u00d6RI\u00c4 EI SIS\u00c4LLY TOIMITUKSEEN<\/p>\n<p>Ominaisuudet:<\/p>\n<p>* &#8211; Vapaasti seisova rakenne takaa maksimaalisen joustavuuden \u2013 lauta voidaan sijoittaa mihin tahansa ja siirt\u00e4\u00e4 ulos<br \/>\n* &#8211; Kaksipuolinen pinta mahdollistaa samanaikaiset oppimisteht\u00e4v\u00e4t ja pienryhm\u00e4ty\u00f6skentelyn, mik\u00e4 edist\u00e4\u00e4 viestint\u00e4\u00e4<br \/>\n* &#8211; Pinta on viimeistelty UV-, kosteus- ja homeenkest\u00e4v\u00e4ll\u00e4 lakalla<br \/>\n* &#8211; Yhteensopiva kaikkien STEM-taulun lis\u00e4varusteiden kanssa: hammaspy\u00f6r\u00e4t, py\u00f6r\u00e4t, hihnapy\u00f6r\u00e4t, ruuvit, tapit ja paljon muuta<\/p>\n<p>Taulu kehitt\u00e4\u00e4:<\/p>\n<p>* &#8211; Sosiaalisia taitoja<br \/>\n* &#8211; Luovuutta<br \/>\n* &#8211; Mielikuvitusta<br \/>\n* &#8211; Hienomotoriikkaa<\/p>\n<p>Sarja sis\u00e4lt\u00e4\u00e4:<\/p>\n<p>* &#8211; Puinen, vapaasti seisova STEM-lauta<br \/>\n* &#8211; 2 joustavaa putkea, 120 cm<br \/>\n* &#8211; 6 kovaa putkea, 25 cm<br \/>\n* &#8211; 8 j\u00e4ykk\u00e4\u00e4 putkea, 10 cm<br \/>\n* &#8211; 16 liitint\u00e4<br \/>\n* &#8211; 24 ruuvia<br \/>\n* &#8211; 12 venttiili\u00e4<br \/>\n* &#8211; 5 v\u00e4rillist\u00e4 palloa<br \/>\n* &#8211; 2 kannua<br \/>\n* &#8211; Suppilo<br \/>\n* &#8211; Hana<br \/>\n* &#8211; K\u00e4sik\u00e4ytt\u00f6inen vesipumppu<br \/>\n* &#8211; 4 kiinnitysruuvia<br \/>\n* &#8211; 2 joustavaa putkea, 100 cm<br \/>\n* &#8211; 50 cm joustava putki<\/p>\n<p>Sarjan osat:<\/p>\n<p>* &#8211; ME29348<br \/>\n* &#8211; ME14788<br \/>\n* &#8211; ME13149<\/p>\n<p>Levyn kanssa yhteensopivat osat (myyd\u00e4\u00e4n erikseen):<\/p>\n<p>* &#8211; V\u00e4rilliset tapit ME12746 ME14450 ME21113 ME21137 ME21120 ME21144<br \/>\n* &#8211; V\u00e4rilliset kiteet ME13989<br \/>\n* &#8211; V\u00e4rilliset narut tappien liitt\u00e4miseen ME14467<br \/>\n* &#8211; V\u00e4rilliset ruuvit ME20963 ME29911<br \/>\n* &#8211; Rakennuspalikat ME29027 ME29010 ME29089<br \/>\n* &#8211; Geometriset muodot ME14696 ME14702 ME14818 ME14825 ME31181<br \/>\n* &#8211; Hammaspy\u00f6r\u00e4t ja ketjut ME13460 ME24343 ME31204<br \/>\n* &#8211; Pallo- ja vesirata ME14788 ME14870 ME14665 ME15143 ME25043<br \/>\n* &#8211; Pumppusetti putkij\u00e4rjestelmien rakentamiseen ME13149<br \/>\n* &#8211; Kirjain- ja numerosarja ME30412 ME30429<br \/>\n* &#8211; S\u00e4ili\u00f6t ja tarvikkeet ME12845 ME16560 ME14672<br \/>\n* &#8211; Lukittavat py\u00f6r\u00e4t ME32539<\/p>\n","protected":false},"excerpt":{"rendered":"<p>Vapaasti seisova STEM-taulu on innovatiivinen opetustaulu, joka tarjoaa avoimen kent\u00e4n luovalle leikille ja oppimiselle. Lapset voivat k\u00e4ytt\u00e4\u00e4 sit\u00e4 luodakseen kuvia, mosaiikkeja, sekvenssej\u00e4, palloratoja, hammaspy\u00f6r\u00e4mekanismeja ja jopa vesiliukum\u00e4ki\u00e4. Kaksipuolisen rakenteensa ansiosta taululla voi harrastaa erilaisia aktiviteetteja samanaikaisesti molemmilla puolilla, mik\u00e4 edist\u00e4\u00e4 ryhm\u00e4ty\u00f6skentely\u00e4. STEM-sein\u00e4, joka on varustettu vesirata-rakennussarjalla ja pumpulla, on loistava tapa kannustaa lapsia suunnittelemaan, rakentamaan [&hellip;]<\/p>\n","protected":false},"featured_media":0,"comment_status":"open","ping_status":"closed","template":"","meta":[],"product_brand":[],"product_cat":[32],"product_tag":[],"class_list":{"0":"post-36064","1":"product","2":"type-product","3":"status-publish","5":"product_cat-uncategorized-fi","7":"first","8":"instock","9":"shipping-taxable","10":"purchasable","11":"product-type-simple"},"_links":{"self":[{"href":"https:\/\/nordicmart.andreevmaster.com\/fi\/wp-json\/wp\/v2\/product\/36064","targetHints":{"allow":["GET"]}}],"collection":[{"href":"https:\/\/nordicmart.andreevmaster.com\/fi\/wp-json\/wp\/v2\/product"}],"about":[{"href":"https:\/\/nordicmart.andreevmaster.com\/fi\/wp-json\/wp\/v2\/types\/product"}],"replies":[{"embeddable":true,"href":"https:\/\/nordicmart.andreevmaster.com\/fi\/wp-json\/wp\/v2\/comments?post=36064"}],"wp:attachment":[{"href":"https:\/\/nordicmart.andreevmaster.com\/fi\/wp-json\/wp\/v2\/media?parent=36064"}],"wp:term":[{"taxonomy":"product_brand","embeddable":true,"href":"https:\/\/nordicmart.andreevmaster.com\/fi\/wp-json\/wp\/v2\/product_brand?post=36064"},{"taxonomy":"product_cat","embeddable":true,"href":"https:\/\/nordicmart.andreevmaster.com\/fi\/wp-json\/wp\/v2\/product_cat?post=36064"},{"taxonomy":"product_tag","embeddable":true,"href":"https:\/\/nordicmart.andreevmaster.com\/fi\/wp-json\/wp\/v2\/product_tag?post=36064"}],"curies":[{"name":"wp","href":"https:\/\/api.w.org\/{rel}","templated":true}]}}