{"id":36063,"date":"2026-02-27T00:32:48","date_gmt":"2026-02-27T00:32:48","guid":{"rendered":"https:\/\/nordicmart.andreevmaster.com\/product\/masterkidz-puinen-stem-taulu-vapaasti-seisova-xxl-talon-muotoinen-tarvikkeet\/"},"modified":"2026-02-27T09:50:54","modified_gmt":"2026-02-27T09:50:54","slug":"masterkidz-puinen-stem-taulu-vapaasti-seisova-xxl-talon-muotoinen-tarvikkeet","status":"publish","type":"product","link":"https:\/\/nordicmart.andreevmaster.com\/fi\/tuote\/masterkidz-puinen-stem-taulu-vapaasti-seisova-xxl-talon-muotoinen-tarvikkeet\/","title":{"rendered":"MASTERKIDZ Puinen STEM-taulu, vapaasti seisova XXL-talon muotoinen + tarvikkeet"},"content":{"rendered":"<p>Vapaasti seisova talon muotoinen STEM-taulu on t\u00e4ydellinen johdanto STEM-maailmaan. Upea opettavainen ja tieteellinen paneeli, jota voi helposti siirt\u00e4\u00e4 py\u00f6rill\u00e4. T\u00e4m\u00e4n taulun avulla lapsesi oppii mekanismien, fysiikan, matematiikan ja monien muiden mielenkiintoisten asioiden maailmasta. Erityisten tapien ja v\u00e4rikk\u00e4iden elementtien avulla lapsesi voi luoda ainutlaatuisia rakenteita ja upeita malleja. Ominaisuudet:<\/p>\n<p>* &#8211; Vapaasti seisova STEM-taulu tarjoaa maksimaalisen joustavuuden k\u00e4yt\u00f6ss\u00e4 ja voidaan sijoittaa mihin tahansa<br \/>\n* &#8211; Lukittavien py\u00f6rien ansiosta taulun siirt\u00e4minen on nopeaa ja helppoa<br \/>\n* &#8211; STEM-taulu on kaksipuolinen, joten voit osallistuttaa lapset samanaikaisesti erilaisiin oppimisteht\u00e4viin tai pienryhm\u00e4ty\u00f6skentelyyn<br \/>\n* &#8211; Viimeistelty lakalla, joka tarjoaa erinomaisen suojan UV-s\u00e4teilylt\u00e4, tahroilta ja naarmuilta<br \/>\n* &#8211; Sopii kaikille STEM-elementeille \u2013 hammaspy\u00f6rille, py\u00f6rille, hihnapy\u00f6rille, ruuveille, tappeille jne.<\/p>\n<p>Setti sis\u00e4lt\u00e4\u00e4:<\/p>\n<p>* &#8211; Puinen STEM-lauta talon muodossa<br \/>\n* &#8211; 200 tappia pujotusta varten<br \/>\n* &#8211; 30 narua pujotusta varten (6 v\u00e4ri\u00e4, 1 metrin pituisia)<br \/>\n* &#8211; 64 geometrista tappia (4 muotoa, 6 v\u00e4ri\u00e4)<br \/>\n* &#8211; 72 timanttimuotoista tappia (6 v\u00e4ri\u00e4)<\/p>\n<p>Laudalla kehitet\u00e4\u00e4n:<\/p>\n<p>* &#8211; Sosiaalisia taitoja<br \/>\n* &#8211; Luovuutta<br \/>\n* &#8211; Mielikuvitusta<br \/>\n* &#8211; Hienomotoriikkaa<\/p>\n<p>Sarjan osat:<\/p>\n<p>* &#8211; ME29324<br \/>\n* &#8211; ME14825<br \/>\n* &#8211; ME13989<br \/>\n* &#8211; ME14467<\/p>\n<p>Lautaan sopivat osat (myyd\u00e4\u00e4n erikseen):<\/p>\n<p>* &#8211; V\u00e4rilliset tapit ME12746 ME14450 ME21113 ME21137 ME21120 ME21144<br \/>\n* &#8211; V\u00e4rilliset kristallit ME13989<br \/>\n* &#8211; V\u00e4rilliset narut tapien liitt\u00e4miseen ME14467<br \/>\n* &#8211; V\u00e4rilliset ruuvit ME20963 ME29911<br \/>\n* &#8211; Rakennuspalikat ME29027 ME29010 ME29089<br \/>\n* &#8211; Geometriset muodot ME14696 ME14702 ME14818 ME14825 ME31181<br \/>\n* &#8211; Hammaspy\u00f6r\u00e4t ja ketjut ME13460 ME24343 ME31204<br \/>\n* &#8211; Pallo- ja vesirata ME14788 ME14870 ME14665 ME15143 ME25043<br \/>\n* &#8211; Pumppusetti putkij\u00e4rjestelmien rakentamiseen ME13149<br \/>\n* &#8211; Kirjain- ja numerosarja ME30412 ME30429<br \/>\n* &#8211; S\u00e4ili\u00f6t ja tarvikkeet ME12845 ME16560 ME14672<\/p>\n","protected":false},"excerpt":{"rendered":"<p>Vapaasti seisova talon muotoinen STEM-taulu on t\u00e4ydellinen johdanto STEM-maailmaan. Upea opettavainen ja tieteellinen paneeli, jota voi helposti siirt\u00e4\u00e4 py\u00f6rill\u00e4. T\u00e4m\u00e4n taulun avulla lapsesi oppii mekanismien, fysiikan, matematiikan ja monien muiden mielenkiintoisten asioiden maailmasta. Erityisten tapien ja v\u00e4rikk\u00e4iden elementtien avulla lapsesi voi luoda ainutlaatuisia rakenteita ja upeita malleja. Ominaisuudet: * &#8211; Vapaasti seisova STEM-taulu tarjoaa maksimaalisen [&hellip;]<\/p>\n","protected":false},"featured_media":0,"comment_status":"open","ping_status":"closed","template":"","meta":[],"product_brand":[],"product_cat":[32],"product_tag":[],"class_list":{"0":"post-36063","1":"product","2":"type-product","3":"status-publish","5":"product_cat-uncategorized-fi","7":"first","8":"instock","9":"shipping-taxable","10":"purchasable","11":"product-type-simple"},"_links":{"self":[{"href":"https:\/\/nordicmart.andreevmaster.com\/fi\/wp-json\/wp\/v2\/product\/36063","targetHints":{"allow":["GET"]}}],"collection":[{"href":"https:\/\/nordicmart.andreevmaster.com\/fi\/wp-json\/wp\/v2\/product"}],"about":[{"href":"https:\/\/nordicmart.andreevmaster.com\/fi\/wp-json\/wp\/v2\/types\/product"}],"replies":[{"embeddable":true,"href":"https:\/\/nordicmart.andreevmaster.com\/fi\/wp-json\/wp\/v2\/comments?post=36063"}],"wp:attachment":[{"href":"https:\/\/nordicmart.andreevmaster.com\/fi\/wp-json\/wp\/v2\/media?parent=36063"}],"wp:term":[{"taxonomy":"product_brand","embeddable":true,"href":"https:\/\/nordicmart.andreevmaster.com\/fi\/wp-json\/wp\/v2\/product_brand?post=36063"},{"taxonomy":"product_cat","embeddable":true,"href":"https:\/\/nordicmart.andreevmaster.com\/fi\/wp-json\/wp\/v2\/product_cat?post=36063"},{"taxonomy":"product_tag","embeddable":true,"href":"https:\/\/nordicmart.andreevmaster.com\/fi\/wp-json\/wp\/v2\/product_tag?post=36063"}],"curies":[{"name":"wp","href":"https:\/\/api.w.org\/{rel}","templated":true}]}}