{"id":36061,"date":"2026-02-27T00:32:48","date_gmt":"2026-02-27T00:32:48","guid":{"rendered":"https:\/\/nordicmart.andreevmaster.com\/product\/masterkidz-puinen-montessori-stem-tyopaja-tyokaluilla-lisavarusteilla\/"},"modified":"2026-02-27T09:50:54","modified_gmt":"2026-02-27T09:50:54","slug":"masterkidz-puinen-montessori-stem-tyopaja-tyokaluilla-lisavarusteilla","status":"publish","type":"product","link":"https:\/\/nordicmart.andreevmaster.com\/fi\/tuote\/masterkidz-puinen-montessori-stem-tyopaja-tyokaluilla-lisavarusteilla\/","title":{"rendered":"MASTERKIDZ Puinen Montessori STEM -ty\u00f6paja ty\u00f6kaluilla + lis\u00e4varusteilla"},"content":{"rendered":"<p>Puinen STEM-koulutuspaja mahdollistaa luovan leikin ja oppimisen tieteen maailmasta. P\u00f6yd\u00e4ss\u00e4 on paneeli, johon voi asettaa v\u00e4rikk\u00e4it\u00e4 ja geometrisia tappeja, ruuveja ja hammaspy\u00f6ri\u00e4 tieteellisten kokeiden ja kauniiden kuvioiden luomiseksi. P\u00f6yd\u00e4n korkeus on 42,5 cm, ja se on suunniteltu 3-vuotiaille ja sit\u00e4 vanhemmille lapsille. Lapset haluavat luoda aidosti toimivia loogisia j\u00e4rjestelmi\u00e4 realistisilla ty\u00f6kaluilla. Ominaisuudet: * &#8211; Yhteensopiva kaikkien STEM-taulutarvikkeiden kanssa: hammaspy\u00f6r\u00e4t, py\u00f6r\u00e4t, hihnapy\u00f6r\u00e4t, ruuvit, tapit ja paljon muuta * &#8211; Sis\u00e4lt\u00e4\u00e4 s\u00e4ilytystelineen mukana toimitetuille ty\u00f6kaluille * &#8211; Reikill\u00e4 varustettu ty\u00f6pinta, jonka avulla voit vapaasti luoda omia malleja, asetteluja ja kokeiluja.* &#8211; Viimeistelty lakalla, joka tarjoaa erinomaisen suojan UV-s\u00e4teilylt\u00e4, tahroilta ja naarmuilta.<\/p>\n<p>Sarja sis\u00e4lt\u00e4\u00e4:<\/p>\n<p>* &#8211; Puinen STEM-ty\u00f6paja<br \/>\n* &#8211; Vasara<br \/>\n* &#8211; K\u00e4sisaha<br \/>\n* &#8211; Tasav\u00e4\u00e4nnin<br \/>\n* &#8211; Puinen harjoituslevy<br \/>\n* &#8211; Ruuvimeisseli<br \/>\n* &#8211; Porakone<br \/>\n* &#8211; Hylsysarja.* &#8211; Hammaspy\u00f6r\u00e4 kampiakselilla. * &#8211; 4 isoa hammaspy\u00f6r\u00e4\u00e4, joissa 16 hammasta. * &#8211; 8 hammaspy\u00f6r\u00e4\u00e4, joissa 12 hammasta. * &#8211; 4 pient\u00e4 hammaspy\u00f6r\u00e4\u00e4, joissa 6 hammasta. * &#8211; Pieni hihnapy\u00f6r\u00e4. * &#8211; Iso hihnapy\u00f6r\u00e4. * &#8211; Ketju, jonka pituutta voi s\u00e4\u00e4t\u00e4\u00e4. * &#8211; Hihna liikkuvien rakenteiden luomiseen.* &#8211; 34 erikoiskokoista ruuvia.<br \/>\n* &#8211; 20 mutteria ruuveille.<br \/>\n* &#8211; 2 aluslevy\u00e4 eri kokoisille hammaspy\u00f6rille.<br \/>\n* &#8211; 35 osasta koostuva pallorata-rakennussarja.<br \/>\n* &#8211; V\u00e4rik\u00e4s pallo<\/p>\n<p>Sarjan osat:<\/p>\n<p>* &#8211; ME29584<br \/>\n* &#8211; ME31136<\/p>\n<p>Lelu kehitt\u00e4\u00e4:<\/p>\n<p>* &#8211; K\u00e4sien motorisia taitoja<br \/>\n* &#8211; Luovuutta<br \/>\n* &#8211; Mielikuvitusta<br \/>\n* &#8211; Hienomotoriikkaa<\/p>\n<p>Ty\u00f6pajaan yhteensopivat osat (myyd\u00e4\u00e4n erikseen):<\/p>\n<p>* &#8211; V\u00e4rikk\u00e4\u00e4t tapit ME12746 ME14450 ME21113 ME21137 ME21120 ME21144<br \/>\n* &#8211; V\u00e4rikk\u00e4\u00e4t kristallit ME13989<br \/>\n* &#8211; V\u00e4rilliset narut tapien yhdist\u00e4miseen ME14467<br \/>\n* &#8211; V\u00e4rilliset ruuvit ME20963 ME29911<br \/>\n* &#8211; Geometriset muodot ME14696 ME14702 ME14818 ME14825 ME31181<br \/>\n* &#8211; Hammaspy\u00f6r\u00e4t ja ketjut ME13460 ME24343 ME31204<br \/>\n* &#8211; Kirjain- ja numerosetti ME30412 ME30429<br \/>\n* &#8211; S\u00e4ilytysastiat ja tarvikkeet ME12845 ME16560 ME14672<\/p>\n<p>&#8211; V\u00e4rilliset tapit ME12746 ME14450 ME21113 ME21137 ME21120 ME21144<\/p>\n<p>&#8211; V\u00e4rilliset kristallit ME13989<\/p>\n<p>&#8211; V\u00e4rikk\u00e4\u00e4t narut tappien yhdist\u00e4miseen ME14467<\/p>\n<p>&#8211; V\u00e4rikk\u00e4\u00e4t ruuvit ME20963 ME29911<\/p>\n<p>&#8211; Geometriset muodot ME14696 ME14702 ME14818 ME14825 ME31181<\/p>\n<p>&#8211; Hammaspy\u00f6r\u00e4t ja ketjut ME13460 ME24343 ME31204<\/p>\n<p>&#8211; Kirjain- ja numerosetti ME30412 ME30429<\/p>\n<p>&#8211; S\u00e4ilytysastiat ja tarvikkeet ME12845 ME16560 ME14672<\/p>\n","protected":false},"excerpt":{"rendered":"<p>Puinen STEM-koulutuspaja mahdollistaa luovan leikin ja oppimisen tieteen maailmasta. P\u00f6yd\u00e4ss\u00e4 on paneeli, johon voi asettaa v\u00e4rikk\u00e4it\u00e4 ja geometrisia tappeja, ruuveja ja hammaspy\u00f6ri\u00e4 tieteellisten kokeiden ja kauniiden kuvioiden luomiseksi. P\u00f6yd\u00e4n korkeus on 42,5 cm, ja se on suunniteltu 3-vuotiaille ja sit\u00e4 vanhemmille lapsille. Lapset haluavat luoda aidosti toimivia loogisia j\u00e4rjestelmi\u00e4 realistisilla ty\u00f6kaluilla. Ominaisuudet: * &#8211; Yhteensopiva [&hellip;]<\/p>\n","protected":false},"featured_media":0,"comment_status":"open","ping_status":"closed","template":"","meta":[],"product_brand":[],"product_cat":[32],"product_tag":[],"class_list":{"0":"post-36061","1":"product","2":"type-product","3":"status-publish","5":"product_cat-uncategorized-fi","7":"first","8":"instock","9":"shipping-taxable","10":"purchasable","11":"product-type-simple"},"_links":{"self":[{"href":"https:\/\/nordicmart.andreevmaster.com\/fi\/wp-json\/wp\/v2\/product\/36061","targetHints":{"allow":["GET"]}}],"collection":[{"href":"https:\/\/nordicmart.andreevmaster.com\/fi\/wp-json\/wp\/v2\/product"}],"about":[{"href":"https:\/\/nordicmart.andreevmaster.com\/fi\/wp-json\/wp\/v2\/types\/product"}],"replies":[{"embeddable":true,"href":"https:\/\/nordicmart.andreevmaster.com\/fi\/wp-json\/wp\/v2\/comments?post=36061"}],"wp:attachment":[{"href":"https:\/\/nordicmart.andreevmaster.com\/fi\/wp-json\/wp\/v2\/media?parent=36061"}],"wp:term":[{"taxonomy":"product_brand","embeddable":true,"href":"https:\/\/nordicmart.andreevmaster.com\/fi\/wp-json\/wp\/v2\/product_brand?post=36061"},{"taxonomy":"product_cat","embeddable":true,"href":"https:\/\/nordicmart.andreevmaster.com\/fi\/wp-json\/wp\/v2\/product_cat?post=36061"},{"taxonomy":"product_tag","embeddable":true,"href":"https:\/\/nordicmart.andreevmaster.com\/fi\/wp-json\/wp\/v2\/product_tag?post=36061"}],"curies":[{"name":"wp","href":"https:\/\/api.w.org\/{rel}","templated":true}]}}