{"id":36059,"date":"2026-02-27T00:32:47","date_gmt":"2026-02-27T00:32:47","guid":{"rendered":"https:\/\/nordicmart.andreevmaster.com\/product\/masterkidz-joustava-pallorata-kumiset-rakennuspalikat-98-kappaletta\/"},"modified":"2026-02-27T09:50:54","modified_gmt":"2026-02-27T09:50:54","slug":"masterkidz-joustava-pallorata-kumiset-rakennuspalikat-98-kappaletta","status":"publish","type":"product","link":"https:\/\/nordicmart.andreevmaster.com\/fi\/tuote\/masterkidz-joustava-pallorata-kumiset-rakennuspalikat-98-kappaletta\/","title":{"rendered":"MASTERKIDZ Joustava pallorata + kumiset rakennuspalikat, 98 kappaletta"},"content":{"rendered":"<p>* &#8211; Rakenna omat radat ja kokeile painovoimaa.<br \/>\n* &#8211; Rakennuspalikat ja joustava rata ovat t\u00e4ysin turvallisia lapsille.<br \/>\n* &#8211; Sopii erinomaisesti sis\u00e4- ja ulkok\u00e4ytt\u00f6\u00f6n.<br \/>\n* &#8211; Edist\u00e4\u00e4 loogista ajattelua, yhteisty\u00f6t\u00e4 ja kokeilemista.<\/p>\n<p>* &#8211; 96 rakennuspalikkaa 3 eri koossa ja v\u00e4riss\u00e4<br \/>\n* &#8211; 2 joustavaa rataa, pituudet 2 m ja 3 m<\/p>\n<p>Lelu kehitt\u00e4\u00e4:<\/p>\n<p>* &#8211; Luovuutta<br \/>\n* &#8211; Mielikuvitusta<br \/>\n* &#8211; Itsen\u00e4isyytt\u00e4<br \/>\n* &#8211; Motorisia taitoja<\/p>\n","protected":false},"excerpt":{"rendered":"<p>* &#8211; Rakenna omat radat ja kokeile painovoimaa. * &#8211; Rakennuspalikat ja joustava rata ovat t\u00e4ysin turvallisia lapsille. * &#8211; Sopii erinomaisesti sis\u00e4- ja ulkok\u00e4ytt\u00f6\u00f6n. * &#8211; Edist\u00e4\u00e4 loogista ajattelua, yhteisty\u00f6t\u00e4 ja kokeilemista. * &#8211; 96 rakennuspalikkaa 3 eri koossa ja v\u00e4riss\u00e4 * &#8211; 2 joustavaa rataa, pituudet 2 m ja 3 m Lelu kehitt\u00e4\u00e4: [&hellip;]<\/p>\n","protected":false},"featured_media":0,"comment_status":"open","ping_status":"closed","template":"","meta":[],"product_brand":[],"product_cat":[32],"product_tag":[],"class_list":{"0":"post-36059","1":"product","2":"type-product","3":"status-publish","5":"product_cat-uncategorized-fi","7":"first","8":"instock","9":"shipping-taxable","10":"purchasable","11":"product-type-simple"},"_links":{"self":[{"href":"https:\/\/nordicmart.andreevmaster.com\/fi\/wp-json\/wp\/v2\/product\/36059","targetHints":{"allow":["GET"]}}],"collection":[{"href":"https:\/\/nordicmart.andreevmaster.com\/fi\/wp-json\/wp\/v2\/product"}],"about":[{"href":"https:\/\/nordicmart.andreevmaster.com\/fi\/wp-json\/wp\/v2\/types\/product"}],"replies":[{"embeddable":true,"href":"https:\/\/nordicmart.andreevmaster.com\/fi\/wp-json\/wp\/v2\/comments?post=36059"}],"wp:attachment":[{"href":"https:\/\/nordicmart.andreevmaster.com\/fi\/wp-json\/wp\/v2\/media?parent=36059"}],"wp:term":[{"taxonomy":"product_brand","embeddable":true,"href":"https:\/\/nordicmart.andreevmaster.com\/fi\/wp-json\/wp\/v2\/product_brand?post=36059"},{"taxonomy":"product_cat","embeddable":true,"href":"https:\/\/nordicmart.andreevmaster.com\/fi\/wp-json\/wp\/v2\/product_cat?post=36059"},{"taxonomy":"product_tag","embeddable":true,"href":"https:\/\/nordicmart.andreevmaster.com\/fi\/wp-json\/wp\/v2\/product_tag?post=36059"}],"curies":[{"name":"wp","href":"https:\/\/api.w.org\/{rel}","templated":true}]}}