{"id":36058,"date":"2026-02-27T00:32:47","date_gmt":"2026-02-27T00:32:47","guid":{"rendered":"https:\/\/nordicmart.andreevmaster.com\/product\/masterkidz-4-puolinen-lapinakyva-akryylimaalauslevy-kupit\/"},"modified":"2026-02-27T09:50:53","modified_gmt":"2026-02-27T09:50:53","slug":"masterkidz-4-puolinen-lapinakyva-akryylimaalauslevy-kupit","status":"publish","type":"product","link":"https:\/\/nordicmart.andreevmaster.com\/fi\/tuote\/masterkidz-4-puolinen-lapinakyva-akryylimaalauslevy-kupit\/","title":{"rendered":"MASTERKIDZ 4-puolinen l\u00e4pin\u00e4kyv\u00e4 akryylimaalauslevy + kupit"},"content":{"rendered":"<p>L\u00e4pin\u00e4kyv\u00e4 akryylimaalauslevy on loistava ratkaisu maalausta rakastaville lapsille. Sen avulla he voivat luoda omia taideteoksiaan vesiv\u00e4reill\u00e4 tai akryyliv\u00e4reill\u00e4, ja v\u00e4rit n\u00e4kyv\u00e4t t\u00e4ydellisesti. Maalien s\u00e4ilytykseen sopivat erinomaisesti muovikupit, joissa on erityinen suljin, joka est\u00e4\u00e4 maaleja kuivumasta ja jotka sopivat erityisiin aukkoihin. L\u00e4pin\u00e4kyv\u00e4n pinnan ansiosta lapset voivat n\u00e4hd\u00e4 sen l\u00e4pi ja maalata n\u00e4kem\u00e4ns\u00e4 \u2013 maisemia, esineit\u00e4 tai jopa toisella puolella seisovia yst\u00e4vi\u00e4. Kun leikki on ohi, kuva voidaan pyyhki\u00e4 helposti pois, jolloin pinta on uudelleen k\u00e4ytett\u00e4viss\u00e4. Ominaisuudet: * &#8211; 4-puolinen maalausteline, jonka avulla useat lapset voivat maalata samanaikaisesti.* &#8211; Erilliset paikat maaleille, vesis\u00e4ili\u00f6ille ja siveltimille jokaisella ty\u00f6pisteell\u00e4. * &#8211; Mukana 20 kuppia (ME32287) * &#8211; Mukana suuri l\u00e4pin\u00e4kyv\u00e4 akryylipinta, joka sopii erinomaisesti maalaamiseen. * &#8211; Vedenkest\u00e4v\u00e4 rakenne, UV-, home- ja lahonkest\u00e4v\u00e4 \u2013 sopii erinomaisesti ulkok\u00e4ytt\u00f6\u00f6n.* &#8211; Se on t\u00e4ydellinen ratkaisu pienille taiteilijoille, sill\u00e4 se yhdist\u00e4\u00e4 luovuuden, toiminnallisuuden ja k\u00e4yt\u00e4nn\u00f6llisyyden! Lelu kehitt\u00e4\u00e4:* &#8211; Luovuutta ja mielikuvitusta* &#8211; Opettaa kokeilemaan v\u00e4rej\u00e4 ja maalaustekniikoita* &#8211; Tukee visuaalisen havainnoinnin ja motorisen koordinaation kehityst\u00e4* &#8211; Kannustaa yhteisty\u00f6h\u00f6n ja yhdess\u00e4 leikkimiseen<\/p>\n","protected":false},"excerpt":{"rendered":"<p>L\u00e4pin\u00e4kyv\u00e4 akryylimaalauslevy on loistava ratkaisu maalausta rakastaville lapsille. Sen avulla he voivat luoda omia taideteoksiaan vesiv\u00e4reill\u00e4 tai akryyliv\u00e4reill\u00e4, ja v\u00e4rit n\u00e4kyv\u00e4t t\u00e4ydellisesti. Maalien s\u00e4ilytykseen sopivat erinomaisesti muovikupit, joissa on erityinen suljin, joka est\u00e4\u00e4 maaleja kuivumasta ja jotka sopivat erityisiin aukkoihin. L\u00e4pin\u00e4kyv\u00e4n pinnan ansiosta lapset voivat n\u00e4hd\u00e4 sen l\u00e4pi ja maalata n\u00e4kem\u00e4ns\u00e4 \u2013 maisemia, esineit\u00e4 tai [&hellip;]<\/p>\n","protected":false},"featured_media":0,"comment_status":"open","ping_status":"closed","template":"","meta":[],"product_brand":[],"product_cat":[32],"product_tag":[],"class_list":{"0":"post-36058","1":"product","2":"type-product","3":"status-publish","5":"product_cat-uncategorized-fi","7":"first","8":"instock","9":"shipping-taxable","10":"purchasable","11":"product-type-simple"},"_links":{"self":[{"href":"https:\/\/nordicmart.andreevmaster.com\/fi\/wp-json\/wp\/v2\/product\/36058","targetHints":{"allow":["GET"]}}],"collection":[{"href":"https:\/\/nordicmart.andreevmaster.com\/fi\/wp-json\/wp\/v2\/product"}],"about":[{"href":"https:\/\/nordicmart.andreevmaster.com\/fi\/wp-json\/wp\/v2\/types\/product"}],"replies":[{"embeddable":true,"href":"https:\/\/nordicmart.andreevmaster.com\/fi\/wp-json\/wp\/v2\/comments?post=36058"}],"wp:attachment":[{"href":"https:\/\/nordicmart.andreevmaster.com\/fi\/wp-json\/wp\/v2\/media?parent=36058"}],"wp:term":[{"taxonomy":"product_brand","embeddable":true,"href":"https:\/\/nordicmart.andreevmaster.com\/fi\/wp-json\/wp\/v2\/product_brand?post=36058"},{"taxonomy":"product_cat","embeddable":true,"href":"https:\/\/nordicmart.andreevmaster.com\/fi\/wp-json\/wp\/v2\/product_cat?post=36058"},{"taxonomy":"product_tag","embeddable":true,"href":"https:\/\/nordicmart.andreevmaster.com\/fi\/wp-json\/wp\/v2\/product_tag?post=36058"}],"curies":[{"name":"wp","href":"https:\/\/api.w.org\/{rel}","templated":true}]}}