{"id":36057,"date":"2026-02-27T00:32:46","date_gmt":"2026-02-27T00:32:46","guid":{"rendered":"https:\/\/nordicmart.andreevmaster.com\/product\/masterkidz-lapinakyva-akryylimaalauslevy-kupit\/"},"modified":"2026-02-27T09:50:53","modified_gmt":"2026-02-27T09:50:53","slug":"masterkidz-lapinakyva-akryylimaalauslevy-kupit","status":"publish","type":"product","link":"https:\/\/nordicmart.andreevmaster.com\/fi\/tuote\/masterkidz-lapinakyva-akryylimaalauslevy-kupit\/","title":{"rendered":"MASTERKIDZ L\u00e4pin\u00e4kyv\u00e4 akryylimaalauslevy + kupit"},"content":{"rendered":"<p>L\u00e4pin\u00e4kyv\u00e4 akryylimaalauslevy ja kupit on loistava ratkaisu maalausta rakastaville lapsille. Sen avulla he voivat luoda omia taideteoksiaan vesiv\u00e4reill\u00e4 tai akryyliv\u00e4reill\u00e4, ja v\u00e4rit n\u00e4kyv\u00e4t t\u00e4ydellisesti. Muovikupit, joissa on erityinen suljin, joka est\u00e4\u00e4 maaleja kuivumasta, ovat t\u00e4ydellisi\u00e4 maalin s\u00e4ilytykseen ja sopivat niille tarkoitettuihin aukkoihin. L\u00e4pin\u00e4kyv\u00e4n pinnan ansiosta lapset voivat n\u00e4hd\u00e4 sen l\u00e4pi ja maalata n\u00e4kem\u00e4ns\u00e4 \u2013 maisemia, esineit\u00e4 tai jopa toisella puolella seisovia yst\u00e4vi\u00e4. Kun leikki on ohi, kuva voidaan pyyhki\u00e4 helposti pois, jolloin pinta on uudelleen k\u00e4ytett\u00e4viss\u00e4. <\/p>\n<p>ME32539 lukittavat py\u00f6r\u00e4t voidaan ostaa erikseen, jotta kuljetus huoneiden ja ulkotilojen v\u00e4lill\u00e4 on helpompaa. <\/p>\n<p>Ominaisuudet: <\/p>\n<p>* &#8211; Sis\u00e4lt\u00e4\u00e4 suuren l\u00e4pin\u00e4kyv\u00e4n akryylipinnan, joka on ihanteellinen maalaamiseen.* &#8211; Erityiset paikat maaleille, vesis\u00e4ili\u00f6ille ja siveltimille.<br \/>\n* &#8211; Mukana 20 kuppia (ME32287)<br \/>\n* &#8211; Vedenpit\u00e4v\u00e4 rakenne, UV-, home- ja lahoamiskest\u00e4v\u00e4 \u2013 t\u00e4ydellinen ulkok\u00e4ytt\u00f6\u00f6n.<br \/>\n* &#8211; T\u00e4ydellinen ratkaisu pienille taiteilijoille, jossa yhdistyv\u00e4t luovuus, toiminnallisuus ja k\u00e4yt\u00e4nn\u00f6llisyys!<br \/>\n* &#8211; Maalauspinta on yl\u00e4vartalon korkeudella \u2013 ihanteellinen vanhemmille lapsille<\/p>\n<p>Lelu kehitt\u00e4\u00e4:<\/p>\n<p>* &#8211; Kehitt\u00e4\u00e4 luovuutta ja mielikuvitusta<br \/>\n* &#8211; Opettaa kokeilemaan v\u00e4rej\u00e4 ja maalaustekniikoita<br \/>\n* &#8211; Tukee visuaalisen havainnoinnin ja motorisen koordinaation kehityst\u00e4<br \/>\n* &#8211; Kannustaa yhteisty\u00f6h\u00f6n ja yhdess\u00e4 leikkimiseen<\/p>\n","protected":false},"excerpt":{"rendered":"<p>L\u00e4pin\u00e4kyv\u00e4 akryylimaalauslevy ja kupit on loistava ratkaisu maalausta rakastaville lapsille. Sen avulla he voivat luoda omia taideteoksiaan vesiv\u00e4reill\u00e4 tai akryyliv\u00e4reill\u00e4, ja v\u00e4rit n\u00e4kyv\u00e4t t\u00e4ydellisesti. Muovikupit, joissa on erityinen suljin, joka est\u00e4\u00e4 maaleja kuivumasta, ovat t\u00e4ydellisi\u00e4 maalin s\u00e4ilytykseen ja sopivat niille tarkoitettuihin aukkoihin. L\u00e4pin\u00e4kyv\u00e4n pinnan ansiosta lapset voivat n\u00e4hd\u00e4 sen l\u00e4pi ja maalata n\u00e4kem\u00e4ns\u00e4 \u2013 maisemia, [&hellip;]<\/p>\n","protected":false},"featured_media":0,"comment_status":"open","ping_status":"closed","template":"","meta":[],"product_brand":[],"product_cat":[32],"product_tag":[],"class_list":{"0":"post-36057","1":"product","2":"type-product","3":"status-publish","5":"product_cat-uncategorized-fi","7":"first","8":"instock","9":"shipping-taxable","10":"purchasable","11":"product-type-simple"},"_links":{"self":[{"href":"https:\/\/nordicmart.andreevmaster.com\/fi\/wp-json\/wp\/v2\/product\/36057","targetHints":{"allow":["GET"]}}],"collection":[{"href":"https:\/\/nordicmart.andreevmaster.com\/fi\/wp-json\/wp\/v2\/product"}],"about":[{"href":"https:\/\/nordicmart.andreevmaster.com\/fi\/wp-json\/wp\/v2\/types\/product"}],"replies":[{"embeddable":true,"href":"https:\/\/nordicmart.andreevmaster.com\/fi\/wp-json\/wp\/v2\/comments?post=36057"}],"wp:attachment":[{"href":"https:\/\/nordicmart.andreevmaster.com\/fi\/wp-json\/wp\/v2\/media?parent=36057"}],"wp:term":[{"taxonomy":"product_brand","embeddable":true,"href":"https:\/\/nordicmart.andreevmaster.com\/fi\/wp-json\/wp\/v2\/product_brand?post=36057"},{"taxonomy":"product_cat","embeddable":true,"href":"https:\/\/nordicmart.andreevmaster.com\/fi\/wp-json\/wp\/v2\/product_cat?post=36057"},{"taxonomy":"product_tag","embeddable":true,"href":"https:\/\/nordicmart.andreevmaster.com\/fi\/wp-json\/wp\/v2\/product_tag?post=36057"}],"curies":[{"name":"wp","href":"https:\/\/api.w.org\/{rel}","templated":true}]}}