{"id":36054,"date":"2026-02-27T00:32:46","date_gmt":"2026-02-27T00:32:46","guid":{"rendered":"https:\/\/nordicmart.andreevmaster.com\/product\/mini-kitara-rolling-stones-keith-richards\/"},"modified":"2026-02-27T09:50:53","modified_gmt":"2026-02-27T09:50:53","slug":"mini-kitara-rolling-stones-keith-richards","status":"publish","type":"product","link":"https:\/\/nordicmart.andreevmaster.com\/fi\/tuote\/mini-kitara-rolling-stones-keith-richards\/","title":{"rendered":"Mini &#8211; kitara &#8211; Rolling Stones -Keith Richards"},"content":{"rendered":"<p>Mini &#8211; kitara &#8211; Rolling Stones -Keith Richards &nbsp;&nbsp;Tuotetiedot:&nbsp;K\u00e4sintehty Mahonki Mitat: korkeus 27,5 cm x leveys 9 cm x syvyys 0,8 cm Mittakaava 1:4 Ker\u00e4ilykohde Blister-pakkaus Mukana kitarateline Kitara ei soi &#8211; se on koriste-esine Lahja Rolling Stonesin fanille&nbsp;&nbsp;Myyj\u00e4 ei ole mill\u00e4\u00e4n tavalla sidoksissa varsinaisten instrumenttien valmistajiin tai yksitt\u00e4isiin artisteihin. &nbsp;Mallinimet tai artistinimet ovat esimerkkej\u00e4. Tunnettuja nimi\u00e4 k\u00e4ytet\u00e4\u00e4n vain tietyn musiikkityylin esittelemiseen. Mik\u00e4\u00e4n instrumenteista ei ole mittasuhteiltaan, kooltaan tai muotoilultaan alkuper\u00e4isen kaltainen. &nbsp;&nbsp;<\/p>\n","protected":false},"excerpt":{"rendered":"<p>Mini &#8211; kitara &#8211; Rolling Stones -Keith Richards &nbsp;&nbsp;Tuotetiedot:&nbsp;K\u00e4sintehty Mahonki Mitat: korkeus 27,5 cm x leveys 9 cm x syvyys 0,8 cm Mittakaava 1:4 Ker\u00e4ilykohde Blister-pakkaus Mukana kitarateline Kitara ei soi &#8211; se on koriste-esine Lahja Rolling Stonesin fanille&nbsp;&nbsp;Myyj\u00e4 ei ole mill\u00e4\u00e4n tavalla sidoksissa varsinaisten instrumenttien valmistajiin tai yksitt\u00e4isiin artisteihin. &nbsp;Mallinimet tai artistinimet ovat esimerkkej\u00e4. [&hellip;]<\/p>\n","protected":false},"featured_media":44437,"comment_status":"open","ping_status":"closed","template":"","meta":[],"product_brand":[],"product_cat":[32],"product_tag":[],"class_list":{"0":"post-36054","1":"product","2":"type-product","3":"status-publish","4":"has-post-thumbnail","6":"product_cat-uncategorized-fi","8":"first","9":"instock","10":"shipping-taxable","11":"purchasable","12":"product-type-simple"},"_links":{"self":[{"href":"https:\/\/nordicmart.andreevmaster.com\/fi\/wp-json\/wp\/v2\/product\/36054","targetHints":{"allow":["GET"]}}],"collection":[{"href":"https:\/\/nordicmart.andreevmaster.com\/fi\/wp-json\/wp\/v2\/product"}],"about":[{"href":"https:\/\/nordicmart.andreevmaster.com\/fi\/wp-json\/wp\/v2\/types\/product"}],"replies":[{"embeddable":true,"href":"https:\/\/nordicmart.andreevmaster.com\/fi\/wp-json\/wp\/v2\/comments?post=36054"}],"wp:featuredmedia":[{"embeddable":true,"href":"https:\/\/nordicmart.andreevmaster.com\/fi\/wp-json\/wp\/v2\/media\/44437"}],"wp:attachment":[{"href":"https:\/\/nordicmart.andreevmaster.com\/fi\/wp-json\/wp\/v2\/media?parent=36054"}],"wp:term":[{"taxonomy":"product_brand","embeddable":true,"href":"https:\/\/nordicmart.andreevmaster.com\/fi\/wp-json\/wp\/v2\/product_brand?post=36054"},{"taxonomy":"product_cat","embeddable":true,"href":"https:\/\/nordicmart.andreevmaster.com\/fi\/wp-json\/wp\/v2\/product_cat?post=36054"},{"taxonomy":"product_tag","embeddable":true,"href":"https:\/\/nordicmart.andreevmaster.com\/fi\/wp-json\/wp\/v2\/product_tag?post=36054"}],"curies":[{"name":"wp","href":"https:\/\/api.w.org\/{rel}","templated":true}]}}