{"id":36053,"date":"2026-02-27T00:32:45","date_gmt":"2026-02-27T00:32:45","guid":{"rendered":"https:\/\/nordicmart.andreevmaster.com\/product\/masterkidz-pyorat-vapaasti-seisoville-stem-tauluille-4-kpl\/"},"modified":"2026-02-27T09:50:52","modified_gmt":"2026-02-27T09:50:52","slug":"masterkidz-pyorat-vapaasti-seisoville-stem-tauluille-4-kpl","status":"publish","type":"product","link":"https:\/\/nordicmart.andreevmaster.com\/fi\/tuote\/masterkidz-pyorat-vapaasti-seisoville-stem-tauluille-4-kpl\/","title":{"rendered":"MASTERKIDZ Py\u00f6r\u00e4t vapaasti seisoville STEM-tauluille, 4 kpl."},"content":{"rendered":"<p>Lautapy\u00f6r\u00e4t ovat t\u00e4ydellinen tuote, jonka avulla voit helposti siirt\u00e4\u00e4 lautaasi tarpeen mukaan. N\u00e4m\u00e4 korkealaatuiset py\u00f6r\u00e4t on suunniteltu ulko- ja sis\u00e4k\u00e4ytt\u00f6\u00f6n, ja ne tarjoavat vakautta ja liikkuvuutta, joten voit helposti siirt\u00e4\u00e4 lautaasi ilman turhaa vaivann\u00e4k\u00f6\u00e4.<\/p>\n<p>Ominaisuudet:<\/p>\n<p>* &#8211; Mukana 4 py\u00f6r\u00e4\u00e4<br \/>\n* &#8211; Py\u00f6riss\u00e4 on lukko, joka est\u00e4\u00e4 lautaa liikkumasta.* &#8211; Py\u00f6r\u00e4t ovat yleisk\u00e4ytt\u00f6isi\u00e4, joten ne sopivat useimpiin lautoihin.<\/p>\n","protected":false},"excerpt":{"rendered":"<p>Lautapy\u00f6r\u00e4t ovat t\u00e4ydellinen tuote, jonka avulla voit helposti siirt\u00e4\u00e4 lautaasi tarpeen mukaan. N\u00e4m\u00e4 korkealaatuiset py\u00f6r\u00e4t on suunniteltu ulko- ja sis\u00e4k\u00e4ytt\u00f6\u00f6n, ja ne tarjoavat vakautta ja liikkuvuutta, joten voit helposti siirt\u00e4\u00e4 lautaasi ilman turhaa vaivann\u00e4k\u00f6\u00e4. Ominaisuudet: * &#8211; Mukana 4 py\u00f6r\u00e4\u00e4 * &#8211; Py\u00f6riss\u00e4 on lukko, joka est\u00e4\u00e4 lautaa liikkumasta.* &#8211; Py\u00f6r\u00e4t ovat yleisk\u00e4ytt\u00f6isi\u00e4, joten ne [&hellip;]<\/p>\n","protected":false},"featured_media":0,"comment_status":"open","ping_status":"closed","template":"","meta":[],"product_brand":[],"product_cat":[32],"product_tag":[],"class_list":{"0":"post-36053","1":"product","2":"type-product","3":"status-publish","5":"product_cat-uncategorized-fi","7":"first","8":"instock","9":"shipping-taxable","10":"purchasable","11":"product-type-simple"},"_links":{"self":[{"href":"https:\/\/nordicmart.andreevmaster.com\/fi\/wp-json\/wp\/v2\/product\/36053","targetHints":{"allow":["GET"]}}],"collection":[{"href":"https:\/\/nordicmart.andreevmaster.com\/fi\/wp-json\/wp\/v2\/product"}],"about":[{"href":"https:\/\/nordicmart.andreevmaster.com\/fi\/wp-json\/wp\/v2\/types\/product"}],"replies":[{"embeddable":true,"href":"https:\/\/nordicmart.andreevmaster.com\/fi\/wp-json\/wp\/v2\/comments?post=36053"}],"wp:attachment":[{"href":"https:\/\/nordicmart.andreevmaster.com\/fi\/wp-json\/wp\/v2\/media?parent=36053"}],"wp:term":[{"taxonomy":"product_brand","embeddable":true,"href":"https:\/\/nordicmart.andreevmaster.com\/fi\/wp-json\/wp\/v2\/product_brand?post=36053"},{"taxonomy":"product_cat","embeddable":true,"href":"https:\/\/nordicmart.andreevmaster.com\/fi\/wp-json\/wp\/v2\/product_cat?post=36053"},{"taxonomy":"product_tag","embeddable":true,"href":"https:\/\/nordicmart.andreevmaster.com\/fi\/wp-json\/wp\/v2\/product_tag?post=36053"}],"curies":[{"name":"wp","href":"https:\/\/api.w.org\/{rel}","templated":true}]}}