{"id":36052,"date":"2026-02-27T00:32:45","date_gmt":"2026-02-27T00:32:45","guid":{"rendered":"https:\/\/nordicmart.andreevmaster.com\/product\/masterkidz-mix-gear-set-for-stem-wall-panels-198-pcs-2\/"},"modified":"2026-02-27T09:50:52","modified_gmt":"2026-02-27T09:50:52","slug":"masterkidz-mix-gear-set-for-stem-wall-panels-198-pcs-2","status":"publish","type":"product","link":"https:\/\/nordicmart.andreevmaster.com\/fi\/tuote\/masterkidz-mix-gear-set-for-stem-wall-panels-198-pcs-2\/","title":{"rendered":"MASTERKIDZ Mix Gear Set for STEM Wall Panels, 198 pcs."},"content":{"rendered":"<p>V\u00e4rikk\u00e4iden hammaspy\u00f6rien ja vaihteiden sarja, jonka avulla voit rakentaa monimutkaisia mekanismeja. Lelu kiinnitet\u00e4\u00e4n Masterkidz STEM Science and Creative Board -tauluun erityisill\u00e4 Masterkidz-ruuveilla. Vaihteilla leikkiminen parantaa lasten motorisia taitoja, loogista ajattelua ja luovuutta.Ominaisuudet: <\/p>\n<p>* &#8211; Lapset rakastavat hammaspy\u00f6ri\u00e4 ja mekanismeja. Ne ovat kiehtovia \u2013 ne py\u00f6riv\u00e4t ja sopivat yhteen. Ne toimivat kuin yksi organismi. T\u00e4llaisten mekanismien toiminnan seuraaminen antaa paljon tyydytyst\u00e4 ja hauskuutta.* &#8211; Masterkidz-hammaspy\u00f6r\u00e4- ja hammaspy\u00f6r\u00e4sarja on suunniteltu asennettavaksi erityiseen Masterkidz STEM -j\u00e4rjestelm\u00e4\u00e4n. Jokainen haluttu elementti kiinnitet\u00e4\u00e4n opetussein\u00e4\u00e4n Masterkidz-lasten ty\u00f6kaluille sopivilla erityisruuveilla. Sarja sis\u00e4lt\u00e4\u00e4 198 elementti\u00e4: &#8211; Hammaspy\u00f6r\u00e4ketju<br \/>\n* &#8211; 2 hihnapy\u00f6r\u00e4n hihnaa<br \/>\n* &#8211; 6 valkoista tappia<br \/>\n* &#8211; 76 ruuvia (kolmessa eri koossa)<br \/>\n* &#8211; 40 mutteria<br \/>\n* &#8211; 16 L-muotoista kiinnikett\u00e4<br \/>\n* &#8211; 4 litte\u00e4\u00e4 kiinnikett\u00e4<br \/>\n* &#8211; 2 x t\u00e4ytetty\u00e4 STEM-paneelia<br \/>\n* &#8211; Tuulimylly<br \/>\n* &#8211; 3 x k\u00e4siruuvimeisseli<\/p>\n<p>Huomio! T\u00e4m\u00e4 on lis\u00e4varustesarja laudoille tai p\u00f6ydille. Kuvissa n\u00e4kyv\u00e4t laudat tai p\u00f6yd\u00e4t ovat saatavilla erikseen.<\/p>\n<p>Sarja on yhteensopiva seuraavien lautojen kanssa: ME25111; ME15365; ME11343.<\/p>\n","protected":false},"excerpt":{"rendered":"<p>V\u00e4rikk\u00e4iden hammaspy\u00f6rien ja vaihteiden sarja, jonka avulla voit rakentaa monimutkaisia mekanismeja. Lelu kiinnitet\u00e4\u00e4n Masterkidz STEM Science and Creative Board -tauluun erityisill\u00e4 Masterkidz-ruuveilla. Vaihteilla leikkiminen parantaa lasten motorisia taitoja, loogista ajattelua ja luovuutta.Ominaisuudet: * &#8211; Lapset rakastavat hammaspy\u00f6ri\u00e4 ja mekanismeja. Ne ovat kiehtovia \u2013 ne py\u00f6riv\u00e4t ja sopivat yhteen. Ne toimivat kuin yksi organismi. T\u00e4llaisten mekanismien [&hellip;]<\/p>\n","protected":false},"featured_media":0,"comment_status":"open","ping_status":"closed","template":"","meta":[],"product_brand":[],"product_cat":[32],"product_tag":[],"class_list":{"0":"post-36052","1":"product","2":"type-product","3":"status-publish","5":"product_cat-uncategorized-fi","7":"first","8":"instock","9":"shipping-taxable","10":"purchasable","11":"product-type-simple"},"_links":{"self":[{"href":"https:\/\/nordicmart.andreevmaster.com\/fi\/wp-json\/wp\/v2\/product\/36052","targetHints":{"allow":["GET"]}}],"collection":[{"href":"https:\/\/nordicmart.andreevmaster.com\/fi\/wp-json\/wp\/v2\/product"}],"about":[{"href":"https:\/\/nordicmart.andreevmaster.com\/fi\/wp-json\/wp\/v2\/types\/product"}],"replies":[{"embeddable":true,"href":"https:\/\/nordicmart.andreevmaster.com\/fi\/wp-json\/wp\/v2\/comments?post=36052"}],"wp:attachment":[{"href":"https:\/\/nordicmart.andreevmaster.com\/fi\/wp-json\/wp\/v2\/media?parent=36052"}],"wp:term":[{"taxonomy":"product_brand","embeddable":true,"href":"https:\/\/nordicmart.andreevmaster.com\/fi\/wp-json\/wp\/v2\/product_brand?post=36052"},{"taxonomy":"product_cat","embeddable":true,"href":"https:\/\/nordicmart.andreevmaster.com\/fi\/wp-json\/wp\/v2\/product_cat?post=36052"},{"taxonomy":"product_tag","embeddable":true,"href":"https:\/\/nordicmart.andreevmaster.com\/fi\/wp-json\/wp\/v2\/product_tag?post=36052"}],"curies":[{"name":"wp","href":"https:\/\/api.w.org\/{rel}","templated":true}]}}