{"id":36051,"date":"2026-02-27T00:32:45","date_gmt":"2026-02-27T00:32:45","guid":{"rendered":"https:\/\/nordicmart.andreevmaster.com\/product\/masterkidz-geometristen-muotojen-sarja-seinapaneeleille-stem-260-kpl\/"},"modified":"2026-02-27T09:50:52","modified_gmt":"2026-02-27T09:50:52","slug":"masterkidz-geometristen-muotojen-sarja-seinapaneeleille-stem-260-kpl","status":"publish","type":"product","link":"https:\/\/nordicmart.andreevmaster.com\/fi\/tuote\/masterkidz-geometristen-muotojen-sarja-seinapaneeleille-stem-260-kpl\/","title":{"rendered":"MASTERKIDZ Geometristen muotojen sarja sein\u00e4paneeleille STEM 260 kpl."},"content":{"rendered":"<p>Sarja sis\u00e4lt\u00e4\u00e4 260 elementti\u00e4, jotka mahdollistavat luovan rakentamisen ja oppimisen STEM-alalla. Se koostuu erilaisista muodoista (neli\u00f6t, kolmiot, ympyr\u00e4t, puolipy\u00f6r\u00e4t) nelj\u00e4ss\u00e4 v\u00e4riss\u00e4 (punainen, vihre\u00e4, keltainen, sininen) ja suorista ja suorakulmaisista litteist\u00e4 nauhoista. Kaikissa elementeiss\u00e4 on rei\u00e4t, joiden avulla ne voidaan kiinnitt\u00e4\u00e4 pintaan ruuveilla. Lapset voivat luoda projekteja yksin tai ryhmiss\u00e4, oppien suunnittelemaan, valitsemaan elementtej\u00e4, lis\u00e4\u00e4m\u00e4\u00e4n yksityiskohtia ja hienos\u00e4\u00e4t\u00e4m\u00e4\u00e4n luomuksiaan. Sarja kehitt\u00e4\u00e4 matemaattisia, tilallisia ja luovia taitoja ja kannustaa symmetristen ja realististen mallien, kuten kukkien ja muiden rakenteiden, luomiseen. Sit\u00e4 voidaan k\u00e4ytt\u00e4\u00e4 erilaisissa ymp\u00e4rist\u00f6iss\u00e4, esimerkiksi STEM-seinill\u00e4, p\u00f6ydill\u00e4 tai k\u00e4rryill\u00e4.<br \/>\nSarja sis\u00e4lt\u00e4\u00e4:<br \/>\n* &#8211; 32 elementti\u00e4 2 v\u00e4riss\u00e4 ja 8 eri muodossa.<br \/>\n* &#8211; 14 elementti\u00e4 4 v\u00e4riss\u00e4 ja 5 eri muodossa.* &#8211; 96 ruuvia 6 eri v\u00e4riss\u00e4<br \/>\n* &#8211; 12 v\u00e4likappaletta<br \/>\n* &#8211; 40 mutteria<br \/>\n* &#8211; 2 ruuvimeisseli\u00e4<\/p>\n<p>Huomaa! T\u00e4m\u00e4 on lis\u00e4varustesarja levyille tai p\u00f6ydille. Kuvissa n\u00e4kyv\u00e4t levyt ja p\u00f6yd\u00e4t ovat saatavilla erikseen.<\/p>\n<p>Sarja on yhteensopiva seuraavien levyjen kanssa: ME25111; ME15365; ME11343.<\/p>\n","protected":false},"excerpt":{"rendered":"<p>Sarja sis\u00e4lt\u00e4\u00e4 260 elementti\u00e4, jotka mahdollistavat luovan rakentamisen ja oppimisen STEM-alalla. Se koostuu erilaisista muodoista (neli\u00f6t, kolmiot, ympyr\u00e4t, puolipy\u00f6r\u00e4t) nelj\u00e4ss\u00e4 v\u00e4riss\u00e4 (punainen, vihre\u00e4, keltainen, sininen) ja suorista ja suorakulmaisista litteist\u00e4 nauhoista. Kaikissa elementeiss\u00e4 on rei\u00e4t, joiden avulla ne voidaan kiinnitt\u00e4\u00e4 pintaan ruuveilla. Lapset voivat luoda projekteja yksin tai ryhmiss\u00e4, oppien suunnittelemaan, valitsemaan elementtej\u00e4, lis\u00e4\u00e4m\u00e4\u00e4n yksityiskohtia [&hellip;]<\/p>\n","protected":false},"featured_media":0,"comment_status":"open","ping_status":"closed","template":"","meta":[],"product_brand":[],"product_cat":[32],"product_tag":[],"class_list":{"0":"post-36051","1":"product","2":"type-product","3":"status-publish","5":"product_cat-uncategorized-fi","7":"first","8":"instock","9":"shipping-taxable","10":"purchasable","11":"product-type-simple"},"_links":{"self":[{"href":"https:\/\/nordicmart.andreevmaster.com\/fi\/wp-json\/wp\/v2\/product\/36051","targetHints":{"allow":["GET"]}}],"collection":[{"href":"https:\/\/nordicmart.andreevmaster.com\/fi\/wp-json\/wp\/v2\/product"}],"about":[{"href":"https:\/\/nordicmart.andreevmaster.com\/fi\/wp-json\/wp\/v2\/types\/product"}],"replies":[{"embeddable":true,"href":"https:\/\/nordicmart.andreevmaster.com\/fi\/wp-json\/wp\/v2\/comments?post=36051"}],"wp:attachment":[{"href":"https:\/\/nordicmart.andreevmaster.com\/fi\/wp-json\/wp\/v2\/media?parent=36051"}],"wp:term":[{"taxonomy":"product_brand","embeddable":true,"href":"https:\/\/nordicmart.andreevmaster.com\/fi\/wp-json\/wp\/v2\/product_brand?post=36051"},{"taxonomy":"product_cat","embeddable":true,"href":"https:\/\/nordicmart.andreevmaster.com\/fi\/wp-json\/wp\/v2\/product_cat?post=36051"},{"taxonomy":"product_tag","embeddable":true,"href":"https:\/\/nordicmart.andreevmaster.com\/fi\/wp-json\/wp\/v2\/product_tag?post=36051"}],"curies":[{"name":"wp","href":"https:\/\/api.w.org\/{rel}","templated":true}]}}