{"id":36050,"date":"2026-02-27T00:32:45","date_gmt":"2026-02-27T00:32:45","guid":{"rendered":"https:\/\/nordicmart.andreevmaster.com\/product\/masterkidz-stem-tyopoydan-lisavarustesarja-111-kpl\/"},"modified":"2026-02-27T09:50:52","modified_gmt":"2026-02-27T09:50:52","slug":"masterkidz-stem-tyopoydan-lisavarustesarja-111-kpl","status":"publish","type":"product","link":"https:\/\/nordicmart.andreevmaster.com\/fi\/tuote\/masterkidz-stem-tyopoydan-lisavarustesarja-111-kpl\/","title":{"rendered":"MASTERKIDZ STEM -ty\u00f6p\u00f6yd\u00e4n lis\u00e4varustesarja, 111 kpl."},"content":{"rendered":"<p>Sarja v\u00e4rikk\u00e4it\u00e4 hammaspy\u00f6ri\u00e4 ja vaihteita, joilla voi rakentaa monimutkaisia mekanismeja. Lelu kiinnitet\u00e4\u00e4n Masterkidz STEM -ty\u00f6p\u00f6yt\u00e4levyyn erityisill\u00e4 Masterkidz-ruuveilla. Vaihteilla leikkiminen parantaa lasten motorisia taitoja, loogista ajattelua ja luovuutta. <\/p>\n<p>* &#8211; Lapset rakastavat vaihteita ja mekanismeja. Ne ovat kiehtovia \u2013 ne py\u00f6riv\u00e4t ja sopivat yhteen. Ne toimivat kuin yksi organismi. T\u00e4llaisten mekanismien toiminnan seuraaminen antaa paljon tyydytyst\u00e4 ja hauskuutta.<br \/>\n* &#8211; Masterkidz-hammaspy\u00f6r\u00e4- ja hammasratassetti on suunniteltu asennettavaksi erityiseen Masterkidz STEM -j\u00e4rjestelm\u00e4\u00e4n. Jokainen haluttu elementti kiinnitet\u00e4\u00e4n opetussein\u00e4\u00e4n Masterkidz-lasten ty\u00f6kaluille sovitetuilla erityisruuveilla.<\/p>\n<p>Setti sis\u00e4lt\u00e4\u00e4:<\/p>\n<p>&#8211; 1 hammaspy\u00f6r\u00e4 kampiakselilla.<\/p>\n<p>&#8211; 4 isoa hammaspy\u00f6r\u00e4\u00e4, joissa on 16 hammasta.<\/p>\n<p>&#8211; 8 v\u00e4rillist\u00e4 hammaspy\u00f6r\u00e4\u00e4, joissa on 12 hammasta.<\/p>\n<p>&#8211; 4 v\u00e4rillist\u00e4 hammaspy\u00f6r\u00e4\u00e4, joissa on 6 hammasta.<\/p>\n<p>&#8211; Pituudeltaan s\u00e4\u00e4dett\u00e4v\u00e4 ketju.<\/p>\n<p>&#8211; Ketju liikkuvien rakenteiden luomiseen.<\/p>\n<p>&#8211; 34 erikoiskokoista ruuvia.<\/p>\n<p>&#8211; 20 mutteria ruuveille.- 2 aluslevy\u00e4 eri kokoisille hammaspy\u00f6rille. &#8211; Pallorata-rakennussarja, joka koostuu 35 osasta. &#8211; Pallo. Huomio! T\u00e4m\u00e4 on lis\u00e4varustesarja laudoille tai p\u00f6ydille. Kuvissa n\u00e4kyv\u00e4t laudat ja p\u00f6yd\u00e4t ovat saatavilla erikseen. Sarja on yhteensopiva tuotteiden ME29591 ja ME29584 kanssa.<\/p>\n","protected":false},"excerpt":{"rendered":"<p>Sarja v\u00e4rikk\u00e4it\u00e4 hammaspy\u00f6ri\u00e4 ja vaihteita, joilla voi rakentaa monimutkaisia mekanismeja. Lelu kiinnitet\u00e4\u00e4n Masterkidz STEM -ty\u00f6p\u00f6yt\u00e4levyyn erityisill\u00e4 Masterkidz-ruuveilla. Vaihteilla leikkiminen parantaa lasten motorisia taitoja, loogista ajattelua ja luovuutta. * &#8211; Lapset rakastavat vaihteita ja mekanismeja. Ne ovat kiehtovia \u2013 ne py\u00f6riv\u00e4t ja sopivat yhteen. Ne toimivat kuin yksi organismi. T\u00e4llaisten mekanismien toiminnan seuraaminen antaa paljon tyydytyst\u00e4 [&hellip;]<\/p>\n","protected":false},"featured_media":0,"comment_status":"open","ping_status":"closed","template":"","meta":[],"product_brand":[],"product_cat":[32],"product_tag":[],"class_list":{"0":"post-36050","1":"product","2":"type-product","3":"status-publish","5":"product_cat-uncategorized-fi","7":"first","8":"instock","9":"shipping-taxable","10":"purchasable","11":"product-type-simple"},"_links":{"self":[{"href":"https:\/\/nordicmart.andreevmaster.com\/fi\/wp-json\/wp\/v2\/product\/36050","targetHints":{"allow":["GET"]}}],"collection":[{"href":"https:\/\/nordicmart.andreevmaster.com\/fi\/wp-json\/wp\/v2\/product"}],"about":[{"href":"https:\/\/nordicmart.andreevmaster.com\/fi\/wp-json\/wp\/v2\/types\/product"}],"replies":[{"embeddable":true,"href":"https:\/\/nordicmart.andreevmaster.com\/fi\/wp-json\/wp\/v2\/comments?post=36050"}],"wp:attachment":[{"href":"https:\/\/nordicmart.andreevmaster.com\/fi\/wp-json\/wp\/v2\/media?parent=36050"}],"wp:term":[{"taxonomy":"product_brand","embeddable":true,"href":"https:\/\/nordicmart.andreevmaster.com\/fi\/wp-json\/wp\/v2\/product_brand?post=36050"},{"taxonomy":"product_cat","embeddable":true,"href":"https:\/\/nordicmart.andreevmaster.com\/fi\/wp-json\/wp\/v2\/product_cat?post=36050"},{"taxonomy":"product_tag","embeddable":true,"href":"https:\/\/nordicmart.andreevmaster.com\/fi\/wp-json\/wp\/v2\/product_tag?post=36050"}],"curies":[{"name":"wp","href":"https:\/\/api.w.org\/{rel}","templated":true}]}}