{"id":36048,"date":"2026-02-27T00:32:44","date_gmt":"2026-02-27T00:32:44","guid":{"rendered":"https:\/\/nordicmart.andreevmaster.com\/product\/masterkidz-lapinakyva-akryylimaalauslevy\/"},"modified":"2026-02-27T09:50:51","modified_gmt":"2026-02-27T09:50:51","slug":"masterkidz-lapinakyva-akryylimaalauslevy","status":"publish","type":"product","link":"https:\/\/nordicmart.andreevmaster.com\/fi\/tuote\/masterkidz-lapinakyva-akryylimaalauslevy\/","title":{"rendered":"MASTERKIDZ L\u00e4pin\u00e4kyv\u00e4 akryylimaalauslevy"},"content":{"rendered":"<p>L\u00e4pin\u00e4kyv\u00e4 akryylimaalauslevy on loistava ratkaisu maalausta rakastaville lapsille. Sen avulla he voivat luoda omia taideteoksiaan vesiv\u00e4reill\u00e4 tai akryyliv\u00e4reill\u00e4, ja v\u00e4rit n\u00e4kyv\u00e4t t\u00e4ydellisesti. L\u00e4pin\u00e4kyv\u00e4n pinnan ansiosta lapset voivat n\u00e4hd\u00e4 sen l\u00e4pi ja maalata n\u00e4kem\u00e4ns\u00e4 \u2013 maisemia, esineit\u00e4 tai jopa toisella puolella seisovia yst\u00e4vi\u00e4. Py\u00f6rien ansiosta levyj\u00e4 on helppo siirt\u00e4\u00e4, mik\u00e4 mahdollistaa helpon kuljetuksen luokkahuoneiden v\u00e4lill\u00e4 tai ulos. Kun leikkiaika on ohi, kuva voidaan pyyhki\u00e4 helposti pois, jolloin pinta on uudelleen k\u00e4ytett\u00e4viss\u00e4. Lukittavat py\u00f6r\u00e4t ME32539 ovat saatavilla ostettavaksi, mik\u00e4 helpottaa kuljetusta luokkahuoneiden ja ulkotilojen v\u00e4lill\u00e4. Ominaisuudet: * Sis\u00e4lt\u00e4\u00e4 suuren l\u00e4pin\u00e4kyv\u00e4n akryylipinnan maalaamista varten. * Ulottuu lattiaan asti, joten kaiken ik\u00e4iset lapset voivat ty\u00f6skennell\u00e4 mukavasti. &#8211; Vedenpit\u00e4v\u00e4 rakenne, kest\u00e4\u00e4 UV-s\u00e4teily\u00e4, hometta ja lahoamista \u2013 ihanteellinen ulkok\u00e4ytt\u00f6\u00f6n. Lelu kehitt\u00e4\u00e4: &#8211; Luovuutta ja mielikuvitusta. &#8211; Opettaa kokeilemaan v\u00e4rej\u00e4 ja maalaustekniikoita. &#8211; Tukee visuaalisen havainnoinnin ja motorisen koordinaation kehityst\u00e4. &#8211; Kannustaa yhteisty\u00f6h\u00f6n ja yhdess\u00e4 leikkimiseen.<\/p>\n","protected":false},"excerpt":{"rendered":"<p>L\u00e4pin\u00e4kyv\u00e4 akryylimaalauslevy on loistava ratkaisu maalausta rakastaville lapsille. Sen avulla he voivat luoda omia taideteoksiaan vesiv\u00e4reill\u00e4 tai akryyliv\u00e4reill\u00e4, ja v\u00e4rit n\u00e4kyv\u00e4t t\u00e4ydellisesti. L\u00e4pin\u00e4kyv\u00e4n pinnan ansiosta lapset voivat n\u00e4hd\u00e4 sen l\u00e4pi ja maalata n\u00e4kem\u00e4ns\u00e4 \u2013 maisemia, esineit\u00e4 tai jopa toisella puolella seisovia yst\u00e4vi\u00e4. Py\u00f6rien ansiosta levyj\u00e4 on helppo siirt\u00e4\u00e4, mik\u00e4 mahdollistaa helpon kuljetuksen luokkahuoneiden v\u00e4lill\u00e4 tai [&hellip;]<\/p>\n","protected":false},"featured_media":0,"comment_status":"open","ping_status":"closed","template":"","meta":[],"product_brand":[],"product_cat":[32],"product_tag":[],"class_list":{"0":"post-36048","1":"product","2":"type-product","3":"status-publish","5":"product_cat-uncategorized-fi","7":"first","8":"instock","9":"shipping-taxable","10":"purchasable","11":"product-type-simple"},"_links":{"self":[{"href":"https:\/\/nordicmart.andreevmaster.com\/fi\/wp-json\/wp\/v2\/product\/36048","targetHints":{"allow":["GET"]}}],"collection":[{"href":"https:\/\/nordicmart.andreevmaster.com\/fi\/wp-json\/wp\/v2\/product"}],"about":[{"href":"https:\/\/nordicmart.andreevmaster.com\/fi\/wp-json\/wp\/v2\/types\/product"}],"replies":[{"embeddable":true,"href":"https:\/\/nordicmart.andreevmaster.com\/fi\/wp-json\/wp\/v2\/comments?post=36048"}],"wp:attachment":[{"href":"https:\/\/nordicmart.andreevmaster.com\/fi\/wp-json\/wp\/v2\/media?parent=36048"}],"wp:term":[{"taxonomy":"product_brand","embeddable":true,"href":"https:\/\/nordicmart.andreevmaster.com\/fi\/wp-json\/wp\/v2\/product_brand?post=36048"},{"taxonomy":"product_cat","embeddable":true,"href":"https:\/\/nordicmart.andreevmaster.com\/fi\/wp-json\/wp\/v2\/product_cat?post=36048"},{"taxonomy":"product_tag","embeddable":true,"href":"https:\/\/nordicmart.andreevmaster.com\/fi\/wp-json\/wp\/v2\/product_tag?post=36048"}],"curies":[{"name":"wp","href":"https:\/\/api.w.org\/{rel}","templated":true}]}}