{"id":36047,"date":"2026-02-27T00:32:44","date_gmt":"2026-02-27T00:32:44","guid":{"rendered":"https:\/\/nordicmart.andreevmaster.com\/product\/masterkidz-laskemisen-ja-varien-oppimisen-palapeli-montessori-lajittelija\/"},"modified":"2026-02-27T09:50:51","modified_gmt":"2026-02-27T09:50:51","slug":"masterkidz-laskemisen-ja-varien-oppimisen-palapeli-montessori-lajittelija","status":"publish","type":"product","link":"https:\/\/nordicmart.andreevmaster.com\/fi\/tuote\/masterkidz-laskemisen-ja-varien-oppimisen-palapeli-montessori-lajittelija\/","title":{"rendered":"MASTERKIDZ Laskemisen ja v\u00e4rien oppimisen palapeli Montessori-lajittelija"},"content":{"rendered":"<p>T\u00e4m\u00e4 opettavainen lauta on loistava per\u00e4kk\u00e4in j\u00e4rjestett\u00e4v\u00e4 palapeli 2-vuotiaille ja sit\u00e4 vanhemmille lapsille. Sarja sis\u00e4lt\u00e4\u00e4 6 sarjaa v\u00e4rikk\u00e4it\u00e4 renkaita, joita voidaan k\u00e4ytt\u00e4\u00e4 leikkimiseen, v\u00e4rien oppimiseen, lajitteluun ja j\u00e4rjest\u00e4miseen. Lapset voivat j\u00e4rjest\u00e4\u00e4 renkaat tiettyyn j\u00e4rjestykseen tai luoda omia j\u00e4rjestyksi\u00e4. Tangon edess\u00e4 olevat tilat mahdollistavat j\u00e4rjestyspalikoiden j\u00e4rjest\u00e4misen, mik\u00e4 on haastavaa ja kehitt\u00e4\u00e4 keskittymiskyky\u00e4, tilan hahmottamista, loogista ajattelua ja v\u00e4rien tunnistamistaitoja. <\/p>\n<p>* &#8211; Lelu 2-vuotiaille ja sit\u00e4 vanhemmille.* &#8211; Sarja koostuu 30 v\u00e4rikk\u00e4\u00e4st\u00e4 renkaasta (6 sarjaa, joissa on 5 samanv\u00e4rist\u00e4 rengasta)<br \/>\n* &#8211; Auttaa lapsia ymm\u00e4rt\u00e4m\u00e4\u00e4n j\u00e4rjestyst\u00e4 ja v\u00e4rien yhdist\u00e4mist\u00e4<br \/>\n* &#8211; Puinen lajittelija v\u00e4rien tunnistamiseen ja laskemisen oppimiseen<\/p>\n<p>Lelu kehitt\u00e4\u00e4:<\/p>\n<p>* &#8211; motorisia taitoja<br \/>\n* &#8211; aistitaitoja<br \/>\n* &#8211; k\u00e4si-silm\u00e4-koordinaatiota<\/p>\n","protected":false},"excerpt":{"rendered":"<p>T\u00e4m\u00e4 opettavainen lauta on loistava per\u00e4kk\u00e4in j\u00e4rjestett\u00e4v\u00e4 palapeli 2-vuotiaille ja sit\u00e4 vanhemmille lapsille. Sarja sis\u00e4lt\u00e4\u00e4 6 sarjaa v\u00e4rikk\u00e4it\u00e4 renkaita, joita voidaan k\u00e4ytt\u00e4\u00e4 leikkimiseen, v\u00e4rien oppimiseen, lajitteluun ja j\u00e4rjest\u00e4miseen. Lapset voivat j\u00e4rjest\u00e4\u00e4 renkaat tiettyyn j\u00e4rjestykseen tai luoda omia j\u00e4rjestyksi\u00e4. Tangon edess\u00e4 olevat tilat mahdollistavat j\u00e4rjestyspalikoiden j\u00e4rjest\u00e4misen, mik\u00e4 on haastavaa ja kehitt\u00e4\u00e4 keskittymiskyky\u00e4, tilan hahmottamista, loogista ajattelua [&hellip;]<\/p>\n","protected":false},"featured_media":0,"comment_status":"open","ping_status":"closed","template":"","meta":[],"product_brand":[],"product_cat":[32],"product_tag":[],"class_list":{"0":"post-36047","1":"product","2":"type-product","3":"status-publish","5":"product_cat-uncategorized-fi","7":"first","8":"instock","9":"shipping-taxable","10":"purchasable","11":"product-type-simple"},"_links":{"self":[{"href":"https:\/\/nordicmart.andreevmaster.com\/fi\/wp-json\/wp\/v2\/product\/36047","targetHints":{"allow":["GET"]}}],"collection":[{"href":"https:\/\/nordicmart.andreevmaster.com\/fi\/wp-json\/wp\/v2\/product"}],"about":[{"href":"https:\/\/nordicmart.andreevmaster.com\/fi\/wp-json\/wp\/v2\/types\/product"}],"replies":[{"embeddable":true,"href":"https:\/\/nordicmart.andreevmaster.com\/fi\/wp-json\/wp\/v2\/comments?post=36047"}],"wp:attachment":[{"href":"https:\/\/nordicmart.andreevmaster.com\/fi\/wp-json\/wp\/v2\/media?parent=36047"}],"wp:term":[{"taxonomy":"product_brand","embeddable":true,"href":"https:\/\/nordicmart.andreevmaster.com\/fi\/wp-json\/wp\/v2\/product_brand?post=36047"},{"taxonomy":"product_cat","embeddable":true,"href":"https:\/\/nordicmart.andreevmaster.com\/fi\/wp-json\/wp\/v2\/product_cat?post=36047"},{"taxonomy":"product_tag","embeddable":true,"href":"https:\/\/nordicmart.andreevmaster.com\/fi\/wp-json\/wp\/v2\/product_tag?post=36047"}],"curies":[{"name":"wp","href":"https:\/\/api.w.org\/{rel}","templated":true}]}}