{"id":36046,"date":"2026-02-27T00:32:44","date_gmt":"2026-02-27T00:32:44","guid":{"rendered":"https:\/\/nordicmart.andreevmaster.com\/product\/masterkidz-numero-ja-merkkisarja-laskemisen-ja-matematiikan-oppimiseen-stem-seinapaneeleille-82-kappaletta\/"},"modified":"2026-02-27T09:50:51","modified_gmt":"2026-02-27T09:50:51","slug":"masterkidz-numero-ja-merkkisarja-laskemisen-ja-matematiikan-oppimiseen-stem-seinapaneeleille-82-kappaletta","status":"publish","type":"product","link":"https:\/\/nordicmart.andreevmaster.com\/fi\/tuote\/masterkidz-numero-ja-merkkisarja-laskemisen-ja-matematiikan-oppimiseen-stem-seinapaneeleille-82-kappaletta\/","title":{"rendered":"MASTERKIDZ Numero- ja merkkisarja laskemisen ja matematiikan oppimiseen STEM-sein\u00e4paneeleille, 82 kappaletta"},"content":{"rendered":"<p>82-osainen numerosetti laskemisen oppimiseen on kattava setti, joka on erinomainen apuv\u00e4line lasten matematiikan opetukseen. Se sis\u00e4lt\u00e4\u00e4 40 numeroa ja symbolia matemaattisia operaatioita ja yht\u00e4l\u00f6it\u00e4 varten, mik\u00e4 mahdollistaa yksinkertaisten aritmeettisten operaatioiden luomisen. Setin osat ovat riitt\u00e4v\u00e4n suuria, jotta niit\u00e4 on helppo pit\u00e4\u00e4 k\u00e4dess\u00e4 ja yhdistell\u00e4, ja niiden violetti v\u00e4ri her\u00e4tt\u00e4\u00e4 huomiota. Sarja sopii t\u00e4ydellisesti STEM-seiniin. Se auttaa lapsia oppimaan laskemaan, ymm\u00e4rt\u00e4m\u00e4\u00e4n numeroita ja suorittamaan perusmatemaattisia operaatioita, kuten yhteenlaskua, v\u00e4hennyslaskua, kertolaskua ja jakolaskua. Se on erinomainen ty\u00f6kalu nuorten oppilaiden matemaattisten taitojen kehitt\u00e4misen tukemiseen.Ominaisuudet:<\/p>\n<p>* &#8211; Palat ovat oikean kokoisia pienille k\u00e4sille ja sopivat mihin tahansa STEM-sein\u00e4\u00e4n tai STEM-pintaan.<br \/>\n* &#8211;  Ihanteellinen apuv\u00e4line laskemisen, kymmenj\u00e4rjestelm\u00e4n numeroiden ja<br \/>\n* &#8211; T\u00e4ydellinen k\u00e4ytett\u00e4v\u00e4ksi yksinkertaisissa numerotoiminnoissa &#8211; kertolaskussa, jakolaskussa, yhteenlaskussa ja v\u00e4hennyslaskussa.<\/p>\n<p>Sarja sis\u00e4lt\u00e4\u00e4:<\/p>\n<p>* &#8211; 40 numeroa (4 sarjaa 0:sta 9:\u00e4\u00e4n)<br \/>\n* &#8211; 4 sarjaa laskutoimitusten symboleja (+, -, x ja \/)<br \/>\n* &#8211; 8 yht\u00e4l\u00e4isyysmerkki\u00e4 (=)<br \/>\n* &#8211; 6 levy\u00e4<br \/>\n* &#8211; 12 ruuvia<\/p>\n<p>Huomio! T\u00e4m\u00e4 on lis\u00e4varustesarja tauluille tai p\u00f6ydille. Kuvissa n\u00e4kyv\u00e4t taulut ja p\u00f6yd\u00e4t ovat saatavilla erikseen. <\/p>\n<p>Sarja on yhteensopiva seuraavien taulujen kanssa: ME25111; ME15365; ME11343.<\/p>\n","protected":false},"excerpt":{"rendered":"<p>82-osainen numerosetti laskemisen oppimiseen on kattava setti, joka on erinomainen apuv\u00e4line lasten matematiikan opetukseen. Se sis\u00e4lt\u00e4\u00e4 40 numeroa ja symbolia matemaattisia operaatioita ja yht\u00e4l\u00f6it\u00e4 varten, mik\u00e4 mahdollistaa yksinkertaisten aritmeettisten operaatioiden luomisen. Setin osat ovat riitt\u00e4v\u00e4n suuria, jotta niit\u00e4 on helppo pit\u00e4\u00e4 k\u00e4dess\u00e4 ja yhdistell\u00e4, ja niiden violetti v\u00e4ri her\u00e4tt\u00e4\u00e4 huomiota. Sarja sopii t\u00e4ydellisesti STEM-seiniin. Se [&hellip;]<\/p>\n","protected":false},"featured_media":0,"comment_status":"open","ping_status":"closed","template":"","meta":[],"product_brand":[],"product_cat":[32],"product_tag":[],"class_list":{"0":"post-36046","1":"product","2":"type-product","3":"status-publish","5":"product_cat-uncategorized-fi","7":"first","8":"instock","9":"shipping-taxable","10":"purchasable","11":"product-type-simple"},"_links":{"self":[{"href":"https:\/\/nordicmart.andreevmaster.com\/fi\/wp-json\/wp\/v2\/product\/36046","targetHints":{"allow":["GET"]}}],"collection":[{"href":"https:\/\/nordicmart.andreevmaster.com\/fi\/wp-json\/wp\/v2\/product"}],"about":[{"href":"https:\/\/nordicmart.andreevmaster.com\/fi\/wp-json\/wp\/v2\/types\/product"}],"replies":[{"embeddable":true,"href":"https:\/\/nordicmart.andreevmaster.com\/fi\/wp-json\/wp\/v2\/comments?post=36046"}],"wp:attachment":[{"href":"https:\/\/nordicmart.andreevmaster.com\/fi\/wp-json\/wp\/v2\/media?parent=36046"}],"wp:term":[{"taxonomy":"product_brand","embeddable":true,"href":"https:\/\/nordicmart.andreevmaster.com\/fi\/wp-json\/wp\/v2\/product_brand?post=36046"},{"taxonomy":"product_cat","embeddable":true,"href":"https:\/\/nordicmart.andreevmaster.com\/fi\/wp-json\/wp\/v2\/product_cat?post=36046"},{"taxonomy":"product_tag","embeddable":true,"href":"https:\/\/nordicmart.andreevmaster.com\/fi\/wp-json\/wp\/v2\/product_tag?post=36046"}],"curies":[{"name":"wp","href":"https:\/\/api.w.org\/{rel}","templated":true}]}}