{"id":36045,"date":"2026-02-27T00:32:44","date_gmt":"2026-02-27T00:32:44","guid":{"rendered":"https:\/\/nordicmart.andreevmaster.com\/product\/masterkidz-aakkoset-isot-ja-pienet-kirjaimet-stem-seinapaneeleille-122-kpl\/"},"modified":"2026-02-27T09:50:51","modified_gmt":"2026-02-27T09:50:51","slug":"masterkidz-aakkoset-isot-ja-pienet-kirjaimet-stem-seinapaneeleille-122-kpl","status":"publish","type":"product","link":"https:\/\/nordicmart.andreevmaster.com\/fi\/tuote\/masterkidz-aakkoset-isot-ja-pienet-kirjaimet-stem-seinapaneeleille-122-kpl\/","title":{"rendered":"MASTERKIDZ Aakkoset (isot ja pienet kirjaimet) STEM-sein\u00e4paneeleille, 122 kpl."},"content":{"rendered":"<p>Aakkoset, isot ja pienet kirjaimet T\u00e4m\u00e4 upea kirjaimien sarja on t\u00e4ydellinen aloittelijoille, sill\u00e4 se sis\u00e4lt\u00e4\u00e4 sek\u00e4 isoja ett\u00e4 pieni\u00e4 kirjaimia, joita lapset voivat tunnistaa, suunnata ja sitten yhdist\u00e4\u00e4 mihin tahansa STEM-sein\u00e4\u00e4n. Sarja sis\u00e4lt\u00e4\u00e4 kaksi t\u00e4ydellist\u00e4 isojen kirjaimien sarjaa ja kaksi pienten kirjaimien sarjaa, jotka riitt\u00e4v\u00e4t yksil\u00f6ille tai pienille ryhmille. Lapset haluavat lajitella ja j\u00e4rjestell\u00e4 kirjaimia, muodostaa niist\u00e4 sanoja ja harjoitella niiden \u00e4\u00e4nt\u00e4mist\u00e4. Kirjaimet ovat v\u00e4rikk\u00e4it\u00e4, joten ne on helppo erottaa toisistaan, kun ne j\u00e4rjestet\u00e4\u00e4n aakkosj\u00e4rjestykseen. <\/p>\n<p>Sarja sis\u00e4lt\u00e4\u00e4:<\/p>\n<p>* &#8211; 104 selke\u00e4ll\u00e4 fontilla kirjoitettua vakiokirjainta (2 sarjaa isoja kirjaimia ja 2 sarjaa pieni\u00e4 kirjaimia).* &#8211; 6 kuviopaitaa. * &#8211; 12 ruuvia. Huomio! T\u00e4m\u00e4 on lis\u00e4varustesarja tauluille tai p\u00f6ydille. Kuvissa n\u00e4kyv\u00e4t taulut ja p\u00f6yd\u00e4t ovat saatavilla erikseen. Sarja on yhteensopiva seuraavien taulujen kanssa: ME25111; ME15365; ME11343.<\/p>\n","protected":false},"excerpt":{"rendered":"<p>Aakkoset, isot ja pienet kirjaimet T\u00e4m\u00e4 upea kirjaimien sarja on t\u00e4ydellinen aloittelijoille, sill\u00e4 se sis\u00e4lt\u00e4\u00e4 sek\u00e4 isoja ett\u00e4 pieni\u00e4 kirjaimia, joita lapset voivat tunnistaa, suunnata ja sitten yhdist\u00e4\u00e4 mihin tahansa STEM-sein\u00e4\u00e4n. Sarja sis\u00e4lt\u00e4\u00e4 kaksi t\u00e4ydellist\u00e4 isojen kirjaimien sarjaa ja kaksi pienten kirjaimien sarjaa, jotka riitt\u00e4v\u00e4t yksil\u00f6ille tai pienille ryhmille. Lapset haluavat lajitella ja j\u00e4rjestell\u00e4 kirjaimia, [&hellip;]<\/p>\n","protected":false},"featured_media":0,"comment_status":"open","ping_status":"closed","template":"","meta":[],"product_brand":[],"product_cat":[32],"product_tag":[],"class_list":{"0":"post-36045","1":"product","2":"type-product","3":"status-publish","5":"product_cat-uncategorized-fi","7":"first","8":"instock","9":"shipping-taxable","10":"purchasable","11":"product-type-simple"},"_links":{"self":[{"href":"https:\/\/nordicmart.andreevmaster.com\/fi\/wp-json\/wp\/v2\/product\/36045","targetHints":{"allow":["GET"]}}],"collection":[{"href":"https:\/\/nordicmart.andreevmaster.com\/fi\/wp-json\/wp\/v2\/product"}],"about":[{"href":"https:\/\/nordicmart.andreevmaster.com\/fi\/wp-json\/wp\/v2\/types\/product"}],"replies":[{"embeddable":true,"href":"https:\/\/nordicmart.andreevmaster.com\/fi\/wp-json\/wp\/v2\/comments?post=36045"}],"wp:attachment":[{"href":"https:\/\/nordicmart.andreevmaster.com\/fi\/wp-json\/wp\/v2\/media?parent=36045"}],"wp:term":[{"taxonomy":"product_brand","embeddable":true,"href":"https:\/\/nordicmart.andreevmaster.com\/fi\/wp-json\/wp\/v2\/product_brand?post=36045"},{"taxonomy":"product_cat","embeddable":true,"href":"https:\/\/nordicmart.andreevmaster.com\/fi\/wp-json\/wp\/v2\/product_cat?post=36045"},{"taxonomy":"product_tag","embeddable":true,"href":"https:\/\/nordicmart.andreevmaster.com\/fi\/wp-json\/wp\/v2\/product_tag?post=36045"}],"curies":[{"name":"wp","href":"https:\/\/api.w.org\/{rel}","templated":true}]}}