{"id":36044,"date":"2026-02-27T00:32:43","date_gmt":"2026-02-27T00:32:43","guid":{"rendered":"https:\/\/nordicmart.andreevmaster.com\/product\/masterkidz-hyllykko-pyorilla-3-hyllya-stem-taulun-lisavarusteille-800h-x-800l\/"},"modified":"2026-02-27T09:50:50","modified_gmt":"2026-02-27T09:50:50","slug":"masterkidz-hyllykko-pyorilla-3-hyllya-stem-taulun-lisavarusteille-800h-x-800l","status":"publish","type":"product","link":"https:\/\/nordicmart.andreevmaster.com\/fi\/tuote\/masterkidz-hyllykko-pyorilla-3-hyllya-stem-taulun-lisavarusteille-800h-x-800l\/","title":{"rendered":"MASTERKIDZ Hyllykk\u00f6 py\u00f6rill\u00e4 \u2013 3 hylly\u00e4 STEM-taulun lis\u00e4varusteille 800H x 800L"},"content":{"rendered":"<p>ME29959-py\u00f6rill\u00e4 varustettu liikkuva hylly on moderni ja tukeva kaluste mihin tahansa opetustilaan. Se on suunniteltu pienimpien k\u00e4ytt\u00e4jien mukavuutta ajatellen, ja sen avulla pienet ja keskikokoiset esineet, kuten ruuvit, mutterit ja tapit, on helppo s\u00e4ilytt\u00e4\u00e4 ja j\u00e4rjestell\u00e4. Tyylikk\u00e4\u00e4n ulkon\u00e4k\u00f6ns\u00e4 ja toiminnallisuutensa ansiosta se sopii t\u00e4ydellisesti opetustilaan ja kannustaa lapsia itsen\u00e4isyyteen ja luovuuteen oppituntien aikana. Ominaisuudet: * Valmistettu korkealaatuisista materiaaleista * Varustettu lukittavilla py\u00f6rill\u00e4, joten sit\u00e4 on helppo siirt\u00e4\u00e4 ja sijoittaa turvallisesti haluttuun paikkaan. * Sovitettu lasten korkeuteen, joten kaikki hyllyt ovat helposti saavutettavissa.* Kallistettu eteenp\u00e4in, jotta tarvittavat esineet on helppo n\u00e4hd\u00e4 ja valita.<\/p>\n","protected":false},"excerpt":{"rendered":"<p>ME29959-py\u00f6rill\u00e4 varustettu liikkuva hylly on moderni ja tukeva kaluste mihin tahansa opetustilaan. Se on suunniteltu pienimpien k\u00e4ytt\u00e4jien mukavuutta ajatellen, ja sen avulla pienet ja keskikokoiset esineet, kuten ruuvit, mutterit ja tapit, on helppo s\u00e4ilytt\u00e4\u00e4 ja j\u00e4rjestell\u00e4. Tyylikk\u00e4\u00e4n ulkon\u00e4k\u00f6ns\u00e4 ja toiminnallisuutensa ansiosta se sopii t\u00e4ydellisesti opetustilaan ja kannustaa lapsia itsen\u00e4isyyteen ja luovuuteen oppituntien aikana. Ominaisuudet: * [&hellip;]<\/p>\n","protected":false},"featured_media":0,"comment_status":"open","ping_status":"closed","template":"","meta":[],"product_brand":[],"product_cat":[32],"product_tag":[],"class_list":{"0":"post-36044","1":"product","2":"type-product","3":"status-publish","5":"product_cat-uncategorized-fi","7":"first","8":"instock","9":"shipping-taxable","10":"purchasable","11":"product-type-simple"},"_links":{"self":[{"href":"https:\/\/nordicmart.andreevmaster.com\/fi\/wp-json\/wp\/v2\/product\/36044","targetHints":{"allow":["GET"]}}],"collection":[{"href":"https:\/\/nordicmart.andreevmaster.com\/fi\/wp-json\/wp\/v2\/product"}],"about":[{"href":"https:\/\/nordicmart.andreevmaster.com\/fi\/wp-json\/wp\/v2\/types\/product"}],"replies":[{"embeddable":true,"href":"https:\/\/nordicmart.andreevmaster.com\/fi\/wp-json\/wp\/v2\/comments?post=36044"}],"wp:attachment":[{"href":"https:\/\/nordicmart.andreevmaster.com\/fi\/wp-json\/wp\/v2\/media?parent=36044"}],"wp:term":[{"taxonomy":"product_brand","embeddable":true,"href":"https:\/\/nordicmart.andreevmaster.com\/fi\/wp-json\/wp\/v2\/product_brand?post=36044"},{"taxonomy":"product_cat","embeddable":true,"href":"https:\/\/nordicmart.andreevmaster.com\/fi\/wp-json\/wp\/v2\/product_cat?post=36044"},{"taxonomy":"product_tag","embeddable":true,"href":"https:\/\/nordicmart.andreevmaster.com\/fi\/wp-json\/wp\/v2\/product_tag?post=36044"}],"curies":[{"name":"wp","href":"https:\/\/api.w.org\/{rel}","templated":true}]}}