{"id":36043,"date":"2026-02-27T00:32:43","date_gmt":"2026-02-27T00:32:43","guid":{"rendered":"https:\/\/nordicmart.andreevmaster.com\/product\/masterkidz-varikkaat-ruuvit-5-muotoa-stem-luovalle-taululle-512-kappaletta-eri-vareja\/"},"modified":"2026-02-27T09:50:50","modified_gmt":"2026-02-27T09:50:50","slug":"masterkidz-varikkaat-ruuvit-5-muotoa-stem-luovalle-taululle-512-kappaletta-eri-vareja","status":"publish","type":"product","link":"https:\/\/nordicmart.andreevmaster.com\/fi\/tuote\/masterkidz-varikkaat-ruuvit-5-muotoa-stem-luovalle-taululle-512-kappaletta-eri-vareja\/","title":{"rendered":"MASTERKIDZ V\u00e4rikk\u00e4\u00e4t ruuvit 5 muotoa STEM-luovalle taululle 512 kappaletta eri v\u00e4rej\u00e4"},"content":{"rendered":"<p>V\u00e4rikk\u00e4\u00e4t ruuvit, jotka voidaan ruuvata Masterkidz STEM -puiseen opetuslevyyn, ovat loistava elementti, jonka avulla lapsesi voi paitsi koristella levy\u00e4\u00e4n kauniisti ja luoda upeita piirustuksia, my\u00f6s oppia k\u00e4ytt\u00e4m\u00e4\u00e4n k\u00e4sity\u00f6kaluja ja s\u00e4hk\u00f6ruuvimeisseli\u00e4 erikseen ostettavien erikoisty\u00f6kalujen avulla. T\u00e4m\u00e4 sarja sis\u00e4lt\u00e4\u00e4 5 erilaista ruuvia 8 v\u00e4riss\u00e4, joissa on erilaiset upotukset: 128 vakioruuvia ristikk\u00e4isell\u00e4 k\u00e4rjell\u00e4 ja lis\u00e4ksi 4 erilaista ruuvia, kukin 96 kappaletta, joissa on litte\u00e4, kolmionmuotoinen, t\u00e4htim\u00e4inen ja neli\u00f6nmuotoinen upotus. <\/p>\n<p>### Ominaisuudet:<\/p>\n<p>* &#8211; Sarja sis\u00e4lt\u00e4\u00e4 512 v\u00e4rillist\u00e4 ruuvia 8 v\u00e4riss\u00e4<br \/>\n* &#8211; 128 ruuvia Phillips-k\u00e4rjill\u00e4, 96 ruuvia, joissa on litte\u00e4, kolmionmuotoinen, t\u00e4htim\u00e4inen ja neli\u00f6nmuotoinen k\u00e4rki<br \/>\n* &#8211; Erilaisten ruuvik\u00e4rkien ansiosta lapset oppivat tunnistamaan muotoja<br \/>\n* &#8211; Leikkiminen Masterkidz STEM -puupaneelilla saa aivan uuden ulottuvuuden! Nyt voit t\u00e4ytt\u00e4\u00e4 laudan v\u00e4rikk\u00e4ill\u00e4 ruuveilla, jotka ovat loistava tapa kehitt\u00e4\u00e4 lapsen motorisia taitoja.<br \/>\n* &#8211; Ruuvit eiv\u00e4t vain t\u00e4ydent\u00e4 lautaa t\u00e4ydellisesti ja t\u00e4yt\u00e4 sit\u00e4 uusilla v\u00e4reill\u00e4, vaan koska ne voidaan kiinnitt\u00e4\u00e4 erityisill\u00e4 ty\u00f6kaluilla (jotka on ostettava erikseen), lapsesi oppii k\u00e4ytt\u00e4m\u00e4\u00e4n ruuvimeisseleit\u00e4, jakoavaimia ja s\u00e4hk\u00f6ruuvimeisseli\u00e4 erilaisilla k\u00e4rjill\u00e4.<\/p>\n","protected":false},"excerpt":{"rendered":"<p>V\u00e4rikk\u00e4\u00e4t ruuvit, jotka voidaan ruuvata Masterkidz STEM -puiseen opetuslevyyn, ovat loistava elementti, jonka avulla lapsesi voi paitsi koristella levy\u00e4\u00e4n kauniisti ja luoda upeita piirustuksia, my\u00f6s oppia k\u00e4ytt\u00e4m\u00e4\u00e4n k\u00e4sity\u00f6kaluja ja s\u00e4hk\u00f6ruuvimeisseli\u00e4 erikseen ostettavien erikoisty\u00f6kalujen avulla. T\u00e4m\u00e4 sarja sis\u00e4lt\u00e4\u00e4 5 erilaista ruuvia 8 v\u00e4riss\u00e4, joissa on erilaiset upotukset: 128 vakioruuvia ristikk\u00e4isell\u00e4 k\u00e4rjell\u00e4 ja lis\u00e4ksi 4 erilaista ruuvia, [&hellip;]<\/p>\n","protected":false},"featured_media":0,"comment_status":"open","ping_status":"closed","template":"","meta":[],"product_brand":[],"product_cat":[32],"product_tag":[],"class_list":{"0":"post-36043","1":"product","2":"type-product","3":"status-publish","5":"product_cat-uncategorized-fi","7":"first","8":"instock","9":"shipping-taxable","10":"purchasable","11":"product-type-simple"},"_links":{"self":[{"href":"https:\/\/nordicmart.andreevmaster.com\/fi\/wp-json\/wp\/v2\/product\/36043","targetHints":{"allow":["GET"]}}],"collection":[{"href":"https:\/\/nordicmart.andreevmaster.com\/fi\/wp-json\/wp\/v2\/product"}],"about":[{"href":"https:\/\/nordicmart.andreevmaster.com\/fi\/wp-json\/wp\/v2\/types\/product"}],"replies":[{"embeddable":true,"href":"https:\/\/nordicmart.andreevmaster.com\/fi\/wp-json\/wp\/v2\/comments?post=36043"}],"wp:attachment":[{"href":"https:\/\/nordicmart.andreevmaster.com\/fi\/wp-json\/wp\/v2\/media?parent=36043"}],"wp:term":[{"taxonomy":"product_brand","embeddable":true,"href":"https:\/\/nordicmart.andreevmaster.com\/fi\/wp-json\/wp\/v2\/product_brand?post=36043"},{"taxonomy":"product_cat","embeddable":true,"href":"https:\/\/nordicmart.andreevmaster.com\/fi\/wp-json\/wp\/v2\/product_cat?post=36043"},{"taxonomy":"product_tag","embeddable":true,"href":"https:\/\/nordicmart.andreevmaster.com\/fi\/wp-json\/wp\/v2\/product_tag?post=36043"}],"curies":[{"name":"wp","href":"https:\/\/api.w.org\/{rel}","templated":true}]}}