{"id":36042,"date":"2026-02-27T00:32:43","date_gmt":"2026-02-27T00:32:43","guid":{"rendered":"https:\/\/nordicmart.andreevmaster.com\/product\/masterkidz-xxl-montessori-stem-puutyopaja-tyokaluineen\/"},"modified":"2026-02-27T09:50:50","modified_gmt":"2026-02-27T09:50:50","slug":"masterkidz-xxl-montessori-stem-puutyopaja-tyokaluineen","status":"publish","type":"product","link":"https:\/\/nordicmart.andreevmaster.com\/fi\/tuote\/masterkidz-xxl-montessori-stem-puutyopaja-tyokaluineen\/","title":{"rendered":"MASTERKIDZ XXL Montessori STEM -puuty\u00f6paja ty\u00f6kaluineen"},"content":{"rendered":"<p>Masterkidz-puinen STEM-ty\u00f6paja on t\u00e4ydellinen paikka kokeiluihin, lapsen luovuuden ja teknisten taitojen kehitt\u00e4miseen. Se on valmistettu korkealaatuisesta puusta ja yhdist\u00e4\u00e4 hauskanpidon oppimiseen, jolloin lapset voivat tutustua mekaniikan, tekniikan ja fysiikan periaatteisiin. Realistisen n\u00e4k\u00f6inen ty\u00f6paja on upea lis\u00e4 mihin tahansa luokkahuoneeseen tai leikkihuoneeseen, ja se kannustaa lapsia luomaan toimivia j\u00e4rjestelmi\u00e4 ja rakentamaan realistisilla ty\u00f6kaluilla.Ominaisuudet:<\/p>\n<p>* &#8211; 3-vuotiaille ja sit\u00e4 vanhemmille lapsille<br \/>\n* &#8211; Sopii kaikille STEM-elementeille \u2013 hammaspy\u00f6rille, py\u00f6rille, hihnapy\u00f6rille, ruuveille, tappeille jne.* &#8211; Sarja sis\u00e4lt\u00e4\u00e4 leluhamarin, p\u00f6yd\u00e4ll\u00e4 olevan py\u00f6r\u00f6sahan, jakoavaimen, kolmiomittan, puisen harjoituspalikan, s\u00e4hk\u00f6ruuvimeisselin, poran ja hylsysarjan. * &#8211; Lis\u00e4tila ty\u00f6kaluille ja lis\u00e4varusteille pit\u00e4\u00e4 asiat j\u00e4rjestyksess\u00e4 leikin aikana. * &#8211; Ty\u00f6pajaa t\u00e4ydent\u00e4v\u00e4t erinomaisesti lis\u00e4varusteet: ME31136 ; ME20963<\/p>\n<p>Lautapelin osat (myyd\u00e4\u00e4n erikseen):<\/p>\n<p>* &#8211; V\u00e4rikk\u00e4\u00e4t tapit ME12746 ME14450 ME21113 ME21137 ME21120 ME21144<br \/>\n* &#8211; V\u00e4rikk\u00e4\u00e4t kristallit ME13989<br \/>\n* &#8211; V\u00e4rilliset narut tappien yhdist\u00e4miseen ME14467<br \/>\n* &#8211; V\u00e4rilliset ruuvit ME20963 ME29911<br \/>\n* &#8211; Geometriset muodot ME14696 ME14702 ME14818 ME14825 ME31181<br \/>\n* &#8211; Hammaspy\u00f6r\u00e4t ja ketjut ME13460 ME24343 ME31204<br \/>\n* &#8211; Pallo- ja vesirata ME14788 ME14665 ME15143 ME25043<br \/>\n* &#8211; Putkij\u00e4rjestelm\u00e4n rakennuspaketti pumpulla ME13149<br \/>\n* &#8211; Kirjain- ja numerosetti ME30412 ME30429<\/p>\n<p>Lapset voivat k\u00e4ytt\u00e4\u00e4 erityisi\u00e4, tarkoitukseen suunniteltuja ty\u00f6kaluja ruuvien kirist\u00e4miseen ja oppia k\u00e4ytt\u00e4m\u00e4\u00e4n ruuvimeisseleit\u00e4, jakoavaimia ja muita ty\u00f6kaluja oikein. Rakentamalla yhdess\u00e4 monimutkaisia mekanismeja lapset oppivat hammaspy\u00f6rien toiminnan. Putki- ja pumpusetti opettaa lapsille painovoiman ja hydrauliikan perusteet.<\/p>\n","protected":false},"excerpt":{"rendered":"<p>Masterkidz-puinen STEM-ty\u00f6paja on t\u00e4ydellinen paikka kokeiluihin, lapsen luovuuden ja teknisten taitojen kehitt\u00e4miseen. Se on valmistettu korkealaatuisesta puusta ja yhdist\u00e4\u00e4 hauskanpidon oppimiseen, jolloin lapset voivat tutustua mekaniikan, tekniikan ja fysiikan periaatteisiin. Realistisen n\u00e4k\u00f6inen ty\u00f6paja on upea lis\u00e4 mihin tahansa luokkahuoneeseen tai leikkihuoneeseen, ja se kannustaa lapsia luomaan toimivia j\u00e4rjestelmi\u00e4 ja rakentamaan realistisilla ty\u00f6kaluilla.Ominaisuudet: * &#8211; 3-vuotiaille [&hellip;]<\/p>\n","protected":false},"featured_media":0,"comment_status":"open","ping_status":"closed","template":"","meta":[],"product_brand":[],"product_cat":[32],"product_tag":[],"class_list":{"0":"post-36042","1":"product","2":"type-product","3":"status-publish","5":"product_cat-uncategorized-fi","7":"first","8":"instock","9":"shipping-taxable","10":"purchasable","11":"product-type-simple"},"_links":{"self":[{"href":"https:\/\/nordicmart.andreevmaster.com\/fi\/wp-json\/wp\/v2\/product\/36042","targetHints":{"allow":["GET"]}}],"collection":[{"href":"https:\/\/nordicmart.andreevmaster.com\/fi\/wp-json\/wp\/v2\/product"}],"about":[{"href":"https:\/\/nordicmart.andreevmaster.com\/fi\/wp-json\/wp\/v2\/types\/product"}],"replies":[{"embeddable":true,"href":"https:\/\/nordicmart.andreevmaster.com\/fi\/wp-json\/wp\/v2\/comments?post=36042"}],"wp:attachment":[{"href":"https:\/\/nordicmart.andreevmaster.com\/fi\/wp-json\/wp\/v2\/media?parent=36042"}],"wp:term":[{"taxonomy":"product_brand","embeddable":true,"href":"https:\/\/nordicmart.andreevmaster.com\/fi\/wp-json\/wp\/v2\/product_brand?post=36042"},{"taxonomy":"product_cat","embeddable":true,"href":"https:\/\/nordicmart.andreevmaster.com\/fi\/wp-json\/wp\/v2\/product_cat?post=36042"},{"taxonomy":"product_tag","embeddable":true,"href":"https:\/\/nordicmart.andreevmaster.com\/fi\/wp-json\/wp\/v2\/product_tag?post=36042"}],"curies":[{"name":"wp","href":"https:\/\/api.w.org\/{rel}","templated":true}]}}