{"id":36041,"date":"2026-02-27T00:32:42","date_gmt":"2026-02-27T00:32:42","guid":{"rendered":"https:\/\/nordicmart.andreevmaster.com\/product\/masterkidz-puinen-montessori-stem-tyopaja-tyokaluilla\/"},"modified":"2026-02-27T09:50:50","modified_gmt":"2026-02-27T09:50:50","slug":"masterkidz-puinen-montessori-stem-tyopaja-tyokaluilla","status":"publish","type":"product","link":"https:\/\/nordicmart.andreevmaster.com\/fi\/tuote\/masterkidz-puinen-montessori-stem-tyopaja-tyokaluilla\/","title":{"rendered":"MASTERKIDZ Puinen Montessori STEM -ty\u00f6paja ty\u00f6kaluilla"},"content":{"rendered":"<p>Puinen STEM-koulutuspaja mahdollistaa luovan leikin ja oppimisen tieteen maailmasta. P\u00f6yd\u00e4ss\u00e4 on paneeli, johon voi ty\u00f6nt\u00e4\u00e4 v\u00e4rikk\u00e4it\u00e4 ja geometrisia tappeja, ruuveja ja hammaspy\u00f6ri\u00e4 kauniiden kuvioiden luomiseksi. P\u00f6yd\u00e4n korkeus on 42,5 cm, ja se on suunniteltu 3-vuotiaille ja sit\u00e4 vanhemmille lapsille. Lapset haluavat luoda toimivia j\u00e4rjestelmi\u00e4 ja pit\u00e4\u00e4 hauskaa rakentelemalla realistisilla ty\u00f6kaluilla. Ominaisuudet: * &#8211; 3-vuotiaille ja sit\u00e4 vanhemmille lapsille * &#8211; Sopii kaikille STEM-elementeille \u2013 hammaspy\u00f6rille, py\u00f6rille, hihnapy\u00f6rille, ruuveille, tappeille jne.* &#8211; Sis\u00e4lt\u00e4\u00e4 ty\u00f6kalutelineen sarjan s\u00e4ilytt\u00e4mist\u00e4 varten: k\u00e4sity\u00f6kalut \u2013 leluhammeri, saha, jakoavain, T-viivoitin ja puinen harjoituspalikka sek\u00e4 s\u00e4hk\u00f6ruuvimeisseli, pora ja hylsysarja.* &#8211; Viimeistelty lakalla, joka tarjoaa erinomaisen suojan UV-s\u00e4teilylt\u00e4, tahroilta ja naarmuilta. Lautaelementit (myyd\u00e4\u00e4n erikseen):* &#8211; V\u00e4rilliset tapit* &#8211; V\u00e4rilliset kristallit* &#8211; V\u00e4rilliset narut tapien yhdist\u00e4miseen* &#8211; V\u00e4rilliset ruuvit<br \/>\n* &#8211; Geometriset muodot<br \/>\n* &#8211; Hammaspy\u00f6r\u00e4t ja ketjut<br \/>\n* &#8211; Magneettitaulut (kuivapyyhitt\u00e4v\u00e4t, liitu-, puu-)<br \/>\n* &#8211; Sarja, jossa on pumppu putkij\u00e4rjestelmien rakentamista varten<\/p>\n<p>Lapset voivat k\u00e4ytt\u00e4\u00e4 erityisi\u00e4, tarkoitukseen suunniteltuja ty\u00f6kaluja ruuvien kirist\u00e4miseen ja oppia k\u00e4ytt\u00e4m\u00e4\u00e4n ruuvimeisseleit\u00e4, jakoavaimia ja muita ty\u00f6kaluja oikein. Rakentamalla yhdess\u00e4 monimutkaisia mekanismeja lapset oppivat hammaspy\u00f6rien toiminnan. Putki- ja pumpusetti opettaa lapsille painovoiman ja hydrauliikan perusteet.<\/p>\n<p>Taulu kehitt\u00e4\u00e4:<\/p>\n<p>* &#8211; viestint\u00e4\u00e4<br \/>\n* &#8211; mielikuvitusta<br \/>\n* &#8211; hienomotoriikkaa<\/p>\n<p>TY\u00d6PAJA SOPII SARJAAN &#8211; ME31136<\/p>\n","protected":false},"excerpt":{"rendered":"<p>Puinen STEM-koulutuspaja mahdollistaa luovan leikin ja oppimisen tieteen maailmasta. P\u00f6yd\u00e4ss\u00e4 on paneeli, johon voi ty\u00f6nt\u00e4\u00e4 v\u00e4rikk\u00e4it\u00e4 ja geometrisia tappeja, ruuveja ja hammaspy\u00f6ri\u00e4 kauniiden kuvioiden luomiseksi. P\u00f6yd\u00e4n korkeus on 42,5 cm, ja se on suunniteltu 3-vuotiaille ja sit\u00e4 vanhemmille lapsille. Lapset haluavat luoda toimivia j\u00e4rjestelmi\u00e4 ja pit\u00e4\u00e4 hauskaa rakentelemalla realistisilla ty\u00f6kaluilla. Ominaisuudet: * &#8211; 3-vuotiaille ja [&hellip;]<\/p>\n","protected":false},"featured_media":0,"comment_status":"open","ping_status":"closed","template":"","meta":[],"product_brand":[],"product_cat":[32],"product_tag":[],"class_list":{"0":"post-36041","1":"product","2":"type-product","3":"status-publish","5":"product_cat-uncategorized-fi","7":"first","8":"instock","9":"shipping-taxable","10":"purchasable","11":"product-type-simple"},"_links":{"self":[{"href":"https:\/\/nordicmart.andreevmaster.com\/fi\/wp-json\/wp\/v2\/product\/36041","targetHints":{"allow":["GET"]}}],"collection":[{"href":"https:\/\/nordicmart.andreevmaster.com\/fi\/wp-json\/wp\/v2\/product"}],"about":[{"href":"https:\/\/nordicmart.andreevmaster.com\/fi\/wp-json\/wp\/v2\/types\/product"}],"replies":[{"embeddable":true,"href":"https:\/\/nordicmart.andreevmaster.com\/fi\/wp-json\/wp\/v2\/comments?post=36041"}],"wp:attachment":[{"href":"https:\/\/nordicmart.andreevmaster.com\/fi\/wp-json\/wp\/v2\/media?parent=36041"}],"wp:term":[{"taxonomy":"product_brand","embeddable":true,"href":"https:\/\/nordicmart.andreevmaster.com\/fi\/wp-json\/wp\/v2\/product_brand?post=36041"},{"taxonomy":"product_cat","embeddable":true,"href":"https:\/\/nordicmart.andreevmaster.com\/fi\/wp-json\/wp\/v2\/product_cat?post=36041"},{"taxonomy":"product_tag","embeddable":true,"href":"https:\/\/nordicmart.andreevmaster.com\/fi\/wp-json\/wp\/v2\/product_tag?post=36041"}],"curies":[{"name":"wp","href":"https:\/\/api.w.org\/{rel}","templated":true}]}}