{"id":36040,"date":"2026-02-27T00:32:42","date_gmt":"2026-02-27T00:32:42","guid":{"rendered":"https:\/\/nordicmart.andreevmaster.com\/product\/masterkidz-puinen-seina-xxl-tieteellinen-luova-stem-seina-ulkokayttoon\/"},"modified":"2026-02-27T09:50:50","modified_gmt":"2026-02-27T09:50:50","slug":"masterkidz-puinen-seina-xxl-tieteellinen-luova-stem-seina-ulkokayttoon","status":"publish","type":"product","link":"https:\/\/nordicmart.andreevmaster.com\/fi\/tuote\/masterkidz-puinen-seina-xxl-tieteellinen-luova-stem-seina-ulkokayttoon\/","title":{"rendered":"MASTERKIDZ Puinen sein\u00e4 XXL Tieteellinen luova STEM-sein\u00e4 Ulkok\u00e4ytt\u00f6\u00f6n"},"content":{"rendered":"<p>STEM-sein\u00e4 on innovatiivinen opetuslevy, joka tarjoaa avoimen tilan luovalle leikille ja oppimiselle. Lapset voivat k\u00e4ytt\u00e4\u00e4 sit\u00e4 luodakseen kuvia, mosaiikkeja, sekvenssej\u00e4, palloratoja, hammaspy\u00f6r\u00e4mekanismeja ja jopa vesiliukum\u00e4ki\u00e4. Kaksipuolisen rakenteensa ansiosta taululla voi harrastaa erilaisia aktiviteetteja samanaikaisesti molemmilla puolilla, mik\u00e4 edist\u00e4\u00e4 ryhm\u00e4ty\u00f6skentely\u00e4. STEM Wall on loistava tapa kannustaa lapsia suunnittelemaan, rakentamaan ja ratkaisemaan ongelmia ulkona. <\/p>\n<p>PY\u00d6RI\u00c4 EI SIS\u00c4LLY TOIMITUKSEEN<\/p>\n<p>Ominaisuudet:<\/p>\n<p>&#8211; Vapaasti seisova rakenne takaa maksimaalisen joustavuuden \u2013 taulu voidaan sijoittaa mihin tahansa ja siirt\u00e4\u00e4 ulos &#8211; Kaksipuolinen pinta mahdollistaa samanaikaiset oppimisteht\u00e4v\u00e4t ja pienryhm\u00e4ty\u00f6skentelyn, mik\u00e4 edist\u00e4\u00e4 viestint\u00e4\u00e4 &#8211; Pinta on viimeistelty UV-, kosteus- ja homeenkest\u00e4v\u00e4ll\u00e4 lakalla &#8211; Yhteensopiva kaikkien STEM-taulun lis\u00e4varusteiden kanssa: hammaspy\u00f6r\u00e4t, py\u00f6r\u00e4t, hihnapy\u00f6r\u00e4t, ruuvit, tapit ja paljon muuta<\/p>\n<p>Taulu kehitt\u00e4\u00e4:<\/p>\n<p>&#8211; Sosiaalisia taitoja &#8211; Mielikuvitusta &#8211; Luovuutta &#8211; Hienomotoriikkaa<\/p>\n<p>Taululle sopivat komponentit (myyd\u00e4\u00e4n erikseen):<\/p>\n<p>&#8211; V\u00e4rikk\u00e4\u00e4t tapit ME12746 ME14450 ME21113 ME21137 ME21120 ME21144 &#8211; V\u00e4rikk\u00e4\u00e4t kristallit ME13989 &#8211; V\u00e4rikk\u00e4\u00e4t narut tapien yhdist\u00e4miseen ME14467 &#8211; V\u00e4rilliset ruuvit ME20963 ME29911 &#8211; Rakennuspalikat ME29027 ME29010 ME29089 &#8211; Geometriset muodot ME14696 ME14702 ME14818 ME14825 ME31181 &#8211; Hammaspy\u00f6r\u00e4t ja ketjut ME13460 ME24343 ME31204 &#8211; Pallo- ja vesirata ME14788 ME14870 ME14665 ME15143 ME25043 &#8211; Putkij\u00e4rjestelm\u00e4n rakennuspaketti pumpulla ME13149 &#8211; Kirjain- ja numerosetti ME30412 ME30429 &#8211; S\u00e4ili\u00f6t ja tarvikkeet ME12845 ME16560 ME14672 &#8211; Lukittavat py\u00f6r\u00e4t ME32539<\/p>\n","protected":false},"excerpt":{"rendered":"<p>STEM-sein\u00e4 on innovatiivinen opetuslevy, joka tarjoaa avoimen tilan luovalle leikille ja oppimiselle. Lapset voivat k\u00e4ytt\u00e4\u00e4 sit\u00e4 luodakseen kuvia, mosaiikkeja, sekvenssej\u00e4, palloratoja, hammaspy\u00f6r\u00e4mekanismeja ja jopa vesiliukum\u00e4ki\u00e4. Kaksipuolisen rakenteensa ansiosta taululla voi harrastaa erilaisia aktiviteetteja samanaikaisesti molemmilla puolilla, mik\u00e4 edist\u00e4\u00e4 ryhm\u00e4ty\u00f6skentely\u00e4. STEM Wall on loistava tapa kannustaa lapsia suunnittelemaan, rakentamaan ja ratkaisemaan ongelmia ulkona. PY\u00d6RI\u00c4 EI SIS\u00c4LLY [&hellip;]<\/p>\n","protected":false},"featured_media":0,"comment_status":"open","ping_status":"closed","template":"","meta":[],"product_brand":[],"product_cat":[32],"product_tag":[],"class_list":{"0":"post-36040","1":"product","2":"type-product","3":"status-publish","5":"product_cat-uncategorized-fi","7":"first","8":"instock","9":"shipping-taxable","10":"purchasable","11":"product-type-simple"},"_links":{"self":[{"href":"https:\/\/nordicmart.andreevmaster.com\/fi\/wp-json\/wp\/v2\/product\/36040","targetHints":{"allow":["GET"]}}],"collection":[{"href":"https:\/\/nordicmart.andreevmaster.com\/fi\/wp-json\/wp\/v2\/product"}],"about":[{"href":"https:\/\/nordicmart.andreevmaster.com\/fi\/wp-json\/wp\/v2\/types\/product"}],"replies":[{"embeddable":true,"href":"https:\/\/nordicmart.andreevmaster.com\/fi\/wp-json\/wp\/v2\/comments?post=36040"}],"wp:attachment":[{"href":"https:\/\/nordicmart.andreevmaster.com\/fi\/wp-json\/wp\/v2\/media?parent=36040"}],"wp:term":[{"taxonomy":"product_brand","embeddable":true,"href":"https:\/\/nordicmart.andreevmaster.com\/fi\/wp-json\/wp\/v2\/product_brand?post=36040"},{"taxonomy":"product_cat","embeddable":true,"href":"https:\/\/nordicmart.andreevmaster.com\/fi\/wp-json\/wp\/v2\/product_cat?post=36040"},{"taxonomy":"product_tag","embeddable":true,"href":"https:\/\/nordicmart.andreevmaster.com\/fi\/wp-json\/wp\/v2\/product_tag?post=36040"}],"curies":[{"name":"wp","href":"https:\/\/api.w.org\/{rel}","templated":true}]}}