{"id":36038,"date":"2026-02-27T00:32:42","date_gmt":"2026-02-27T00:32:42","guid":{"rendered":"https:\/\/nordicmart.andreevmaster.com\/product\/masterkidz-stem-pallorata-rakennuspalikkasarja-359-kpl\/"},"modified":"2026-02-27T09:50:49","modified_gmt":"2026-02-27T09:50:49","slug":"masterkidz-stem-pallorata-rakennuspalikkasarja-359-kpl","status":"publish","type":"product","link":"https:\/\/nordicmart.andreevmaster.com\/fi\/tuote\/masterkidz-stem-pallorata-rakennuspalikkasarja-359-kpl\/","title":{"rendered":"MASTERKIDZ STEM -pallorata-rakennuspalikkasarja, 359 kpl."},"content":{"rendered":"<p>Masterkidz-rakennuspalikat ovat luova sarja, jonka avulla lapset voivat vapaasti rakentaa v\u00e4rikk\u00e4it\u00e4 kuvioita, kuvia ja palloratoja. Palikoiden erityisen muotoilun ansiosta lapset voivat helposti painaa ne levyyn, luoda omia sommitelmia ja kehitt\u00e4\u00e4 mielikuvitustaan. Sarja kannustaa itsen\u00e4iseen leikkiin, mutta sopii erinomaisesti my\u00f6s yhdess\u00e4 ik\u00e4tovereiden tai aikuisten kanssa luomiseen. <\/p>\n<p>\u2757\ufe0f IHANTEELLINEN K\u00c4YTT\u00d6\u00d6N ME25302 ME28976 LEVYPEITTEIDEN KANSSA\u2757\ufe0f<\/p>\n<p>\u2705 Ominaisuudet:<\/p>\n<p>\u2714\ufe0f Yhteensopiva suosittujen palikkamerkkien kanssa \u2013 voidaan k\u00e4ytt\u00e4\u00e4 samalla Masterkidz-alustalla \u2714\ufe0f Mahdollistaa kuvioiden ja kuvien nopean ja helpon luomisen \u2714\ufe0f Laadukas rakenne takaa kest\u00e4vyyden ja turvallisuuden<\/p>\n<p>\u2705 Setti sis\u00e4lt\u00e4\u00e4:<\/p>\n<p>\u25fe 342 v\u00e4rikk\u00e4it\u00e4 palikoita \u25fe 15 v\u00e4rikk\u00e4it\u00e4 pallorataelementti\u00e4 \u25fe 2 palloa<\/p>\n<p>\u2705 Lelu kehitt\u00e4\u00e4:<\/p>\n<p>\u2714\ufe0f Mielikuvitusta \u2714\ufe0f Luovuutta \u2714\ufe0f K\u00e4sien motorisia taitoja \u2714\ufe0f Loogista ajattelua<\/p>\n","protected":false},"excerpt":{"rendered":"<p>Masterkidz-rakennuspalikat ovat luova sarja, jonka avulla lapset voivat vapaasti rakentaa v\u00e4rikk\u00e4it\u00e4 kuvioita, kuvia ja palloratoja. Palikoiden erityisen muotoilun ansiosta lapset voivat helposti painaa ne levyyn, luoda omia sommitelmia ja kehitt\u00e4\u00e4 mielikuvitustaan. Sarja kannustaa itsen\u00e4iseen leikkiin, mutta sopii erinomaisesti my\u00f6s yhdess\u00e4 ik\u00e4tovereiden tai aikuisten kanssa luomiseen. \u2757\ufe0f IHANTEELLINEN K\u00c4YTT\u00d6\u00d6N ME25302 ME28976 LEVYPEITTEIDEN KANSSA\u2757\ufe0f \u2705 Ominaisuudet: \u2714\ufe0f [&hellip;]<\/p>\n","protected":false},"featured_media":0,"comment_status":"open","ping_status":"closed","template":"","meta":[],"product_brand":[],"product_cat":[32],"product_tag":[],"class_list":{"0":"post-36038","1":"product","2":"type-product","3":"status-publish","5":"product_cat-uncategorized-fi","7":"first","8":"instock","9":"shipping-taxable","10":"purchasable","11":"product-type-simple"},"_links":{"self":[{"href":"https:\/\/nordicmart.andreevmaster.com\/fi\/wp-json\/wp\/v2\/product\/36038","targetHints":{"allow":["GET"]}}],"collection":[{"href":"https:\/\/nordicmart.andreevmaster.com\/fi\/wp-json\/wp\/v2\/product"}],"about":[{"href":"https:\/\/nordicmart.andreevmaster.com\/fi\/wp-json\/wp\/v2\/types\/product"}],"replies":[{"embeddable":true,"href":"https:\/\/nordicmart.andreevmaster.com\/fi\/wp-json\/wp\/v2\/comments?post=36038"}],"wp:attachment":[{"href":"https:\/\/nordicmart.andreevmaster.com\/fi\/wp-json\/wp\/v2\/media?parent=36038"}],"wp:term":[{"taxonomy":"product_brand","embeddable":true,"href":"https:\/\/nordicmart.andreevmaster.com\/fi\/wp-json\/wp\/v2\/product_brand?post=36038"},{"taxonomy":"product_cat","embeddable":true,"href":"https:\/\/nordicmart.andreevmaster.com\/fi\/wp-json\/wp\/v2\/product_cat?post=36038"},{"taxonomy":"product_tag","embeddable":true,"href":"https:\/\/nordicmart.andreevmaster.com\/fi\/wp-json\/wp\/v2\/product_tag?post=36038"}],"curies":[{"name":"wp","href":"https:\/\/api.w.org\/{rel}","templated":true}]}}