{"id":36037,"date":"2026-02-27T00:32:41","date_gmt":"2026-02-27T00:32:41","guid":{"rendered":"https:\/\/nordicmart.andreevmaster.com\/product\/masterkidz-puinen-oppimispoyta-stem-seinavarusteet-563-palikkaa\/"},"modified":"2026-02-27T09:50:49","modified_gmt":"2026-02-27T09:50:49","slug":"masterkidz-puinen-oppimispoyta-stem-seinavarusteet-563-palikkaa","status":"publish","type":"product","link":"https:\/\/nordicmart.andreevmaster.com\/fi\/tuote\/masterkidz-puinen-oppimispoyta-stem-seinavarusteet-563-palikkaa\/","title":{"rendered":"MASTERKIDZ Puinen oppimisp\u00f6yt\u00e4 + STEM-sein\u00e4varusteet + 563 palikkaa"},"content":{"rendered":"<p>Masterkidz STEM -oppimisp\u00f6yt\u00e4 + varusteet mahdollistavat luovan leikin ja tieteen maailman oppimisen. P\u00f6yd\u00e4ss\u00e4 on paneeli, johon voi asettaa v\u00e4rikk\u00e4it\u00e4 ja geometrisia tappeja, ruuveja ja hammaspy\u00f6ri\u00e4 kauniiden kuvioiden luomiseksi. Lis\u00e4ksi sarjaan kuuluu 4 p\u00f6yd\u00e4lle asetettavaa 39,7 x 39,7 cm:n levy\u00e4 ja 563 palikkaa, joita voi pinota niiden p\u00e4\u00e4lle.STEM Masterkidz -oppimisp\u00f6yd\u00e4n avulla lapsesi voi aloittaa luovan, opettavaisen leikin luomalla kauniita kuvioita ja rakenteita lukemattomien leikkiin k\u00e4ytett\u00e4vien elementtien avulla. Paneelin sivuilla on kaksi s\u00e4ilytysastiaa, joihin voi laittaa erilaisia laudalle tarkoitettuja lis\u00e4varusteita. P\u00f6yd\u00e4n koon ansiosta useat lapset voivat leikki\u00e4 p\u00f6yd\u00e4n \u00e4\u00e4ress\u00e4 samanaikaisesti.<\/p>\n<p>Setti sis\u00e4lt\u00e4\u00e4:<\/p>\n<p>&#8211; opetusp\u00f6yt\u00e4 &#8211; 4 levy\u00e4 palikoille + 563 erilaista palikkaa &#8211; 128 v\u00e4rikk\u00e4it\u00e4 tappeja eri v\u00e4reiss\u00e4 &#8211; 128 v\u00e4rikk\u00e4it\u00e4 ruuveja eri v\u00e4reiss\u00e4 &#8211; 64 geometrista tappia eri v\u00e4reiss\u00e4 &#8211; 2 sarjaa 6 elementti\u00e4 (jakoavain, ruuvimeisseli vaihdettavilla k\u00e4rjill\u00e4) &#8211; 18 hammaspy\u00f6r\u00e4\u00e4 &#8211; 1 hammaspy\u00f6r\u00e4n pidike &#8211; ketju<\/p>\n<p>### J\u00c4RJESTELM\u00c4MALLIT (KLIKKAA)<\/p>\n<p>Lautanen ja palikat ovat yhteensopivia muiden markkinoilla olevien suosittujen palikkasarjojen kanssa. HUOMAA: sarja ei sis\u00e4ll\u00e4 p\u00e4\u00e4kuvassa n\u00e4kyvi\u00e4 tuoleja ja s\u00e4ilytysastioita! Lis\u00e4ksi tapit ovat yleens\u00e4 8 eri v\u00e4ri\u00e4.[img-77988-left-thickbox_default]<\/p>\n<p>[img-77998-left-thickbox_default]<\/p>\n<p>[img-77994-left-thickbox_default]<\/p>\n","protected":false},"excerpt":{"rendered":"<p>Masterkidz STEM -oppimisp\u00f6yt\u00e4 + varusteet mahdollistavat luovan leikin ja tieteen maailman oppimisen. P\u00f6yd\u00e4ss\u00e4 on paneeli, johon voi asettaa v\u00e4rikk\u00e4it\u00e4 ja geometrisia tappeja, ruuveja ja hammaspy\u00f6ri\u00e4 kauniiden kuvioiden luomiseksi. Lis\u00e4ksi sarjaan kuuluu 4 p\u00f6yd\u00e4lle asetettavaa 39,7 x 39,7 cm:n levy\u00e4 ja 563 palikkaa, joita voi pinota niiden p\u00e4\u00e4lle.STEM Masterkidz -oppimisp\u00f6yd\u00e4n avulla lapsesi voi aloittaa luovan, opettavaisen [&hellip;]<\/p>\n","protected":false},"featured_media":0,"comment_status":"open","ping_status":"closed","template":"","meta":[],"product_brand":[],"product_cat":[32],"product_tag":[],"class_list":{"0":"post-36037","1":"product","2":"type-product","3":"status-publish","5":"product_cat-uncategorized-fi","7":"first","8":"instock","9":"shipping-taxable","10":"purchasable","11":"product-type-simple"},"_links":{"self":[{"href":"https:\/\/nordicmart.andreevmaster.com\/fi\/wp-json\/wp\/v2\/product\/36037","targetHints":{"allow":["GET"]}}],"collection":[{"href":"https:\/\/nordicmart.andreevmaster.com\/fi\/wp-json\/wp\/v2\/product"}],"about":[{"href":"https:\/\/nordicmart.andreevmaster.com\/fi\/wp-json\/wp\/v2\/types\/product"}],"replies":[{"embeddable":true,"href":"https:\/\/nordicmart.andreevmaster.com\/fi\/wp-json\/wp\/v2\/comments?post=36037"}],"wp:attachment":[{"href":"https:\/\/nordicmart.andreevmaster.com\/fi\/wp-json\/wp\/v2\/media?parent=36037"}],"wp:term":[{"taxonomy":"product_brand","embeddable":true,"href":"https:\/\/nordicmart.andreevmaster.com\/fi\/wp-json\/wp\/v2\/product_brand?post=36037"},{"taxonomy":"product_cat","embeddable":true,"href":"https:\/\/nordicmart.andreevmaster.com\/fi\/wp-json\/wp\/v2\/product_cat?post=36037"},{"taxonomy":"product_tag","embeddable":true,"href":"https:\/\/nordicmart.andreevmaster.com\/fi\/wp-json\/wp\/v2\/product_tag?post=36037"}],"curies":[{"name":"wp","href":"https:\/\/api.w.org\/{rel}","templated":true}]}}