{"id":36035,"date":"2026-02-27T00:32:41","date_gmt":"2026-02-27T00:32:41","guid":{"rendered":"https:\/\/nordicmart.andreevmaster.com\/product\/masterkidz-seinapaneeli-luova-stem-tiedetaulu-120x80-cm-ilman-kiinnityspaneelia\/"},"modified":"2026-02-27T09:50:48","modified_gmt":"2026-02-27T09:50:48","slug":"masterkidz-seinapaneeli-luova-stem-tiedetaulu-120x80-cm-ilman-kiinnityspaneelia","status":"publish","type":"product","link":"https:\/\/nordicmart.andreevmaster.com\/fi\/tuote\/masterkidz-seinapaneeli-luova-stem-tiedetaulu-120x80-cm-ilman-kiinnityspaneelia\/","title":{"rendered":"MASTERKIDZ Sein\u00e4paneeli Luova STEM-tiedetaulu 120&#215;80 cm Ilman kiinnityspaneelia"},"content":{"rendered":"<p>Masterkidz STEM -koulutussein\u00e4taulu mahdollistaa luovan leikin ja oppimisen tieteen maailmasta. Leveiss\u00e4 80&#215;120 cm:n paneeleissa on reiki\u00e4, joihin voi ty\u00f6nt\u00e4\u00e4 v\u00e4rikk\u00e4it\u00e4 tappeja kauniiden kuvioiden luomiseksi. Taululle voi kiinnitt\u00e4\u00e4 my\u00f6s erilaisia oppimateriaalien apuv\u00e4lineit\u00e4, hammaspy\u00f6ri\u00e4, putkij\u00e4rjestelmi\u00e4 pumpulla ja muita mielenkiintoisia elementtej\u00e4.<\/p>\n<p>STEM Masterkidz -oppimistaulun avulla lapsesi voi aloittaa luovan, opettavaisen leikin luomalla kauniita kuvioita ja rakenteita lukemattomien leikiss\u00e4 k\u00e4ytett\u00e4vien elementtien avulla. Pikkulapsesi voi antaa mielikuvituksensa lent\u00e4\u00e4 luomalla mestariteoksia tai rakentamalla mekanismeja hammaspy\u00f6rist\u00e4 tai putkij\u00e4rjestelmist\u00e4.<\/p>\n<p>Lautan elementit (myyd\u00e4\u00e4n erikseen):<\/p>\n<p>* &#8211; V\u00e4rikk\u00e4\u00e4t tapit ME12746 ME14450 ME21113 ME21137 ME21120 ME21144<br \/>\n* &#8211; V\u00e4rikk\u00e4\u00e4t kristallit ME13989<br \/>\n* &#8211; V\u00e4rilliset narut tappien yhdist\u00e4miseen ME14467<br \/>\n* &#8211; V\u00e4rilliset ruuvit ME20963 ME29911<br \/>\n* &#8211; Geometriset muodot ME14696 ME14702 ME14818 ME14825 ME31181<br \/>\n* &#8211; Hammaspy\u00f6r\u00e4t ja ketjut ME13460 ME24343 ME31204<br \/>\n* &#8211; Pallo- ja vesirata ME14788 ME14665 ME15143 ME25043<br \/>\n* &#8211; Putkij\u00e4rjestelm\u00e4n rakennuspaketti pumpulla ME13149<br \/>\n* &#8211; Kirjain- ja numerosarja ME30412 ME3042<\/p>\n<p>Versio ilman takapaneelia:<\/p>\n<p>* &#8211; T\u00e4m\u00e4 vaihtoehto on rajoitettu ja sopii vain tasaisille ja puhtaille sein\u00e4pinnoille.<br \/>\n* &#8211; T\u00e4ss\u00e4 versiossa muoviset alustat porataan suoraan sein\u00e4\u00e4n.<br \/>\n* &#8211; Kun valitset t\u00e4m\u00e4n vaihtoehdon, muista, ett\u00e4 sein\u00e4n on oltava t\u00e4ysin tasainen, rapattu ja vaakasuora.* &#8211; Asennus vaatii suhteellisen enemm\u00e4n reiki\u00e4 sein\u00e4\u00e4n.<br \/>\n* &#8211; Sarjaan sis\u00e4ltyy malli reikien poraamista varten.<br \/>\n* &#8211; Jos sein\u00e4si on tasainen, voit valita t\u00e4m\u00e4n version ilman takapaneelia.<br \/>\n* &#8211; Muussa tapauksessa suosittelemme valitsemaan STEM-taulun version takapaneeleilla, jotta se sopii parhaiten ja on helppo asentaa.<\/p>\n<p>Jos sein\u00e4si on tasainen, valitse versio ilman takapaneeleita. Muussa tapauksessa suosittelemme valitsemaan takapaneeleilla varustetut laatat, jotta ne sopivat parhaiten ja ovat helpompia asentaa.<\/p>\n<p>Masterkidz-opetustaulun ansiosta lapsesi oppii veden mekanismien ja j\u00e4rjestelmien periaatteet, n\u00e4kee miten vesipumppu toimii ja oppii geometrisista kuvioista ja muodoista. Ruuvit, joihin voi ostaa erityisi\u00e4 ty\u00f6kaluja, ovat my\u00f6s suureksi avuksi. Niiden ansiosta lapsesi oppii k\u00e4ytt\u00e4m\u00e4\u00e4n ruuvimeisseli\u00e4, ruuvinv\u00e4\u00e4nnint\u00e4 ja jakoavaimia oikein, samalla kun leikkii turvallisesti.<\/p>\n","protected":false},"excerpt":{"rendered":"<p>Masterkidz STEM -koulutussein\u00e4taulu mahdollistaa luovan leikin ja oppimisen tieteen maailmasta. Leveiss\u00e4 80&#215;120 cm:n paneeleissa on reiki\u00e4, joihin voi ty\u00f6nt\u00e4\u00e4 v\u00e4rikk\u00e4it\u00e4 tappeja kauniiden kuvioiden luomiseksi. Taululle voi kiinnitt\u00e4\u00e4 my\u00f6s erilaisia oppimateriaalien apuv\u00e4lineit\u00e4, hammaspy\u00f6ri\u00e4, putkij\u00e4rjestelmi\u00e4 pumpulla ja muita mielenkiintoisia elementtej\u00e4. STEM Masterkidz -oppimistaulun avulla lapsesi voi aloittaa luovan, opettavaisen leikin luomalla kauniita kuvioita ja rakenteita lukemattomien leikiss\u00e4 [&hellip;]<\/p>\n","protected":false},"featured_media":0,"comment_status":"open","ping_status":"closed","template":"","meta":[],"product_brand":[],"product_cat":[32],"product_tag":[],"class_list":{"0":"post-36035","1":"product","2":"type-product","3":"status-publish","5":"product_cat-uncategorized-fi","7":"first","8":"instock","9":"shipping-taxable","10":"purchasable","11":"product-type-simple"},"_links":{"self":[{"href":"https:\/\/nordicmart.andreevmaster.com\/fi\/wp-json\/wp\/v2\/product\/36035","targetHints":{"allow":["GET"]}}],"collection":[{"href":"https:\/\/nordicmart.andreevmaster.com\/fi\/wp-json\/wp\/v2\/product"}],"about":[{"href":"https:\/\/nordicmart.andreevmaster.com\/fi\/wp-json\/wp\/v2\/types\/product"}],"replies":[{"embeddable":true,"href":"https:\/\/nordicmart.andreevmaster.com\/fi\/wp-json\/wp\/v2\/comments?post=36035"}],"wp:attachment":[{"href":"https:\/\/nordicmart.andreevmaster.com\/fi\/wp-json\/wp\/v2\/media?parent=36035"}],"wp:term":[{"taxonomy":"product_brand","embeddable":true,"href":"https:\/\/nordicmart.andreevmaster.com\/fi\/wp-json\/wp\/v2\/product_brand?post=36035"},{"taxonomy":"product_cat","embeddable":true,"href":"https:\/\/nordicmart.andreevmaster.com\/fi\/wp-json\/wp\/v2\/product_cat?post=36035"},{"taxonomy":"product_tag","embeddable":true,"href":"https:\/\/nordicmart.andreevmaster.com\/fi\/wp-json\/wp\/v2\/product_tag?post=36035"}],"curies":[{"name":"wp","href":"https:\/\/api.w.org\/{rel}","templated":true}]}}