{"id":36034,"date":"2026-02-27T00:32:41","date_gmt":"2026-02-27T00:32:41","guid":{"rendered":"https:\/\/nordicmart.andreevmaster.com\/product\/masterkidz-diamond-sorting-puzzle-montessori-opetustaulu\/"},"modified":"2026-02-27T09:50:48","modified_gmt":"2026-02-27T09:50:48","slug":"masterkidz-diamond-sorting-puzzle-montessori-opetustaulu","status":"publish","type":"product","link":"https:\/\/nordicmart.andreevmaster.com\/fi\/tuote\/masterkidz-diamond-sorting-puzzle-montessori-opetustaulu\/","title":{"rendered":"MASTERKIDZ Diamond Sorting Puzzle &#8211; Montessori-opetustaulu"},"content":{"rendered":"<p>T\u00e4m\u00e4 opetustaulu keskittyy muotojen tunnistamiseen ja hienomotoriikkaan. Se on jaettu kahteen osaan: yl\u00e4osassa on teht\u00e4v\u00e4palkki, johon lasten on asetettava kolme muotoa (punainen kuusikulmio, sininen neli\u00f6 ja keltainen ympyr\u00e4) oikeille paikoilleen. Taulun alaosa koostuu kolmesta sarakkeesta, joissa on 9 muotoa, jotka lasten on sovitettava oikeille paikoilleen keskittyen v\u00e4riin ja muotoon. Elementit on sijoitettu taululle siten, ett\u00e4 niit\u00e4 on helppo siirt\u00e4\u00e4, mutta ne eiv\u00e4t voi kadota. Lautaa voidaan k\u00e4ytt\u00e4\u00e4 p\u00f6yd\u00e4ll\u00e4 tai kiinnitt\u00e4\u00e4 sein\u00e4lle. Ominaisuudet: * &#8211; Voit hankkia useita lautoja ja vaihtaa niit\u00e4 helposti, ja erityiset kehykset pit\u00e4v\u00e4t laudan t\u00e4ydellisesti sein\u00e4\u00e4 vasten. * &#8211; Lautaa voidaan k\u00e4ytt\u00e4\u00e4 my\u00f6s ilman kehyksi\u00e4, esimerkiksi p\u00f6yd\u00e4ll\u00e4 tai lattialla. * &#8211; Liukuva labyrintti kehitt\u00e4\u00e4 motorisia taitoja ja muotojen tunnistamista.* &#8211; V\u00e4rikk\u00e4iden kahvojen ansiosta lapset voivat oppia my\u00f6s v\u00e4rej\u00e4. Lelu kehitt\u00e4\u00e4:* &#8211; motorisia taitoja* &#8211; aistitaitoja* &#8211; k\u00e4si-silm\u00e4-koordinaatiota* &#8211; mielikuvitusta* &#8211; keskittymiskyky\u00e4* &#8211; uteliaisuutta<\/p>\n","protected":false},"excerpt":{"rendered":"<p>T\u00e4m\u00e4 opetustaulu keskittyy muotojen tunnistamiseen ja hienomotoriikkaan. Se on jaettu kahteen osaan: yl\u00e4osassa on teht\u00e4v\u00e4palkki, johon lasten on asetettava kolme muotoa (punainen kuusikulmio, sininen neli\u00f6 ja keltainen ympyr\u00e4) oikeille paikoilleen. Taulun alaosa koostuu kolmesta sarakkeesta, joissa on 9 muotoa, jotka lasten on sovitettava oikeille paikoilleen keskittyen v\u00e4riin ja muotoon. Elementit on sijoitettu taululle siten, ett\u00e4 [&hellip;]<\/p>\n","protected":false},"featured_media":0,"comment_status":"open","ping_status":"closed","template":"","meta":[],"product_brand":[],"product_cat":[32],"product_tag":[],"class_list":{"0":"post-36034","1":"product","2":"type-product","3":"status-publish","5":"product_cat-uncategorized-fi","7":"first","8":"instock","9":"shipping-taxable","10":"purchasable","11":"product-type-simple"},"_links":{"self":[{"href":"https:\/\/nordicmart.andreevmaster.com\/fi\/wp-json\/wp\/v2\/product\/36034","targetHints":{"allow":["GET"]}}],"collection":[{"href":"https:\/\/nordicmart.andreevmaster.com\/fi\/wp-json\/wp\/v2\/product"}],"about":[{"href":"https:\/\/nordicmart.andreevmaster.com\/fi\/wp-json\/wp\/v2\/types\/product"}],"replies":[{"embeddable":true,"href":"https:\/\/nordicmart.andreevmaster.com\/fi\/wp-json\/wp\/v2\/comments?post=36034"}],"wp:attachment":[{"href":"https:\/\/nordicmart.andreevmaster.com\/fi\/wp-json\/wp\/v2\/media?parent=36034"}],"wp:term":[{"taxonomy":"product_brand","embeddable":true,"href":"https:\/\/nordicmart.andreevmaster.com\/fi\/wp-json\/wp\/v2\/product_brand?post=36034"},{"taxonomy":"product_cat","embeddable":true,"href":"https:\/\/nordicmart.andreevmaster.com\/fi\/wp-json\/wp\/v2\/product_cat?post=36034"},{"taxonomy":"product_tag","embeddable":true,"href":"https:\/\/nordicmart.andreevmaster.com\/fi\/wp-json\/wp\/v2\/product_tag?post=36034"}],"curies":[{"name":"wp","href":"https:\/\/api.w.org\/{rel}","templated":true}]}}