{"id":36033,"date":"2026-02-27T00:32:40","date_gmt":"2026-02-27T00:32:40","guid":{"rendered":"https:\/\/nordicmart.andreevmaster.com\/product\/masterkidz-rakennussarja-pallorata-stem-laudalle-63-kpl\/"},"modified":"2026-02-27T09:50:48","modified_gmt":"2026-02-27T09:50:48","slug":"masterkidz-rakennussarja-pallorata-stem-laudalle-63-kpl","status":"publish","type":"product","link":"https:\/\/nordicmart.andreevmaster.com\/fi\/tuote\/masterkidz-rakennussarja-pallorata-stem-laudalle-63-kpl\/","title":{"rendered":"MASTERKIDZ Rakennussarja Pallorata STEM-laudalle 63 kpl."},"content":{"rendered":"<p>Masterkidz STEM -oppimispelin avulla lapsesi p\u00e4\u00e4see nauttimaan luovasta ja opettavaisesta hauskanpidosta luomalla kauniita kuvioita ja rakenteita lukemattomien peliss\u00e4 k\u00e4ytett\u00e4vien elementtien avulla. Lapsesi p\u00e4\u00e4see mielikuvituksensa huipulle luomalla erilaisia polkuja palloille.Ominaisuudet:<\/p>\n<p>* &#8211; t\u00e4m\u00e4 on paras lelu lapsille, jotka haluavat rakentaa polkuja ja ratoja lis\u00e4\u00e4m\u00e4ll\u00e4 erilaisia palikoita, suunnanmuuttajia ja muita liikemekanismeja<br \/>\n* &#8211; j\u00e4rjestelm\u00e4ll\u00e4 voi leikki\u00e4 p\u00f6yd\u00e4ll\u00e4, lattialla ja ennen kaikkea STEM-laudalla<br \/>\n* &#8211; sarja koostuu 63 elementist\u00e4<br \/>\n* &#8211; sarja on valmistettu s\u00e4\u00e4nkest\u00e4vist\u00e4 materiaaleista, jotka kest\u00e4v\u00e4t v\u00e4rimuutoksia ja halkeilua<\/p>\n<p>Lelu kehitt\u00e4\u00e4:<\/p>\n<p>* &#8211; motorisia taitoja<br \/>\n* &#8211; mielikuvitusta<br \/>\n* &#8211; luovuutta<br \/>\n* &#8211; k\u00e4si-silm\u00e4-koordinaatiota<\/p>\n","protected":false},"excerpt":{"rendered":"<p>Masterkidz STEM -oppimispelin avulla lapsesi p\u00e4\u00e4see nauttimaan luovasta ja opettavaisesta hauskanpidosta luomalla kauniita kuvioita ja rakenteita lukemattomien peliss\u00e4 k\u00e4ytett\u00e4vien elementtien avulla. Lapsesi p\u00e4\u00e4see mielikuvituksensa huipulle luomalla erilaisia polkuja palloille.Ominaisuudet: * &#8211; t\u00e4m\u00e4 on paras lelu lapsille, jotka haluavat rakentaa polkuja ja ratoja lis\u00e4\u00e4m\u00e4ll\u00e4 erilaisia palikoita, suunnanmuuttajia ja muita liikemekanismeja * &#8211; j\u00e4rjestelm\u00e4ll\u00e4 voi leikki\u00e4 p\u00f6yd\u00e4ll\u00e4, [&hellip;]<\/p>\n","protected":false},"featured_media":0,"comment_status":"open","ping_status":"closed","template":"","meta":[],"product_brand":[],"product_cat":[32],"product_tag":[],"class_list":{"0":"post-36033","1":"product","2":"type-product","3":"status-publish","5":"product_cat-uncategorized-fi","7":"first","8":"instock","9":"shipping-taxable","10":"purchasable","11":"product-type-simple"},"_links":{"self":[{"href":"https:\/\/nordicmart.andreevmaster.com\/fi\/wp-json\/wp\/v2\/product\/36033","targetHints":{"allow":["GET"]}}],"collection":[{"href":"https:\/\/nordicmart.andreevmaster.com\/fi\/wp-json\/wp\/v2\/product"}],"about":[{"href":"https:\/\/nordicmart.andreevmaster.com\/fi\/wp-json\/wp\/v2\/types\/product"}],"replies":[{"embeddable":true,"href":"https:\/\/nordicmart.andreevmaster.com\/fi\/wp-json\/wp\/v2\/comments?post=36033"}],"wp:attachment":[{"href":"https:\/\/nordicmart.andreevmaster.com\/fi\/wp-json\/wp\/v2\/media?parent=36033"}],"wp:term":[{"taxonomy":"product_brand","embeddable":true,"href":"https:\/\/nordicmart.andreevmaster.com\/fi\/wp-json\/wp\/v2\/product_brand?post=36033"},{"taxonomy":"product_cat","embeddable":true,"href":"https:\/\/nordicmart.andreevmaster.com\/fi\/wp-json\/wp\/v2\/product_cat?post=36033"},{"taxonomy":"product_tag","embeddable":true,"href":"https:\/\/nordicmart.andreevmaster.com\/fi\/wp-json\/wp\/v2\/product_tag?post=36033"}],"curies":[{"name":"wp","href":"https:\/\/api.w.org\/{rel}","templated":true}]}}