{"id":36032,"date":"2026-02-27T00:32:40","date_gmt":"2026-02-27T00:32:40","guid":{"rendered":"https:\/\/nordicmart.andreevmaster.com\/product\/masterkidz-tasapainohahmot-10-kappaletta\/"},"modified":"2026-02-27T09:50:48","modified_gmt":"2026-02-27T09:50:48","slug":"masterkidz-tasapainohahmot-10-kappaletta","status":"publish","type":"product","link":"https:\/\/nordicmart.andreevmaster.com\/fi\/tuote\/masterkidz-tasapainohahmot-10-kappaletta\/","title":{"rendered":"MASTERKIDZ Tasapainohahmot, 10 kappaletta"},"content":{"rendered":"<p>Masterkidz-puinen tasapainoleikki on ep\u00e4tavallinen taitopeli, joka miellytt\u00e4\u00e4 sek\u00e4 lapsia ett\u00e4 aikuisia. Tavoitteena on rakentaa vakaa pyramidi 10 puusta valmistetusta hahmosta, joihin on painettu kirjain. Peli on erinomainen k\u00e4rsiv\u00e4llisyyden, keskittymiskyvyn ja avaruudellisen mielikuvituksen harjoittamiseen. Se kehitt\u00e4\u00e4 k\u00e4den taitoja ja k\u00e4si-silm\u00e4-koordinaatiota.Ominaisuudet:<\/p>\n<p>* &#8211; 10 kirjainta sis\u00e4lt\u00e4v\u00e4\u00e4 hahmoa<br \/>\n* &#8211; Valmistettu puusta ja muovista<br \/>\n* &#8211; Lelussa ei ole ter\u00e4vi\u00e4 reunoja, ja se on valmistettu korkealaatuisista materiaaleista, jotka ovat turvallisia lapsille ja ymp\u00e4rist\u00f6lle<br \/>\n* &#8211; Maalattu myrkytt\u00f6mill\u00e4 maaleilla<\/p>\n<p>Lelu kehitt\u00e4\u00e4:<\/p>\n<p>* &#8211; Mielikuvitusta<br \/>\n* &#8211; K\u00e4sien motorisia taitoja<br \/>\n* &#8211; Kognitiivisia taitoja<br \/>\n* &#8211; Loogista ajattelua<br \/>\n* &#8211; Keskittymiskyky\u00e4<br \/>\n* &#8211; Hienomotoriikkaa<br \/>\n* &#8211; Kirjainten tuntemusta<\/p>\n<p>S\u00e4\u00e4nn\u00f6t:<\/p>\n<p>Teht\u00e4v\u00e4n\u00e4si on pinota ne mahdollisimman korkeaksi torniksi. Miten sen teet, on t\u00e4ysin sinun p\u00e4\u00e4tett\u00e4viss\u00e4si! Mik\u00e4\u00e4n ei est\u00e4 sinua kokeilemasta, pysyv\u00e4tk\u00f6 hahmot k\u00e4sill\u00e4\u00e4n seisomassa!<\/p>\n<p>Hahmot voidaan my\u00f6s j\u00e4rjest\u00e4\u00e4 v\u00e4rikk\u00e4\u00e4ksi paraatiksi ja moniksi muiksi muodoiksi. Sarja stimuloi mielikuvitusta ja vieh\u00e4tt\u00e4\u00e4 varmasti luovia lapsia, jotka tykk\u00e4\u00e4v\u00e4t luoda fantastisia maailmoja.<\/p>\n","protected":false},"excerpt":{"rendered":"<p>Masterkidz-puinen tasapainoleikki on ep\u00e4tavallinen taitopeli, joka miellytt\u00e4\u00e4 sek\u00e4 lapsia ett\u00e4 aikuisia. Tavoitteena on rakentaa vakaa pyramidi 10 puusta valmistetusta hahmosta, joihin on painettu kirjain. Peli on erinomainen k\u00e4rsiv\u00e4llisyyden, keskittymiskyvyn ja avaruudellisen mielikuvituksen harjoittamiseen. Se kehitt\u00e4\u00e4 k\u00e4den taitoja ja k\u00e4si-silm\u00e4-koordinaatiota.Ominaisuudet: * &#8211; 10 kirjainta sis\u00e4lt\u00e4v\u00e4\u00e4 hahmoa * &#8211; Valmistettu puusta ja muovista * &#8211; Lelussa ei [&hellip;]<\/p>\n","protected":false},"featured_media":0,"comment_status":"open","ping_status":"closed","template":"","meta":[],"product_brand":[],"product_cat":[32],"product_tag":[],"class_list":{"0":"post-36032","1":"product","2":"type-product","3":"status-publish","5":"product_cat-uncategorized-fi","7":"first","8":"instock","9":"shipping-taxable","10":"purchasable","11":"product-type-simple"},"_links":{"self":[{"href":"https:\/\/nordicmart.andreevmaster.com\/fi\/wp-json\/wp\/v2\/product\/36032","targetHints":{"allow":["GET"]}}],"collection":[{"href":"https:\/\/nordicmart.andreevmaster.com\/fi\/wp-json\/wp\/v2\/product"}],"about":[{"href":"https:\/\/nordicmart.andreevmaster.com\/fi\/wp-json\/wp\/v2\/types\/product"}],"replies":[{"embeddable":true,"href":"https:\/\/nordicmart.andreevmaster.com\/fi\/wp-json\/wp\/v2\/comments?post=36032"}],"wp:attachment":[{"href":"https:\/\/nordicmart.andreevmaster.com\/fi\/wp-json\/wp\/v2\/media?parent=36032"}],"wp:term":[{"taxonomy":"product_brand","embeddable":true,"href":"https:\/\/nordicmart.andreevmaster.com\/fi\/wp-json\/wp\/v2\/product_brand?post=36032"},{"taxonomy":"product_cat","embeddable":true,"href":"https:\/\/nordicmart.andreevmaster.com\/fi\/wp-json\/wp\/v2\/product_cat?post=36032"},{"taxonomy":"product_tag","embeddable":true,"href":"https:\/\/nordicmart.andreevmaster.com\/fi\/wp-json\/wp\/v2\/product_tag?post=36032"}],"curies":[{"name":"wp","href":"https:\/\/api.w.org\/{rel}","templated":true}]}}