{"id":36030,"date":"2026-02-27T00:32:40","date_gmt":"2026-02-27T00:32:40","guid":{"rendered":"https:\/\/nordicmart.andreevmaster.com\/product\/masterkidz-akryylisailiot-stem-taulun-osille-6-kappaletta\/"},"modified":"2026-02-27T09:50:47","modified_gmt":"2026-02-27T09:50:47","slug":"masterkidz-akryylisailiot-stem-taulun-osille-6-kappaletta","status":"publish","type":"product","link":"https:\/\/nordicmart.andreevmaster.com\/fi\/tuote\/masterkidz-akryylisailiot-stem-taulun-osille-6-kappaletta\/","title":{"rendered":"MASTERKIDZ Akryylis\u00e4ili\u00f6t STEM-taulun osille, 6 kappaletta"},"content":{"rendered":"<p>Lelujen s\u00e4ilytysastiat, jotka on valmistettu kest\u00e4v\u00e4st\u00e4 ja turvallisesta akryylist\u00e4. 6 astian sarja on suunniteltu Masterkidz Creative Science Board -taulujen kaikkien lis\u00e4varusteiden s\u00e4ilytt\u00e4miseen. Niihin mahtuu kaikki tapit, ruuvit ja muut osat, jotka lapsi haluaa pit\u00e4\u00e4 aina mukana leikkiess\u00e4\u00e4n.S\u00e4ilytysastiat on suunniteltu k\u00e4ytett\u00e4v\u00e4ksi yhdess\u00e4 erityisen Masterkidz-telineen (ME13095) kanssa, johon kaikki 12 astiaa mahtuu omille hyllyilleen. N\u00e4in lapsella on kaikki tarvikkeet k\u00e4den ulottuvilla, ja leikin siirt\u00e4minen toiseen paikkaan on helppoa ja vaivatonta.<\/p>\n","protected":false},"excerpt":{"rendered":"<p>Lelujen s\u00e4ilytysastiat, jotka on valmistettu kest\u00e4v\u00e4st\u00e4 ja turvallisesta akryylist\u00e4. 6 astian sarja on suunniteltu Masterkidz Creative Science Board -taulujen kaikkien lis\u00e4varusteiden s\u00e4ilytt\u00e4miseen. Niihin mahtuu kaikki tapit, ruuvit ja muut osat, jotka lapsi haluaa pit\u00e4\u00e4 aina mukana leikkiess\u00e4\u00e4n.S\u00e4ilytysastiat on suunniteltu k\u00e4ytett\u00e4v\u00e4ksi yhdess\u00e4 erityisen Masterkidz-telineen (ME13095) kanssa, johon kaikki 12 astiaa mahtuu omille hyllyilleen. N\u00e4in lapsella on [&hellip;]<\/p>\n","protected":false},"featured_media":0,"comment_status":"open","ping_status":"closed","template":"","meta":[],"product_brand":[],"product_cat":[32],"product_tag":[],"class_list":{"0":"post-36030","1":"product","2":"type-product","3":"status-publish","5":"product_cat-uncategorized-fi","7":"first","8":"instock","9":"shipping-taxable","10":"purchasable","11":"product-type-simple"},"_links":{"self":[{"href":"https:\/\/nordicmart.andreevmaster.com\/fi\/wp-json\/wp\/v2\/product\/36030","targetHints":{"allow":["GET"]}}],"collection":[{"href":"https:\/\/nordicmart.andreevmaster.com\/fi\/wp-json\/wp\/v2\/product"}],"about":[{"href":"https:\/\/nordicmart.andreevmaster.com\/fi\/wp-json\/wp\/v2\/types\/product"}],"replies":[{"embeddable":true,"href":"https:\/\/nordicmart.andreevmaster.com\/fi\/wp-json\/wp\/v2\/comments?post=36030"}],"wp:attachment":[{"href":"https:\/\/nordicmart.andreevmaster.com\/fi\/wp-json\/wp\/v2\/media?parent=36030"}],"wp:term":[{"taxonomy":"product_brand","embeddable":true,"href":"https:\/\/nordicmart.andreevmaster.com\/fi\/wp-json\/wp\/v2\/product_brand?post=36030"},{"taxonomy":"product_cat","embeddable":true,"href":"https:\/\/nordicmart.andreevmaster.com\/fi\/wp-json\/wp\/v2\/product_cat?post=36030"},{"taxonomy":"product_tag","embeddable":true,"href":"https:\/\/nordicmart.andreevmaster.com\/fi\/wp-json\/wp\/v2\/product_tag?post=36030"}],"curies":[{"name":"wp","href":"https:\/\/api.w.org\/{rel}","templated":true}]}}