{"id":36029,"date":"2026-02-27T00:32:39","date_gmt":"2026-02-27T00:32:39","guid":{"rendered":"https:\/\/nordicmart.andreevmaster.com\/product\/masterkidz-seinataulu-hammaspyorat-ja-ketju-79-kpl-rakenna-oma-mekanismi\/"},"modified":"2026-02-27T09:50:47","modified_gmt":"2026-02-27T09:50:47","slug":"masterkidz-seinataulu-hammaspyorat-ja-ketju-79-kpl-rakenna-oma-mekanismi","status":"publish","type":"product","link":"https:\/\/nordicmart.andreevmaster.com\/fi\/tuote\/masterkidz-seinataulu-hammaspyorat-ja-ketju-79-kpl-rakenna-oma-mekanismi\/","title":{"rendered":"MASTERKIDZ Sein\u00e4taulu Hammaspy\u00f6r\u00e4t ja ketju 79 kpl. Rakenna oma mekanismi"},"content":{"rendered":"<p>V\u00e4rikk\u00e4iden hammaspy\u00f6rien ja vaihteiden sarja, jonka avulla voit rakentaa monimutkaisia mekanismeja. Lelu kiinnitet\u00e4\u00e4n Masterkidz STEM Science and Creative Board -tauluun erityisill\u00e4 Masterkidz-ruuveilla. Hammaspy\u00f6rien kanssa leikkiminen parantaa lasten motorisia taitoja, loogista ajattelua ja luovuutta. <\/p>\n<p>### Ominaisuudet: <\/p>\n<p>* &#8211; Lapset rakastavat hammaspy\u00f6ri\u00e4 ja mekanismeja. Ne ovat kiehtovia \u2013 ne py\u00f6riv\u00e4t ja sopivat yhteen. Ne toimivat kuin yksi organismi. T\u00e4llaisten mekanismien toiminnan seuraaminen on eritt\u00e4in tyydytt\u00e4v\u00e4\u00e4 ja hauskaa.<br \/>\n* &#8211; Masterkidz-hammaspy\u00f6r\u00e4- ja hammasratassarja on suunniteltu asennettavaksi erityiseen Masterkidz STEM -j\u00e4rjestelm\u00e4\u00e4n. Jokainen haluttu elementti kiinnitet\u00e4\u00e4n opetussein\u00e4\u00e4n Masterkidz-lasten ty\u00f6kaluille sopivilla erityisruuveilla.<\/p>\n<p>Sarja koostuu 79 elementist\u00e4:<\/p>\n<p>* &#8211; 2 hammaspy\u00f6r\u00e4\u00e4 kampiakselilla<br \/>\n* &#8211; 12 isoa hammaspy\u00f6r\u00e4\u00e4, joissa on 12 hammasta<br \/>\n* &#8211; 24 v\u00e4rillist\u00e4 hammaspy\u00f6r\u00e4\u00e4, joissa on 6 hammasta<br \/>\n* &#8211; pituuss\u00e4\u00e4dett\u00e4v\u00e4 ketju<br \/>\n* &#8211; 20 ruuvia<br \/>\n* &#8211; 20 tappia (nastat)<\/p>\n","protected":false},"excerpt":{"rendered":"<p>V\u00e4rikk\u00e4iden hammaspy\u00f6rien ja vaihteiden sarja, jonka avulla voit rakentaa monimutkaisia mekanismeja. Lelu kiinnitet\u00e4\u00e4n Masterkidz STEM Science and Creative Board -tauluun erityisill\u00e4 Masterkidz-ruuveilla. Hammaspy\u00f6rien kanssa leikkiminen parantaa lasten motorisia taitoja, loogista ajattelua ja luovuutta. ### Ominaisuudet: * &#8211; Lapset rakastavat hammaspy\u00f6ri\u00e4 ja mekanismeja. Ne ovat kiehtovia \u2013 ne py\u00f6riv\u00e4t ja sopivat yhteen. Ne toimivat kuin yksi [&hellip;]<\/p>\n","protected":false},"featured_media":0,"comment_status":"open","ping_status":"closed","template":"","meta":[],"product_brand":[],"product_cat":[32],"product_tag":[],"class_list":{"0":"post-36029","1":"product","2":"type-product","3":"status-publish","5":"product_cat-uncategorized-fi","7":"first","8":"instock","9":"shipping-taxable","10":"purchasable","11":"product-type-simple"},"_links":{"self":[{"href":"https:\/\/nordicmart.andreevmaster.com\/fi\/wp-json\/wp\/v2\/product\/36029","targetHints":{"allow":["GET"]}}],"collection":[{"href":"https:\/\/nordicmart.andreevmaster.com\/fi\/wp-json\/wp\/v2\/product"}],"about":[{"href":"https:\/\/nordicmart.andreevmaster.com\/fi\/wp-json\/wp\/v2\/types\/product"}],"replies":[{"embeddable":true,"href":"https:\/\/nordicmart.andreevmaster.com\/fi\/wp-json\/wp\/v2\/comments?post=36029"}],"wp:attachment":[{"href":"https:\/\/nordicmart.andreevmaster.com\/fi\/wp-json\/wp\/v2\/media?parent=36029"}],"wp:term":[{"taxonomy":"product_brand","embeddable":true,"href":"https:\/\/nordicmart.andreevmaster.com\/fi\/wp-json\/wp\/v2\/product_brand?post=36029"},{"taxonomy":"product_cat","embeddable":true,"href":"https:\/\/nordicmart.andreevmaster.com\/fi\/wp-json\/wp\/v2\/product_cat?post=36029"},{"taxonomy":"product_tag","embeddable":true,"href":"https:\/\/nordicmart.andreevmaster.com\/fi\/wp-json\/wp\/v2\/product_tag?post=36029"}],"curies":[{"name":"wp","href":"https:\/\/api.w.org\/{rel}","templated":true}]}}