{"id":36028,"date":"2026-02-27T00:32:39","date_gmt":"2026-02-27T00:32:39","guid":{"rendered":"https:\/\/nordicmart.andreevmaster.com\/product\/masterkidz-puinen-suurennuslasisetti-sailytysastialla\/"},"modified":"2026-02-27T09:50:47","modified_gmt":"2026-02-27T09:50:47","slug":"masterkidz-puinen-suurennuslasisetti-sailytysastialla","status":"publish","type":"product","link":"https:\/\/nordicmart.andreevmaster.com\/fi\/tuote\/masterkidz-puinen-suurennuslasisetti-sailytysastialla\/","title":{"rendered":"MASTERKIDZ Puinen suurennuslasisetti s\u00e4ilytysastialla"},"content":{"rendered":"<p>Anna lapsesi ryhty\u00e4 pieneksi tutkimusmatkailijaksi t\u00e4m\u00e4n ainutlaatuisen suurennuslasisetin ja puisen telineen avulla! Sarja sis\u00e4lt\u00e4\u00e4 nelj\u00e4 tukevaa suurennuslasia, joissa on suuret, l\u00e4pin\u00e4kyv\u00e4t linssit, jotka sopivat erinomaisesti kasvien, hy\u00f6nteisten ja muiden luonnon aarteiden tutkimiseen. Jokaisessa suurennuslasissa on ergonominen puinen kahva, joka on v\u00e4rilt\u00e4\u00e4n kirkas (punainen, vihre\u00e4, keltainen ja sininen) ja suunniteltu pienille k\u00e4sille. <\/p>\n<p>Sarja sis\u00e4lt\u00e4\u00e4 puisen telineen, jossa on l\u00e4pin\u00e4kyv\u00e4 kansi.<\/p>\n<p>\u2705 Ominaisuudet:<\/p>\n<p>\u2714\ufe0f 4 suurennuslasia, joissa on eri v\u00e4riset puukahvat \u2714\ufe0f Tukeva puinen teline l\u00e4pin\u00e4kyv\u00e4ll\u00e4 kannella \u2714\ufe0f Suurennus tarkkaan havainnointiin \u2714\ufe0f Turvalliset materiaalit, ihanteelliset lapsille \u2714\ufe0f Rohkaisee uteliaisuuteen, oppimiseen leikin kautta ja kehitt\u00e4\u00e4 havainnointikyky\u00e4<\/p>\n<p>T\u00e4m\u00e4 on t\u00e4ydellinen valinta pienille tutkimusmatkailijoille, jotka haluavat l\u00f6yt\u00e4\u00e4 ymp\u00e4r\u00f6iv\u00e4n maailman salaisuudet!<\/p>\n","protected":false},"excerpt":{"rendered":"<p>Anna lapsesi ryhty\u00e4 pieneksi tutkimusmatkailijaksi t\u00e4m\u00e4n ainutlaatuisen suurennuslasisetin ja puisen telineen avulla! Sarja sis\u00e4lt\u00e4\u00e4 nelj\u00e4 tukevaa suurennuslasia, joissa on suuret, l\u00e4pin\u00e4kyv\u00e4t linssit, jotka sopivat erinomaisesti kasvien, hy\u00f6nteisten ja muiden luonnon aarteiden tutkimiseen. Jokaisessa suurennuslasissa on ergonominen puinen kahva, joka on v\u00e4rilt\u00e4\u00e4n kirkas (punainen, vihre\u00e4, keltainen ja sininen) ja suunniteltu pienille k\u00e4sille. Sarja sis\u00e4lt\u00e4\u00e4 puisen telineen, [&hellip;]<\/p>\n","protected":false},"featured_media":0,"comment_status":"open","ping_status":"closed","template":"","meta":[],"product_brand":[],"product_cat":[32],"product_tag":[],"class_list":{"0":"post-36028","1":"product","2":"type-product","3":"status-publish","5":"product_cat-uncategorized-fi","7":"first","8":"instock","9":"shipping-taxable","10":"purchasable","11":"product-type-simple"},"_links":{"self":[{"href":"https:\/\/nordicmart.andreevmaster.com\/fi\/wp-json\/wp\/v2\/product\/36028","targetHints":{"allow":["GET"]}}],"collection":[{"href":"https:\/\/nordicmart.andreevmaster.com\/fi\/wp-json\/wp\/v2\/product"}],"about":[{"href":"https:\/\/nordicmart.andreevmaster.com\/fi\/wp-json\/wp\/v2\/types\/product"}],"replies":[{"embeddable":true,"href":"https:\/\/nordicmart.andreevmaster.com\/fi\/wp-json\/wp\/v2\/comments?post=36028"}],"wp:attachment":[{"href":"https:\/\/nordicmart.andreevmaster.com\/fi\/wp-json\/wp\/v2\/media?parent=36028"}],"wp:term":[{"taxonomy":"product_brand","embeddable":true,"href":"https:\/\/nordicmart.andreevmaster.com\/fi\/wp-json\/wp\/v2\/product_brand?post=36028"},{"taxonomy":"product_cat","embeddable":true,"href":"https:\/\/nordicmart.andreevmaster.com\/fi\/wp-json\/wp\/v2\/product_cat?post=36028"},{"taxonomy":"product_tag","embeddable":true,"href":"https:\/\/nordicmart.andreevmaster.com\/fi\/wp-json\/wp\/v2\/product_tag?post=36028"}],"curies":[{"name":"wp","href":"https:\/\/api.w.org\/{rel}","templated":true}]}}