{"id":36027,"date":"2026-02-27T00:32:39","date_gmt":"2026-02-27T00:32:39","guid":{"rendered":"https:\/\/nordicmart.andreevmaster.com\/product\/masterkidz-varikkaat-toukat-oppivat-numeroita-ja-maaria-montessori-opetustaulu\/"},"modified":"2026-02-27T09:50:47","modified_gmt":"2026-02-27T09:50:47","slug":"masterkidz-varikkaat-toukat-oppivat-numeroita-ja-maaria-montessori-opetustaulu","status":"publish","type":"product","link":"https:\/\/nordicmart.andreevmaster.com\/fi\/tuote\/masterkidz-varikkaat-toukat-oppivat-numeroita-ja-maaria-montessori-opetustaulu\/","title":{"rendered":"MASTERKIDZ V\u00e4rikk\u00e4\u00e4t toukat oppivat numeroita ja m\u00e4\u00e4ri\u00e4 &#8211; Montessori-opetustaulu"},"content":{"rendered":"<p>Koulutuslevyss\u00e4 on 5 v\u00e4rik\u00e4st\u00e4 toukkaa ja 15 liukukappaleella varustettua, viiden v\u00e4rist\u00e4 timanttia. Lapset voivat liikutella niit\u00e4, mutta eiv\u00e4t poistaa niit\u00e4. Levyss\u00e4 on 5 korviketta numeroille 1\u20135 (numerot, sormet, viivat, palikat, pisteet). Vasemmalla puolella on liukukappaleita, joilla voi asettaa haasteita. Lapset voivat leikki\u00e4 vapaasti tai k\u00e4ytt\u00e4\u00e4 lautaa oppiakseen laskemaan 5:een asti siirt\u00e4m\u00e4ll\u00e4 jalokivet oikeille paikoilleen. Ominaisuudet: * &#8211; 2-vuotiaille ja sit\u00e4 vanhemmille lapsille * &#8211; Sis\u00e4lt\u00e4\u00e4 5 v\u00e4rikk\u00e4\u00e4n toukan kuvaavia grafiikoita * &#8211; Valmistettu puusta * &#8211; Auttaa lapsia keskittym\u00e4\u00e4n ja harjoittamaan mielt\u00e4\u00e4n * &#8211; Parantaa motorisia taitoja<br \/>\n* &#8211; auttaa lapsia oppimaan laskemaan viiteen ja tunnistamaan v\u00e4rej\u00e4<\/p>\n<p>Lelu kehitt\u00e4\u00e4:<\/p>\n<p>* &#8211; aistitaitoja<br \/>\n* &#8211; motorisia taitoja<br \/>\n* &#8211; k\u00e4si-silm\u00e4-koordinaatiota<br \/>\n* &#8211; laskemistaitoja<\/p>\n","protected":false},"excerpt":{"rendered":"<p>Koulutuslevyss\u00e4 on 5 v\u00e4rik\u00e4st\u00e4 toukkaa ja 15 liukukappaleella varustettua, viiden v\u00e4rist\u00e4 timanttia. Lapset voivat liikutella niit\u00e4, mutta eiv\u00e4t poistaa niit\u00e4. Levyss\u00e4 on 5 korviketta numeroille 1\u20135 (numerot, sormet, viivat, palikat, pisteet). Vasemmalla puolella on liukukappaleita, joilla voi asettaa haasteita. Lapset voivat leikki\u00e4 vapaasti tai k\u00e4ytt\u00e4\u00e4 lautaa oppiakseen laskemaan 5:een asti siirt\u00e4m\u00e4ll\u00e4 jalokivet oikeille paikoilleen. Ominaisuudet: [&hellip;]<\/p>\n","protected":false},"featured_media":0,"comment_status":"open","ping_status":"closed","template":"","meta":[],"product_brand":[],"product_cat":[32],"product_tag":[],"class_list":{"0":"post-36027","1":"product","2":"type-product","3":"status-publish","5":"product_cat-uncategorized-fi","7":"first","8":"instock","9":"shipping-taxable","10":"purchasable","11":"product-type-simple"},"_links":{"self":[{"href":"https:\/\/nordicmart.andreevmaster.com\/fi\/wp-json\/wp\/v2\/product\/36027","targetHints":{"allow":["GET"]}}],"collection":[{"href":"https:\/\/nordicmart.andreevmaster.com\/fi\/wp-json\/wp\/v2\/product"}],"about":[{"href":"https:\/\/nordicmart.andreevmaster.com\/fi\/wp-json\/wp\/v2\/types\/product"}],"replies":[{"embeddable":true,"href":"https:\/\/nordicmart.andreevmaster.com\/fi\/wp-json\/wp\/v2\/comments?post=36027"}],"wp:attachment":[{"href":"https:\/\/nordicmart.andreevmaster.com\/fi\/wp-json\/wp\/v2\/media?parent=36027"}],"wp:term":[{"taxonomy":"product_brand","embeddable":true,"href":"https:\/\/nordicmart.andreevmaster.com\/fi\/wp-json\/wp\/v2\/product_brand?post=36027"},{"taxonomy":"product_cat","embeddable":true,"href":"https:\/\/nordicmart.andreevmaster.com\/fi\/wp-json\/wp\/v2\/product_cat?post=36027"},{"taxonomy":"product_tag","embeddable":true,"href":"https:\/\/nordicmart.andreevmaster.com\/fi\/wp-json\/wp\/v2\/product_tag?post=36027"}],"curies":[{"name":"wp","href":"https:\/\/api.w.org\/{rel}","templated":true}]}}