{"id":36025,"date":"2026-02-27T00:32:38","date_gmt":"2026-02-27T00:32:38","guid":{"rendered":"https:\/\/nordicmart.andreevmaster.com\/product\/masterkidz-varikkaat-jumbo-tapit-stem-laudalle-128-kpl-8-varia\/"},"modified":"2026-02-27T09:50:47","modified_gmt":"2026-02-27T09:50:47","slug":"masterkidz-varikkaat-jumbo-tapit-stem-laudalle-128-kpl-8-varia","status":"publish","type":"product","link":"https:\/\/nordicmart.andreevmaster.com\/fi\/tuote\/masterkidz-varikkaat-jumbo-tapit-stem-laudalle-128-kpl-8-varia\/","title":{"rendered":"MASTERKIDZ V\u00e4rikk\u00e4\u00e4t jumbo-tapit STEM-laudalle 128 kpl. &#8211; 8 v\u00e4ri\u00e4"},"content":{"rendered":"<p>Masterkidz Colorful Jumbo Pegs on sarja suuria, tukevia palikoita luovaan leikkiin ja oppimiseen! Niiden avulla jokainen lapsi voi luoda omia kuvia, el\u00e4imi\u00e4, ajoneuvoja ja upeita malleja kehitt\u00e4en samalla luovuuttaan ja mielikuvitustaan. STEM-manipulatiivinen taulu. Pegit ovat helppok\u00e4ytt\u00f6isi\u00e4, v\u00e4rikk\u00e4it\u00e4 ja t\u00e4ysin turvallisia lapsille. Ne ovat t\u00e4ydellinen valinta p\u00e4iv\u00e4kotiin, kouluun ja kotiin \u2013 kaikille, jotka haluavat kehitt\u00e4\u00e4 mielikuvitustaan ja k\u00e4dentaitojaan luovan leikin avulla.Ominaisuudet:* &#8211; Sarja sis\u00e4lt\u00e4\u00e4 128 isoa muovista tappia 8 kirkkaassa v\u00e4riss\u00e4, 16 tappia kutakin v\u00e4ri\u00e4* &#8211; Ergonominen muoto \u2013 helppo tarttua pienill\u00e4kin k\u00e4sill\u00e4* &#8211; Valmistettu kest\u00e4v\u00e4st\u00e4, turvallisesta ja vaurioita kest\u00e4v\u00e4st\u00e4 muovista.* &#8211; Suunniteltu helppoa kokoamista ja purkamista varten STEM-laudoilla<\/p>\n<p>Lelu kehitt\u00e4\u00e4:<\/p>\n<p>* &#8211; Luovuutta<br \/>\n* &#8211; Mielikuvitusta<br \/>\n* &#8211; Motorisia taitoja<br \/>\n* &#8211; Sosiaalisia taitoja<\/p>\n<p>Sarja yhteensopiva:<\/p>\n<p>* &#8211; STEM-ty\u00f6pajat ME29584 ME29591<br \/>\n* &#8211; STEM-sein\u00e4tauluja ME12838 ME10971 ME11343 ME15358 ME15372 ME15389 ME15365 ME25111 ME25166<br \/>\n* &#8211; STEM-vapaasti seisovia tauluja ME29348 ME09548 ME09531 ME2932<br \/>\n* &#8211; STEM-sein\u00e4t ME30849<br \/>\n* &#8211; Valmiit sarjat STEM MK0005 MK0006 MK0008 MK0009 MK0010 ME20925 ME25319-1 ME25319-2<\/p>\n<p>&#8211; STEM-ty\u00f6pajat ME29584 ME29591<\/p>\n<p>&#8211; STEM-sein\u00e4taulut ME12838 ME10971 ME11343 ME15358 ME15372 ME15389 ME15365 ME25111 ME25166<\/p>\n<p>&#8211; Vapaasti seisovat taulut STEM ME29348 ME09548 ME09531 ME2932<\/p>\n<p>&#8211; STEM-sein\u00e4t ME30849<\/p>\n<p>&#8211; Valmiit STEM-sarjat MK0005 MK0006 MK0008 MK0009 MK0010 ME20925 ME25319-1 ME25319-2<\/p>\n<p>[img-76717-right-thickbox_default]<\/p>\n<p>[img-76719-right-thickbox_default]<\/p>\n","protected":false},"excerpt":{"rendered":"<p>Masterkidz Colorful Jumbo Pegs on sarja suuria, tukevia palikoita luovaan leikkiin ja oppimiseen! Niiden avulla jokainen lapsi voi luoda omia kuvia, el\u00e4imi\u00e4, ajoneuvoja ja upeita malleja kehitt\u00e4en samalla luovuuttaan ja mielikuvitustaan. STEM-manipulatiivinen taulu. Pegit ovat helppok\u00e4ytt\u00f6isi\u00e4, v\u00e4rikk\u00e4it\u00e4 ja t\u00e4ysin turvallisia lapsille. Ne ovat t\u00e4ydellinen valinta p\u00e4iv\u00e4kotiin, kouluun ja kotiin \u2013 kaikille, jotka haluavat kehitt\u00e4\u00e4 mielikuvitustaan [&hellip;]<\/p>\n","protected":false},"featured_media":0,"comment_status":"open","ping_status":"closed","template":"","meta":[],"product_brand":[],"product_cat":[32],"product_tag":[],"class_list":{"0":"post-36025","1":"product","2":"type-product","3":"status-publish","5":"product_cat-uncategorized-fi","7":"first","8":"instock","9":"shipping-taxable","10":"purchasable","11":"product-type-simple"},"_links":{"self":[{"href":"https:\/\/nordicmart.andreevmaster.com\/fi\/wp-json\/wp\/v2\/product\/36025","targetHints":{"allow":["GET"]}}],"collection":[{"href":"https:\/\/nordicmart.andreevmaster.com\/fi\/wp-json\/wp\/v2\/product"}],"about":[{"href":"https:\/\/nordicmart.andreevmaster.com\/fi\/wp-json\/wp\/v2\/types\/product"}],"replies":[{"embeddable":true,"href":"https:\/\/nordicmart.andreevmaster.com\/fi\/wp-json\/wp\/v2\/comments?post=36025"}],"wp:attachment":[{"href":"https:\/\/nordicmart.andreevmaster.com\/fi\/wp-json\/wp\/v2\/media?parent=36025"}],"wp:term":[{"taxonomy":"product_brand","embeddable":true,"href":"https:\/\/nordicmart.andreevmaster.com\/fi\/wp-json\/wp\/v2\/product_brand?post=36025"},{"taxonomy":"product_cat","embeddable":true,"href":"https:\/\/nordicmart.andreevmaster.com\/fi\/wp-json\/wp\/v2\/product_cat?post=36025"},{"taxonomy":"product_tag","embeddable":true,"href":"https:\/\/nordicmart.andreevmaster.com\/fi\/wp-json\/wp\/v2\/product_tag?post=36025"}],"curies":[{"name":"wp","href":"https:\/\/api.w.org\/{rel}","templated":true}]}}