{"id":36023,"date":"2026-02-27T00:32:38","date_gmt":"2026-02-27T00:32:38","guid":{"rendered":"https:\/\/nordicmart.andreevmaster.com\/product\/masterkidz-varikkaat-jumbo-tapit-stem-taululle-64-kpl-8-varia\/"},"modified":"2026-02-27T09:50:46","modified_gmt":"2026-02-27T09:50:46","slug":"masterkidz-varikkaat-jumbo-tapit-stem-taululle-64-kpl-8-varia","status":"publish","type":"product","link":"https:\/\/nordicmart.andreevmaster.com\/fi\/tuote\/masterkidz-varikkaat-jumbo-tapit-stem-taululle-64-kpl-8-varia\/","title":{"rendered":"MASTERKIDZ V\u00e4rikk\u00e4\u00e4t jumbo-tapit STEM-taululle, 64 kpl. &#8211; 8 v\u00e4ri\u00e4"},"content":{"rendered":"<p>Masterkidz-v\u00e4rikk\u00e4ill\u00e4 tapilla voit luoda taululle unohtumattomia rakenteita tai kuvia. Ainoa rajoitus on mielikuvituksesi, joten anna sen lent\u00e4\u00e4 ja luo jotain kaunista! Tapit ovat saatavana 8 v\u00e4riss\u00e4, joten voit luoda erilaisia sommitelmia. Ominaisuudet: * &#8211; sarja sis\u00e4lt\u00e4\u00e4 64 kappaletta (8 tappia kutakin v\u00e4ri\u00e4) * &#8211; v\u00e4rikk\u00e4\u00e4t tapit 8 v\u00e4riss\u00e4 * &#8211; voidaan k\u00e4ytt\u00e4\u00e4 el\u00e4inten, autojen, kuvien ja monien muiden muotojen luomiseen STEM-laudoille * &#8211; laudat kannustavat lapsia leikkim\u00e4\u00e4n luovasti, ajattelemaan loogisesti, kehitt\u00e4m\u00e4\u00e4n hieno- ja karkeamotorisia taitoja, jakamaan leluja kesken\u00e4\u00e4n ja olemaan vuorovaikutuksessa<br \/>\n* &#8211; ketter\u00e4t k\u00e4det voivat helposti kiinnitt\u00e4\u00e4 tapit STEM-laudoille<br \/>\n* &#8211; tapit on valmistettu materiaaleista, jotka kest\u00e4v\u00e4t vett\u00e4 ja auringon aiheuttamia vaurioita, kuten v\u00e4rimuutoksia tai halkeilua &#8211; ihanteelliset sis\u00e4- ja ulkok\u00e4ytt\u00f6\u00f6n<\/p>\n","protected":false},"excerpt":{"rendered":"<p>Masterkidz-v\u00e4rikk\u00e4ill\u00e4 tapilla voit luoda taululle unohtumattomia rakenteita tai kuvia. Ainoa rajoitus on mielikuvituksesi, joten anna sen lent\u00e4\u00e4 ja luo jotain kaunista! Tapit ovat saatavana 8 v\u00e4riss\u00e4, joten voit luoda erilaisia sommitelmia. Ominaisuudet: * &#8211; sarja sis\u00e4lt\u00e4\u00e4 64 kappaletta (8 tappia kutakin v\u00e4ri\u00e4) * &#8211; v\u00e4rikk\u00e4\u00e4t tapit 8 v\u00e4riss\u00e4 * &#8211; voidaan k\u00e4ytt\u00e4\u00e4 el\u00e4inten, autojen, kuvien [&hellip;]<\/p>\n","protected":false},"featured_media":0,"comment_status":"open","ping_status":"closed","template":"","meta":[],"product_brand":[],"product_cat":[32],"product_tag":[],"class_list":{"0":"post-36023","1":"product","2":"type-product","3":"status-publish","5":"product_cat-uncategorized-fi","7":"first","8":"instock","9":"shipping-taxable","10":"purchasable","11":"product-type-simple"},"_links":{"self":[{"href":"https:\/\/nordicmart.andreevmaster.com\/fi\/wp-json\/wp\/v2\/product\/36023","targetHints":{"allow":["GET"]}}],"collection":[{"href":"https:\/\/nordicmart.andreevmaster.com\/fi\/wp-json\/wp\/v2\/product"}],"about":[{"href":"https:\/\/nordicmart.andreevmaster.com\/fi\/wp-json\/wp\/v2\/types\/product"}],"replies":[{"embeddable":true,"href":"https:\/\/nordicmart.andreevmaster.com\/fi\/wp-json\/wp\/v2\/comments?post=36023"}],"wp:attachment":[{"href":"https:\/\/nordicmart.andreevmaster.com\/fi\/wp-json\/wp\/v2\/media?parent=36023"}],"wp:term":[{"taxonomy":"product_brand","embeddable":true,"href":"https:\/\/nordicmart.andreevmaster.com\/fi\/wp-json\/wp\/v2\/product_brand?post=36023"},{"taxonomy":"product_cat","embeddable":true,"href":"https:\/\/nordicmart.andreevmaster.com\/fi\/wp-json\/wp\/v2\/product_cat?post=36023"},{"taxonomy":"product_tag","embeddable":true,"href":"https:\/\/nordicmart.andreevmaster.com\/fi\/wp-json\/wp\/v2\/product_tag?post=36023"}],"curies":[{"name":"wp","href":"https:\/\/api.w.org\/{rel}","templated":true}]}}