{"id":36022,"date":"2026-02-27T00:32:38","date_gmt":"2026-02-27T00:32:38","guid":{"rendered":"https:\/\/nordicmart.andreevmaster.com\/product\/masterkidz-mix-lisavarustesarja-tapit-ruuvit-tyokalut-352-kpl\/"},"modified":"2026-02-27T09:50:46","modified_gmt":"2026-02-27T09:50:46","slug":"masterkidz-mix-lisavarustesarja-tapit-ruuvit-tyokalut-352-kpl","status":"publish","type":"product","link":"https:\/\/nordicmart.andreevmaster.com\/fi\/tuote\/masterkidz-mix-lisavarustesarja-tapit-ruuvit-tyokalut-352-kpl\/","title":{"rendered":"MASTERKIDZ Mix -lis\u00e4varustesarja Tapit Ruuvit Ty\u00f6kalut 352 kpl."},"content":{"rendered":"<p>Masterkidz-tuotemerkin STEM-lis\u00e4varustesarja sis\u00e4lt\u00e4\u00e4 Masterkidz STEM -j\u00e4rjestelm\u00e4n kanssa leikkimiseen tarvittavat peruslis\u00e4varusteet. Sarja sis\u00e4lt\u00e4\u00e4 128 tappia, 128 ruuvia, 64 geometrista tappia, 2 ty\u00f6kalusarjaa, 18 hammaspy\u00f6r\u00e4\u00e4, py\u00f6r\u00e4n kahvalla ja ketjun.  Sarja on suunniteltu luovaan leikkiin ja tieteen maailmaan tutustumiseen kokeilujen ja rakentelun kautta. Lapset voivat k\u00e4ytt\u00e4\u00e4 n\u00e4it\u00e4 lis\u00e4varusteita luodakseen erilaisia malleja ja rakenteita, mik\u00e4 kehitt\u00e4\u00e4 heid\u00e4n k\u00e4dentaitojaan, loogista ajattelua ja ymm\u00e4rryst\u00e4 mekaniikan ja tekniikan perusperiaatteista. T\u00e4m\u00e4 sarja on loistava aloitus Masterkidz STEM -j\u00e4rjestelm\u00e4n k\u00e4ytt\u00f6\u00f6n. Se on yhteensopiva sek\u00e4 sein\u00e4lle kiinnitett\u00e4vien ett\u00e4 vapaasti seisovien levyjen kanssa, joista toinen tarvitaan pelaamisen aloittamiseen.Ominaisuudet:<\/p>\n<p>* &#8211; 3-vuotiaille ja sit\u00e4 vanhemmille lapsille<br \/>\n* &#8211; Ihanteellinen aloituspaketti Masterkidz STEM -j\u00e4rjestelm\u00e4\u00e4n<br \/>\n* &#8211; Paketin osat ovat yhteensopivia sis\u00e4- ja ulkok\u00e4ytt\u00f6\u00f6n suunniteltujen levyjen kanssa<\/p>\n<p>Paketti sis\u00e4lt\u00e4\u00e4:<\/p>\n<p>* &#8211; 128 v\u00e4rikk\u00e4it\u00e4 tappia eri v\u00e4reiss\u00e4.* &#8211; 128 eriv\u00e4rist\u00e4 ruuvia. * &#8211; 64 eriv\u00e4rist\u00e4 geometrista tappia. * &#8211; 2 sarjaa 6 ty\u00f6kalua (jakoavain, ruuvimeisseli vaihdettavilla k\u00e4rjill\u00e4). * &#8211; 18 hammaspy\u00f6r\u00e4\u00e4 ja 1 hammaspy\u00f6r\u00e4n pidike. * &#8211; Ketju liikkuvien rakenteiden luomiseen.<\/p>\n<p>Huomio! T\u00e4m\u00e4 on lis\u00e4varustesarja laudoille tai p\u00f6ydille. Kuvissa n\u00e4kyv\u00e4t laudat ja p\u00f6yd\u00e4t ovat saatavilla erikseen.<\/p>\n","protected":false},"excerpt":{"rendered":"<p>Masterkidz-tuotemerkin STEM-lis\u00e4varustesarja sis\u00e4lt\u00e4\u00e4 Masterkidz STEM -j\u00e4rjestelm\u00e4n kanssa leikkimiseen tarvittavat peruslis\u00e4varusteet. Sarja sis\u00e4lt\u00e4\u00e4 128 tappia, 128 ruuvia, 64 geometrista tappia, 2 ty\u00f6kalusarjaa, 18 hammaspy\u00f6r\u00e4\u00e4, py\u00f6r\u00e4n kahvalla ja ketjun. Sarja on suunniteltu luovaan leikkiin ja tieteen maailmaan tutustumiseen kokeilujen ja rakentelun kautta. Lapset voivat k\u00e4ytt\u00e4\u00e4 n\u00e4it\u00e4 lis\u00e4varusteita luodakseen erilaisia malleja ja rakenteita, mik\u00e4 kehitt\u00e4\u00e4 heid\u00e4n k\u00e4dentaitojaan, loogista [&hellip;]<\/p>\n","protected":false},"featured_media":0,"comment_status":"open","ping_status":"closed","template":"","meta":[],"product_brand":[],"product_cat":[32],"product_tag":[],"class_list":{"0":"post-36022","1":"product","2":"type-product","3":"status-publish","5":"product_cat-uncategorized-fi","7":"first","8":"instock","9":"shipping-taxable","10":"purchasable","11":"product-type-simple"},"_links":{"self":[{"href":"https:\/\/nordicmart.andreevmaster.com\/fi\/wp-json\/wp\/v2\/product\/36022","targetHints":{"allow":["GET"]}}],"collection":[{"href":"https:\/\/nordicmart.andreevmaster.com\/fi\/wp-json\/wp\/v2\/product"}],"about":[{"href":"https:\/\/nordicmart.andreevmaster.com\/fi\/wp-json\/wp\/v2\/types\/product"}],"replies":[{"embeddable":true,"href":"https:\/\/nordicmart.andreevmaster.com\/fi\/wp-json\/wp\/v2\/comments?post=36022"}],"wp:attachment":[{"href":"https:\/\/nordicmart.andreevmaster.com\/fi\/wp-json\/wp\/v2\/media?parent=36022"}],"wp:term":[{"taxonomy":"product_brand","embeddable":true,"href":"https:\/\/nordicmart.andreevmaster.com\/fi\/wp-json\/wp\/v2\/product_brand?post=36022"},{"taxonomy":"product_cat","embeddable":true,"href":"https:\/\/nordicmart.andreevmaster.com\/fi\/wp-json\/wp\/v2\/product_cat?post=36022"},{"taxonomy":"product_tag","embeddable":true,"href":"https:\/\/nordicmart.andreevmaster.com\/fi\/wp-json\/wp\/v2\/product_tag?post=36022"}],"curies":[{"name":"wp","href":"https:\/\/api.w.org\/{rel}","templated":true}]}}