{"id":36021,"date":"2026-02-27T00:32:37","date_gmt":"2026-02-27T00:32:37","guid":{"rendered":"https:\/\/nordicmart.andreevmaster.com\/product\/masterkidz-puinen-oppimispoyta-stem-seinavarusteet\/"},"modified":"2026-02-27T09:50:46","modified_gmt":"2026-02-27T09:50:46","slug":"masterkidz-puinen-oppimispoyta-stem-seinavarusteet","status":"publish","type":"product","link":"https:\/\/nordicmart.andreevmaster.com\/fi\/tuote\/masterkidz-puinen-oppimispoyta-stem-seinavarusteet\/","title":{"rendered":"MASTERKIDZ Puinen oppimisp\u00f6yt\u00e4 + STEM-sein\u00e4varusteet"},"content":{"rendered":"<p>Masterkidz STEM -oppimisp\u00f6yt\u00e4 + varusteet mahdollistavat luovan leikin ja tieteen maailmaan tutustumisen. 63 x 63 cm:n paneelissa on reiki\u00e4, joihin voi ty\u00f6nt\u00e4\u00e4 v\u00e4rikk\u00e4it\u00e4 ja geometrisia tappeja, ruuveja ja hammaspy\u00f6ri\u00e4 kauniiden kuvioiden luomiseksi. <\/p>\n<p>Masterkidz STEM -oppimisp\u00f6yd\u00e4n avulla lapsesi voi aloittaa luovan ja opettavaisen leikin luomalla kauniita kuvioita ja rakenteita lukemattomien leikkielementtien avulla. <\/p>\n<p>Setti sis\u00e4lt\u00e4\u00e4: <\/p>\n<p>&#8211; opetusp\u00f6yt\u00e4 &#8211; 128 v\u00e4rik\u00e4st\u00e4 tappia &#8211; 128 v\u00e4rik\u00e4st\u00e4 ruuvia &#8211; 64 geometrisen muotoista tappia &#8211; 2 sarjaa 6 elementti\u00e4 (jakoavain, ruuvimeisseli vaihdettavilla k\u00e4rjill\u00e4) &#8211; 20 hammaspy\u00f6r\u00e4\u00e4 &#8211; 1 hammaspy\u00f6r\u00e4n pidike &#8211; ketju<\/p>\n<p>Paneelin sivuilla on kaksi s\u00e4ilytysastiaa, joihin voi laittaa p\u00f6yd\u00e4n erilaisia lis\u00e4varusteita.<\/p>\n<p>P\u00f6yd\u00e4n koon ansiosta useat lapset voivat leikki\u00e4 p\u00f6yd\u00e4n \u00e4\u00e4ress\u00e4 samanaikaisesti.<\/p>\n<p>[img-77986-left-thickbox_default]<\/p>\n<p>[img-77992-left-thickbox_default]<\/p>\n<p>[img-69853-left-thickbox_default]<\/p>\n","protected":false},"excerpt":{"rendered":"<p>Masterkidz STEM -oppimisp\u00f6yt\u00e4 + varusteet mahdollistavat luovan leikin ja tieteen maailmaan tutustumisen. 63 x 63 cm:n paneelissa on reiki\u00e4, joihin voi ty\u00f6nt\u00e4\u00e4 v\u00e4rikk\u00e4it\u00e4 ja geometrisia tappeja, ruuveja ja hammaspy\u00f6ri\u00e4 kauniiden kuvioiden luomiseksi. Masterkidz STEM -oppimisp\u00f6yd\u00e4n avulla lapsesi voi aloittaa luovan ja opettavaisen leikin luomalla kauniita kuvioita ja rakenteita lukemattomien leikkielementtien avulla. Setti sis\u00e4lt\u00e4\u00e4: &#8211; opetusp\u00f6yt\u00e4 [&hellip;]<\/p>\n","protected":false},"featured_media":0,"comment_status":"open","ping_status":"closed","template":"","meta":[],"product_brand":[],"product_cat":[32],"product_tag":[],"class_list":{"0":"post-36021","1":"product","2":"type-product","3":"status-publish","5":"product_cat-uncategorized-fi","7":"first","8":"instock","9":"shipping-taxable","10":"purchasable","11":"product-type-simple"},"_links":{"self":[{"href":"https:\/\/nordicmart.andreevmaster.com\/fi\/wp-json\/wp\/v2\/product\/36021","targetHints":{"allow":["GET"]}}],"collection":[{"href":"https:\/\/nordicmart.andreevmaster.com\/fi\/wp-json\/wp\/v2\/product"}],"about":[{"href":"https:\/\/nordicmart.andreevmaster.com\/fi\/wp-json\/wp\/v2\/types\/product"}],"replies":[{"embeddable":true,"href":"https:\/\/nordicmart.andreevmaster.com\/fi\/wp-json\/wp\/v2\/comments?post=36021"}],"wp:attachment":[{"href":"https:\/\/nordicmart.andreevmaster.com\/fi\/wp-json\/wp\/v2\/media?parent=36021"}],"wp:term":[{"taxonomy":"product_brand","embeddable":true,"href":"https:\/\/nordicmart.andreevmaster.com\/fi\/wp-json\/wp\/v2\/product_brand?post=36021"},{"taxonomy":"product_cat","embeddable":true,"href":"https:\/\/nordicmart.andreevmaster.com\/fi\/wp-json\/wp\/v2\/product_cat?post=36021"},{"taxonomy":"product_tag","embeddable":true,"href":"https:\/\/nordicmart.andreevmaster.com\/fi\/wp-json\/wp\/v2\/product_tag?post=36021"}],"curies":[{"name":"wp","href":"https:\/\/api.w.org\/{rel}","templated":true}]}}