{"id":36020,"date":"2026-02-27T00:32:37","date_gmt":"2026-02-27T00:32:37","guid":{"rendered":"https:\/\/nordicmart.andreevmaster.com\/product\/masterkidz-oval-play-corner-2\/"},"modified":"2026-02-27T09:50:46","modified_gmt":"2026-02-27T09:50:46","slug":"masterkidz-oval-play-corner-2","status":"publish","type":"product","link":"https:\/\/nordicmart.andreevmaster.com\/fi\/tuote\/masterkidz-oval-play-corner-2\/","title":{"rendered":"MASTERKIDZ Oval Play Corner"},"content":{"rendered":"<p>Masterkidz-tuotemerkin Oval Play Corner -leikkikulma tarjoaa lapsille oman pienen turvapaikan kiireisest\u00e4 arjesta tai paikan lev\u00e4t\u00e4. Lapset voivat rentoutua, lukea kirjoja, leikki\u00e4 yksin tai yst\u00e4vien kanssa. Nurkkaus on valmistettu mukavasta vaahtomuovista, joka on p\u00e4\u00e4llystetty helposti puhdistettavalla vinyylill\u00e4. Siihen mahtuu jopa 4 lasta. Ominaisuudet: * &#8211; suuri py\u00f6re\u00e4 vaahtomuovinen istuinalue * &#8211; ihanteellinen kouluille, kirjastoille tai p\u00e4iv\u00e4kodeille * &#8211; ramppi helpottaa p\u00e4\u00e4sy\u00e4 * &#8211; 75 mm paksu lattia<br \/>\n* &#8211; nurkkaan mahtuu jopa 4 lasta<br \/>\n* &#8211; voidaan k\u00e4ytt\u00e4\u00e4 lepoon, lukemiseen tai p\u00e4iv\u00e4uniin<br \/>\n* &#8211; valmistettu vinyylip\u00e4\u00e4llysteisest\u00e4 vaahtomuovista<br \/>\n* &#8211; tahraantumaton, helppo puhdistaa<\/p>\n","protected":false},"excerpt":{"rendered":"<p>Masterkidz-tuotemerkin Oval Play Corner -leikkikulma tarjoaa lapsille oman pienen turvapaikan kiireisest\u00e4 arjesta tai paikan lev\u00e4t\u00e4. Lapset voivat rentoutua, lukea kirjoja, leikki\u00e4 yksin tai yst\u00e4vien kanssa. Nurkkaus on valmistettu mukavasta vaahtomuovista, joka on p\u00e4\u00e4llystetty helposti puhdistettavalla vinyylill\u00e4. Siihen mahtuu jopa 4 lasta. Ominaisuudet: * &#8211; suuri py\u00f6re\u00e4 vaahtomuovinen istuinalue * &#8211; ihanteellinen kouluille, kirjastoille tai p\u00e4iv\u00e4kodeille [&hellip;]<\/p>\n","protected":false},"featured_media":0,"comment_status":"open","ping_status":"closed","template":"","meta":[],"product_brand":[],"product_cat":[32],"product_tag":[],"class_list":{"0":"post-36020","1":"product","2":"type-product","3":"status-publish","5":"product_cat-uncategorized-fi","7":"first","8":"instock","9":"shipping-taxable","10":"purchasable","11":"product-type-simple"},"_links":{"self":[{"href":"https:\/\/nordicmart.andreevmaster.com\/fi\/wp-json\/wp\/v2\/product\/36020","targetHints":{"allow":["GET"]}}],"collection":[{"href":"https:\/\/nordicmart.andreevmaster.com\/fi\/wp-json\/wp\/v2\/product"}],"about":[{"href":"https:\/\/nordicmart.andreevmaster.com\/fi\/wp-json\/wp\/v2\/types\/product"}],"replies":[{"embeddable":true,"href":"https:\/\/nordicmart.andreevmaster.com\/fi\/wp-json\/wp\/v2\/comments?post=36020"}],"wp:attachment":[{"href":"https:\/\/nordicmart.andreevmaster.com\/fi\/wp-json\/wp\/v2\/media?parent=36020"}],"wp:term":[{"taxonomy":"product_brand","embeddable":true,"href":"https:\/\/nordicmart.andreevmaster.com\/fi\/wp-json\/wp\/v2\/product_brand?post=36020"},{"taxonomy":"product_cat","embeddable":true,"href":"https:\/\/nordicmart.andreevmaster.com\/fi\/wp-json\/wp\/v2\/product_cat?post=36020"},{"taxonomy":"product_tag","embeddable":true,"href":"https:\/\/nordicmart.andreevmaster.com\/fi\/wp-json\/wp\/v2\/product_tag?post=36020"}],"curies":[{"name":"wp","href":"https:\/\/api.w.org\/{rel}","templated":true}]}}