{"id":36018,"date":"2026-02-27T00:32:36","date_gmt":"2026-02-27T00:32:36","guid":{"rendered":"https:\/\/nordicmart.andreevmaster.com\/product\/masterkidz-akryylilevyjen-sailytysastiat-2-kpl\/"},"modified":"2026-02-27T09:50:45","modified_gmt":"2026-02-27T09:50:45","slug":"masterkidz-akryylilevyjen-sailytysastiat-2-kpl","status":"publish","type":"product","link":"https:\/\/nordicmart.andreevmaster.com\/fi\/tuote\/masterkidz-akryylilevyjen-sailytysastiat-2-kpl\/","title":{"rendered":"MASTERKIDZ Akryylilevyjen s\u00e4ilytysastiat, 2 kpl."},"content":{"rendered":"<p>Akryylilevyiset s\u00e4ilytysastiat ovat k\u00e4yt\u00e4nn\u00f6llinen lis\u00e4 Masterkidz STEM -levyihin, sill\u00e4 ne helpottavat komponenttien s\u00e4ilytt\u00e4mist\u00e4 ja j\u00e4rjest\u00e4mist\u00e4. S\u00e4ilytysastioiden ansiosta palikat ovat helposti saatavilla leikin aikana. S\u00e4ilytysastiat voidaan kiinnitt\u00e4\u00e4 helposti levyyn, jolloin kaikki tarvittavat osat ovat aina k\u00e4den ulottuvilla.Ominaisuudet:<\/p>\n<p>* &#8211; S\u00e4ilytysastiat ovat ihanteellisia STEM-levyll\u00e4 leikkiess\u00e4 k\u00e4ytett\u00e4vien erilaisten osien s\u00e4ilytt\u00e4miseen.<br \/>\n* &#8211; S\u00e4ilytysastiat voidaan kiinnitt\u00e4\u00e4 mihin tahansa kohtaan STEM-levyll\u00e4<br \/>\n* &#8211; Sarja sis\u00e4lt\u00e4\u00e4 kaksi s\u00e4ilytysastiaa<\/p>\n<p>Lelu kehitt\u00e4\u00e4:<\/p>\n<p>* &#8211; Itsen\u00e4isyytt\u00e4<br \/>\n* &#8211; Vastuullisuutta<\/p>\n","protected":false},"excerpt":{"rendered":"<p>Akryylilevyiset s\u00e4ilytysastiat ovat k\u00e4yt\u00e4nn\u00f6llinen lis\u00e4 Masterkidz STEM -levyihin, sill\u00e4 ne helpottavat komponenttien s\u00e4ilytt\u00e4mist\u00e4 ja j\u00e4rjest\u00e4mist\u00e4. S\u00e4ilytysastioiden ansiosta palikat ovat helposti saatavilla leikin aikana. S\u00e4ilytysastiat voidaan kiinnitt\u00e4\u00e4 helposti levyyn, jolloin kaikki tarvittavat osat ovat aina k\u00e4den ulottuvilla.Ominaisuudet: * &#8211; S\u00e4ilytysastiat ovat ihanteellisia STEM-levyll\u00e4 leikkiess\u00e4 k\u00e4ytett\u00e4vien erilaisten osien s\u00e4ilytt\u00e4miseen. * &#8211; S\u00e4ilytysastiat voidaan kiinnitt\u00e4\u00e4 mihin tahansa kohtaan [&hellip;]<\/p>\n","protected":false},"featured_media":0,"comment_status":"open","ping_status":"closed","template":"","meta":[],"product_brand":[],"product_cat":[32],"product_tag":[],"class_list":{"0":"post-36018","1":"product","2":"type-product","3":"status-publish","5":"product_cat-uncategorized-fi","7":"first","8":"instock","9":"shipping-taxable","10":"purchasable","11":"product-type-simple"},"_links":{"self":[{"href":"https:\/\/nordicmart.andreevmaster.com\/fi\/wp-json\/wp\/v2\/product\/36018","targetHints":{"allow":["GET"]}}],"collection":[{"href":"https:\/\/nordicmart.andreevmaster.com\/fi\/wp-json\/wp\/v2\/product"}],"about":[{"href":"https:\/\/nordicmart.andreevmaster.com\/fi\/wp-json\/wp\/v2\/types\/product"}],"replies":[{"embeddable":true,"href":"https:\/\/nordicmart.andreevmaster.com\/fi\/wp-json\/wp\/v2\/comments?post=36018"}],"wp:attachment":[{"href":"https:\/\/nordicmart.andreevmaster.com\/fi\/wp-json\/wp\/v2\/media?parent=36018"}],"wp:term":[{"taxonomy":"product_brand","embeddable":true,"href":"https:\/\/nordicmart.andreevmaster.com\/fi\/wp-json\/wp\/v2\/product_brand?post=36018"},{"taxonomy":"product_cat","embeddable":true,"href":"https:\/\/nordicmart.andreevmaster.com\/fi\/wp-json\/wp\/v2\/product_cat?post=36018"},{"taxonomy":"product_tag","embeddable":true,"href":"https:\/\/nordicmart.andreevmaster.com\/fi\/wp-json\/wp\/v2\/product_tag?post=36018"}],"curies":[{"name":"wp","href":"https:\/\/api.w.org\/{rel}","templated":true}]}}