{"id":36016,"date":"2026-02-27T00:32:36","date_gmt":"2026-02-27T00:32:36","guid":{"rendered":"https:\/\/nordicmart.andreevmaster.com\/product\/masterkidz-montessori-earth-oppimistaulu\/"},"modified":"2026-02-27T09:50:45","modified_gmt":"2026-02-27T09:50:45","slug":"masterkidz-montessori-earth-oppimistaulu","status":"publish","type":"product","link":"https:\/\/nordicmart.andreevmaster.com\/fi\/tuote\/masterkidz-montessori-earth-oppimistaulu\/","title":{"rendered":"MASTERKIDZ Montessori Earth -oppimistaulu"},"content":{"rendered":"<p>Masterkidz-opetustaulut auttavat lapsia kehitt\u00e4m\u00e4\u00e4n monia taitoja samanaikaisesti. Jokainen taulu opettaa lapsille erilaisia mielenkiintoisia aiheita, kuten miten toimia yhteiskunnassa, ja auttaa heit\u00e4 oppimaan ymp\u00e4r\u00f6iv\u00e4st\u00e4 maailmasta. Tauluja voi olla useita, ja ne on helppo vaihtaa. Erityiset kehykset pit\u00e4v\u00e4t taulun tukevasti sein\u00e4ll\u00e4.Ominaisuudet:<\/p>\n<p>* &#8211; Voit hankkia useita tauluja ja vaihtaa niit\u00e4 helposti, ja erityiset kehykset pit\u00e4v\u00e4t taulun t\u00e4ydellisesti sein\u00e4\u00e4 vasten.<br \/>\n* &#8211; Taulua voidaan k\u00e4ytt\u00e4\u00e4 my\u00f6s ilman kehyksi\u00e4, esimerkiksi p\u00f6yd\u00e4ll\u00e4 tai lattialla<br \/>\n* &#8211; Maa on ainoa planeetta, jolla tiedet\u00e4\u00e4n olevan nykyist\u00e4 geologista toimintaa, kuten maanj\u00e4ristyksi\u00e4 ja tulivuoria.* &#8211; Maalla on yksi luonnollinen satelliitti, Kuu. * &#8211; Opetustaulu n\u00e4ytt\u00e4\u00e4, kuinka Kuu kiert\u00e4\u00e4 Maata ja kuinka Maa kiert\u00e4\u00e4 Aurinkoa. * &#8211; Taulu selitt\u00e4\u00e4 my\u00f6s, miksi meill\u00e4 on p\u00e4iv\u00e4 ja y\u00f6 ja mist\u00e4 nelj\u00e4 vuodenaikaa ovat per\u00e4isin. * &#8211; Taulun ansiosta lapset oppivat Maapallon sis\u00e4isest\u00e4 rakenteesta ja n\u00e4kev\u00e4t, mit\u00e4 tapahtuu tulivuoren sis\u00e4ll\u00e4, kun se purkautuu. &#8211; Erityisi\u00e4 valotehosteita k\u00e4ytet\u00e4\u00e4n kiertoradan ja tulivuorenpurkauksen havainnollistamiseen.<br \/>\n* &#8211; Toimii paristoilla. <\/p>\n<p>Lelu kehitt\u00e4\u00e4: <\/p>\n<p>* &#8211; motorisia taitoja<br \/>\n* &#8211; aistitaitoja<br \/>\n* &#8211; k\u00e4si-silm\u00e4-koordinaatiota<br \/>\n* &#8211; mielikuvitusta<br \/>\n* &#8211; keskittymiskyky\u00e4<br \/>\n* &#8211; uteliaisuutta<\/p>\n","protected":false},"excerpt":{"rendered":"<p>Masterkidz-opetustaulut auttavat lapsia kehitt\u00e4m\u00e4\u00e4n monia taitoja samanaikaisesti. Jokainen taulu opettaa lapsille erilaisia mielenkiintoisia aiheita, kuten miten toimia yhteiskunnassa, ja auttaa heit\u00e4 oppimaan ymp\u00e4r\u00f6iv\u00e4st\u00e4 maailmasta. Tauluja voi olla useita, ja ne on helppo vaihtaa. Erityiset kehykset pit\u00e4v\u00e4t taulun tukevasti sein\u00e4ll\u00e4.Ominaisuudet: * &#8211; Voit hankkia useita tauluja ja vaihtaa niit\u00e4 helposti, ja erityiset kehykset pit\u00e4v\u00e4t taulun t\u00e4ydellisesti [&hellip;]<\/p>\n","protected":false},"featured_media":0,"comment_status":"open","ping_status":"closed","template":"","meta":[],"product_brand":[],"product_cat":[32],"product_tag":[],"class_list":{"0":"post-36016","1":"product","2":"type-product","3":"status-publish","5":"product_cat-uncategorized-fi","7":"first","8":"instock","9":"shipping-taxable","10":"purchasable","11":"product-type-simple"},"_links":{"self":[{"href":"https:\/\/nordicmart.andreevmaster.com\/fi\/wp-json\/wp\/v2\/product\/36016","targetHints":{"allow":["GET"]}}],"collection":[{"href":"https:\/\/nordicmart.andreevmaster.com\/fi\/wp-json\/wp\/v2\/product"}],"about":[{"href":"https:\/\/nordicmart.andreevmaster.com\/fi\/wp-json\/wp\/v2\/types\/product"}],"replies":[{"embeddable":true,"href":"https:\/\/nordicmart.andreevmaster.com\/fi\/wp-json\/wp\/v2\/comments?post=36016"}],"wp:attachment":[{"href":"https:\/\/nordicmart.andreevmaster.com\/fi\/wp-json\/wp\/v2\/media?parent=36016"}],"wp:term":[{"taxonomy":"product_brand","embeddable":true,"href":"https:\/\/nordicmart.andreevmaster.com\/fi\/wp-json\/wp\/v2\/product_brand?post=36016"},{"taxonomy":"product_cat","embeddable":true,"href":"https:\/\/nordicmart.andreevmaster.com\/fi\/wp-json\/wp\/v2\/product_cat?post=36016"},{"taxonomy":"product_tag","embeddable":true,"href":"https:\/\/nordicmart.andreevmaster.com\/fi\/wp-json\/wp\/v2\/product_tag?post=36016"}],"curies":[{"name":"wp","href":"https:\/\/api.w.org\/{rel}","templated":true}]}}