{"id":36015,"date":"2026-02-27T00:32:36","date_gmt":"2026-02-27T00:32:36","guid":{"rendered":"https:\/\/nordicmart.andreevmaster.com\/product\/masterkidz-koulutuslauta-tunteiden-oppiminen-tunteiden-hallinta-montessori\/"},"modified":"2026-02-27T09:50:45","modified_gmt":"2026-02-27T09:50:45","slug":"masterkidz-koulutuslauta-tunteiden-oppiminen-tunteiden-hallinta-montessori","status":"publish","type":"product","link":"https:\/\/nordicmart.andreevmaster.com\/fi\/tuote\/masterkidz-koulutuslauta-tunteiden-oppiminen-tunteiden-hallinta-montessori\/","title":{"rendered":"MASTERKIDZ Koulutuslauta Tunteiden oppiminen Tunteiden hallinta Montessori"},"content":{"rendered":"<p>Masterkidz-koulutuslaudat auttavat lapsia kehitt\u00e4m\u00e4\u00e4n monia taitoja samanaikaisesti. Jokainen lauta opettaa lapsille erilaisia mielenkiintoisia aiheita, kuten miten toimia yhteiskunnassa, ja auttaa heit\u00e4 oppimaan ymp\u00e4r\u00f6iv\u00e4st\u00e4 maailmasta. Voimme hankkia useita tauluja ja vaihtaa niit\u00e4 helposti, ja erityiset kehykset pit\u00e4v\u00e4t taulun t\u00e4ydellisesti sein\u00e4\u00e4 vasten. Ominaisuudet: * &#8211; Voimme hankkia useita tauluja ja vaihtaa niit\u00e4 helposti, ja erityiset kehykset pit\u00e4v\u00e4t taulun t\u00e4ydellisesti sein\u00e4\u00e4 vasten. * &#8211; Taulua voidaan k\u00e4ytt\u00e4\u00e4 my\u00f6s ilman kehyksi\u00e4, esimerkiksi p\u00f6yd\u00e4ll\u00e4 tai lattialla. * &#8211; Lasten on opittava hallitsemaan tunteitaan. Kun he ovat tietoisia tunteistaan, he voivat navigoida ihmissuhteissa tehokkaammin, rauhoittua ja ratkaista ongelmia.<br \/>\n* &#8211; Kun haluamme lapsen n\u00e4ytt\u00e4v\u00e4n meille tunteitaan, voimme pyyt\u00e4\u00e4 h\u00e4nt\u00e4 k\u00e4\u00e4nt\u00e4m\u00e4\u00e4n py\u00f6r\u00e4\u00e4 ja n\u00e4ytt\u00e4m\u00e4\u00e4n, miten h\u00e4n voi k\u00e4sitell\u00e4 n\u00e4it\u00e4 tunteita (esim. kun h\u00e4n on j\u00e4rkyttynyt, h\u00e4n voi kuunnella musiikkia ja parantaa mielialaansa).* &#8211; T\u00e4ll\u00e4 tavalla aikuiset oppivat, miten lapset k\u00e4sittelev\u00e4t tunteita, ja oppivat tuntemaan heid\u00e4n tarpeensa. * &#8211; Toinen tapa oppia ja leikki\u00e4 on, ett\u00e4 vanhempi valitsee ylimm\u00e4lt\u00e4 paneelilta tunteen, ja sitten lapsi kertoo tai n\u00e4ytt\u00e4\u00e4 py\u00f6r\u00e4ll\u00e4, mit\u00e4 h\u00e4n tekisi kyseisen tunteen kanssa.<\/p>\n<p>Lelu kehitt\u00e4\u00e4:<\/p>\n<p>* &#8211; motorisia taitoja<br \/>\n* &#8211; aistitaitoja<br \/>\n* &#8211; k\u00e4si-silm\u00e4-koordinaatiota<br \/>\n* &#8211; mielikuvitusta<br \/>\n* &#8211; keskittymiskyky\u00e4<br \/>\n* &#8211; uteliaisuutta<\/p>\n","protected":false},"excerpt":{"rendered":"<p>Masterkidz-koulutuslaudat auttavat lapsia kehitt\u00e4m\u00e4\u00e4n monia taitoja samanaikaisesti. Jokainen lauta opettaa lapsille erilaisia mielenkiintoisia aiheita, kuten miten toimia yhteiskunnassa, ja auttaa heit\u00e4 oppimaan ymp\u00e4r\u00f6iv\u00e4st\u00e4 maailmasta. Voimme hankkia useita tauluja ja vaihtaa niit\u00e4 helposti, ja erityiset kehykset pit\u00e4v\u00e4t taulun t\u00e4ydellisesti sein\u00e4\u00e4 vasten. Ominaisuudet: * &#8211; Voimme hankkia useita tauluja ja vaihtaa niit\u00e4 helposti, ja erityiset kehykset pit\u00e4v\u00e4t [&hellip;]<\/p>\n","protected":false},"featured_media":0,"comment_status":"open","ping_status":"closed","template":"","meta":[],"product_brand":[],"product_cat":[32],"product_tag":[],"class_list":{"0":"post-36015","1":"product","2":"type-product","3":"status-publish","5":"product_cat-uncategorized-fi","7":"first","8":"instock","9":"shipping-taxable","10":"purchasable","11":"product-type-simple"},"_links":{"self":[{"href":"https:\/\/nordicmart.andreevmaster.com\/fi\/wp-json\/wp\/v2\/product\/36015","targetHints":{"allow":["GET"]}}],"collection":[{"href":"https:\/\/nordicmart.andreevmaster.com\/fi\/wp-json\/wp\/v2\/product"}],"about":[{"href":"https:\/\/nordicmart.andreevmaster.com\/fi\/wp-json\/wp\/v2\/types\/product"}],"replies":[{"embeddable":true,"href":"https:\/\/nordicmart.andreevmaster.com\/fi\/wp-json\/wp\/v2\/comments?post=36015"}],"wp:attachment":[{"href":"https:\/\/nordicmart.andreevmaster.com\/fi\/wp-json\/wp\/v2\/media?parent=36015"}],"wp:term":[{"taxonomy":"product_brand","embeddable":true,"href":"https:\/\/nordicmart.andreevmaster.com\/fi\/wp-json\/wp\/v2\/product_brand?post=36015"},{"taxonomy":"product_cat","embeddable":true,"href":"https:\/\/nordicmart.andreevmaster.com\/fi\/wp-json\/wp\/v2\/product_cat?post=36015"},{"taxonomy":"product_tag","embeddable":true,"href":"https:\/\/nordicmart.andreevmaster.com\/fi\/wp-json\/wp\/v2\/product_tag?post=36015"}],"curies":[{"name":"wp","href":"https:\/\/api.w.org\/{rel}","templated":true}]}}