{"id":36014,"date":"2026-02-27T00:32:35","date_gmt":"2026-02-27T00:32:35","guid":{"rendered":"https:\/\/nordicmart.andreevmaster.com\/product\/masterkidz-montessori-kuuloaistin-opetustaulu\/"},"modified":"2026-02-27T09:50:45","modified_gmt":"2026-02-27T09:50:45","slug":"masterkidz-montessori-kuuloaistin-opetustaulu","status":"publish","type":"product","link":"https:\/\/nordicmart.andreevmaster.com\/fi\/tuote\/masterkidz-montessori-kuuloaistin-opetustaulu\/","title":{"rendered":"MASTERKIDZ Montessori-kuuloaistin opetustaulu"},"content":{"rendered":"<p>MASTERKIDZ:n opetustaulut mahdollistavat lasten monien taitojen kehitt\u00e4misen samanaikaisesti. Jokainen taulu opettaa lapsille erilaisten kiinnostavien aiheiden kautta, miten toimia yhteiskunnassa, ja antaa heille mahdollisuuden oppia ymp\u00e4r\u00f6iv\u00e4st\u00e4 maailmasta. K\u00e4yt\u00f6ss\u00e4 voi olla useita tauluja, joita on helppo vaihtaa, ja erityiset kehykset pit\u00e4v\u00e4t taulun tukevasti sein\u00e4\u00e4 vasten.<\/p>\n<p>Ominaisuudet:<\/p>\n<p>* &#8211; K\u00e4yt\u00f6ss\u00e4 voi olla useita tauluja, joita on helppo vaihtaa, ja erityiset kehykset pit\u00e4v\u00e4t taulun tukevasti sein\u00e4\u00e4 vasten.<br \/>\n* &#8211; Taulua voi k\u00e4ytt\u00e4\u00e4 my\u00f6s ilman kehyksi\u00e4, esim. p\u00f6yd\u00e4ll\u00e4 tai lattialla<br \/>\n* &#8211; Kuulo on t\u00e4rke\u00e4 aisti el\u00e4m\u00e4ss\u00e4mme, jonka ansiosta puhumme muiden ihmisten kanssa, kuuntelemme lintujen laulua tai koirien haukkumista.<br \/>\n* &#8211; Kun lapset koskettavat mit\u00e4 tahansa kohtausta taululla, he kuulevat vastaavan \u00e4\u00e4nen.<br \/>\n* &#8211; Taulussa on my\u00f6s korkean ja matalan \u00e4\u00e4nen painikkeet \u2013 aaltokaavioita tarkastelemalla lapset voivat kuulla niiden eron.<br \/>\n* &#8211; Taulu selitt\u00e4\u00e4 my\u00f6s, miten \u00e4\u00e4ni kulkee ilman kautta aaltojen muodossa, korvamme ker\u00e4\u00e4v\u00e4t \u00e4\u00e4niaaltoja ja l\u00e4hett\u00e4v\u00e4t sitten v\u00e4r\u00e4htelyt signaaleina aivoihin<br \/>\n* &#8211; Taulussa on my\u00f6s l\u00e4pin\u00e4kyv\u00e4 putki, joka n\u00e4ytt\u00e4\u00e4 lapsille, miten \u00e4\u00e4ni kulkee ilman kautta \u2013 joka kerta kun \u00e4\u00e4ni kytket\u00e4\u00e4n p\u00e4\u00e4lle taululla, putken sis\u00e4ll\u00e4 olevien pallojen pit\u00e4isi liikkua eri tavalla \u2013 pallot v\u00e4r\u00e4htelev\u00e4t, kun \u00e4\u00e4niaallot kulkevat niiden l\u00e4pi<br \/>\n* &#8211; Taulun ansiosta lapset voivat &#8221;n\u00e4hd\u00e4&#8221; \u00e4\u00e4niaaltojen etenemisen<br \/>\n* &#8211; Taulu selitt\u00e4\u00e4 my\u00f6s, ett\u00e4 \u00e4\u00e4nell\u00e4 voi olla eri voimakkuuksia ja ett\u00e4 meid\u00e4n t\u00e4ytyy suojata korviamme, kun ymp\u00e4rist\u00f6 on liian \u00e4\u00e4nek\u00e4s.<br \/>\n* &#8211; Toiminta vaatii paristoja<\/p>\n<p>Lelu kehitt\u00e4\u00e4:<\/p>\n<p>* &#8211; Motorisia taitoja<br \/>\n* &#8211; Kuuloaistia<br \/>\n* &#8211; Aistikokemuksia<br \/>\n* &#8211; Silm\u00e4-k\u00e4si-koordinaatiota<br \/>\n* &#8211; Mielikuvitusta<br \/>\n* &#8211; Keskittymiskyky\u00e4<br \/>\n* &#8211; Uteliaisuutta<\/p>\n","protected":false},"excerpt":{"rendered":"<p>MASTERKIDZ:n opetustaulut mahdollistavat lasten monien taitojen kehitt\u00e4misen samanaikaisesti. Jokainen taulu opettaa lapsille erilaisten kiinnostavien aiheiden kautta, miten toimia yhteiskunnassa, ja antaa heille mahdollisuuden oppia ymp\u00e4r\u00f6iv\u00e4st\u00e4 maailmasta. K\u00e4yt\u00f6ss\u00e4 voi olla useita tauluja, joita on helppo vaihtaa, ja erityiset kehykset pit\u00e4v\u00e4t taulun tukevasti sein\u00e4\u00e4 vasten. Ominaisuudet: * &#8211; K\u00e4yt\u00f6ss\u00e4 voi olla useita tauluja, joita on helppo vaihtaa, [&hellip;]<\/p>\n","protected":false},"featured_media":0,"comment_status":"open","ping_status":"closed","template":"","meta":[],"product_brand":[],"product_cat":[32],"product_tag":[],"class_list":{"0":"post-36014","1":"product","2":"type-product","3":"status-publish","5":"product_cat-uncategorized-fi","7":"first","8":"instock","9":"shipping-taxable","10":"purchasable","11":"product-type-simple"},"_links":{"self":[{"href":"https:\/\/nordicmart.andreevmaster.com\/fi\/wp-json\/wp\/v2\/product\/36014","targetHints":{"allow":["GET"]}}],"collection":[{"href":"https:\/\/nordicmart.andreevmaster.com\/fi\/wp-json\/wp\/v2\/product"}],"about":[{"href":"https:\/\/nordicmart.andreevmaster.com\/fi\/wp-json\/wp\/v2\/types\/product"}],"replies":[{"embeddable":true,"href":"https:\/\/nordicmart.andreevmaster.com\/fi\/wp-json\/wp\/v2\/comments?post=36014"}],"wp:attachment":[{"href":"https:\/\/nordicmart.andreevmaster.com\/fi\/wp-json\/wp\/v2\/media?parent=36014"}],"wp:term":[{"taxonomy":"product_brand","embeddable":true,"href":"https:\/\/nordicmart.andreevmaster.com\/fi\/wp-json\/wp\/v2\/product_brand?post=36014"},{"taxonomy":"product_cat","embeddable":true,"href":"https:\/\/nordicmart.andreevmaster.com\/fi\/wp-json\/wp\/v2\/product_cat?post=36014"},{"taxonomy":"product_tag","embeddable":true,"href":"https:\/\/nordicmart.andreevmaster.com\/fi\/wp-json\/wp\/v2\/product_tag?post=36014"}],"curies":[{"name":"wp","href":"https:\/\/api.w.org\/{rel}","templated":true}]}}