{"id":36013,"date":"2026-02-27T00:32:35","date_gmt":"2026-02-27T00:32:35","guid":{"rendered":"https:\/\/nordicmart.andreevmaster.com\/product\/masterkidz-montessori-hajuaistin-opetuslauta\/"},"modified":"2026-02-27T09:50:44","modified_gmt":"2026-02-27T09:50:44","slug":"masterkidz-montessori-hajuaistin-opetuslauta","status":"publish","type":"product","link":"https:\/\/nordicmart.andreevmaster.com\/fi\/tuote\/masterkidz-montessori-hajuaistin-opetuslauta\/","title":{"rendered":"MASTERKIDZ Montessori hajuaistin opetuslauta"},"content":{"rendered":"<p>Masterkidz-opetustaulut auttavat lapsia kehitt\u00e4m\u00e4\u00e4n monia taitoja samanaikaisesti. Jokainen taulu opettaa lapsille erilaisia mielenkiintoisia aiheita, kuten miten toimia yhteiskunnassa, ja auttaa heit\u00e4 oppimaan ymp\u00e4r\u00f6iv\u00e4st\u00e4 maailmasta. Tauluja voi olla useita, ja ne on helppo vaihtaa. Erityiset kehykset pit\u00e4v\u00e4t taulun tukevasti sein\u00e4ll\u00e4.Ominaisuudet:<\/p>\n<p>* &#8211; Voit hankkia useita tauluja ja vaihtaa niit\u00e4 helposti, ja erityiset kehykset pit\u00e4v\u00e4t taulun t\u00e4ydellisesti sein\u00e4\u00e4 vasten.<br \/>\n* &#8211; Taulua voidaan k\u00e4ytt\u00e4\u00e4 my\u00f6s ilman kehyksi\u00e4, esimerkiksi p\u00f6yd\u00e4ll\u00e4 tai lattialla<br \/>\n* &#8211; T\u00e4m\u00e4 taulu selitt\u00e4\u00e4 lapsille, miten hajuaisti toimii ja mik\u00e4 rooli nen\u00e4ll\u00e4 on siin\u00e4.* &#8211; Se osoittaa, ett\u00e4 tuoksut voivat olla voimakkaita, heikkoja, miellytt\u00e4vi\u00e4, ep\u00e4miellytt\u00e4vi\u00e4 tai n\u00e4iden nelj\u00e4n yhdistelmi\u00e4. * &#8211; Kun lapsi koskettaa kukkaa, h\u00e4n n\u00e4kee simuloitua tuoksun virtausta kukasta nen\u00e4\u00e4n, mik\u00e4 selitt\u00e4\u00e4 lapsille, kuinka nen\u00e4 aistii tuoksun ja muuntaa sen signaaliksi, joka v\u00e4littyy nen\u00e4st\u00e4 aivoihin (n\u00e4kyy LED-valoina).* &#8211; alaosassa on kolme puista s\u00e4ili\u00f6t\u00e4, joissa kussakin on muovinen tarjotin, jolle voi asettaa erilaisia esineit\u00e4 ja pyyt\u00e4\u00e4 lapsia tunnistamaan kannen alla piilotettujen tuotteiden tuoksut<br \/>\n* &#8211; taululla lapsi jakaa esineet my\u00f6s niihin, joiden tuoksun voimme haistaa, ja niihin, joiden tuoksua emme voi haistaa<br \/>\n* &#8211; lapset oppivat my\u00f6s, miten suojella hajuaistiaan<br \/>\n* &#8211; toimintaan tarvitaan paristoja<\/p>\n<p>Lelu kehitt\u00e4\u00e4:<\/p>\n<p>* &#8211; motorisia taitoja<br \/>\n* &#8211; aistitaitoja<br \/>\n* &#8211; k\u00e4si-silm\u00e4-koordinaatiota<br \/>\n* &#8211; mielikuvitusta<br \/>\n* &#8211; keskittymiskyky\u00e4<br \/>\n* &#8211; uteliaisuutta<\/p>\n","protected":false},"excerpt":{"rendered":"<p>Masterkidz-opetustaulut auttavat lapsia kehitt\u00e4m\u00e4\u00e4n monia taitoja samanaikaisesti. Jokainen taulu opettaa lapsille erilaisia mielenkiintoisia aiheita, kuten miten toimia yhteiskunnassa, ja auttaa heit\u00e4 oppimaan ymp\u00e4r\u00f6iv\u00e4st\u00e4 maailmasta. Tauluja voi olla useita, ja ne on helppo vaihtaa. Erityiset kehykset pit\u00e4v\u00e4t taulun tukevasti sein\u00e4ll\u00e4.Ominaisuudet: * &#8211; Voit hankkia useita tauluja ja vaihtaa niit\u00e4 helposti, ja erityiset kehykset pit\u00e4v\u00e4t taulun t\u00e4ydellisesti [&hellip;]<\/p>\n","protected":false},"featured_media":0,"comment_status":"open","ping_status":"closed","template":"","meta":[],"product_brand":[],"product_cat":[32],"product_tag":[],"class_list":{"0":"post-36013","1":"product","2":"type-product","3":"status-publish","5":"product_cat-uncategorized-fi","7":"first","8":"instock","9":"shipping-taxable","10":"purchasable","11":"product-type-simple"},"_links":{"self":[{"href":"https:\/\/nordicmart.andreevmaster.com\/fi\/wp-json\/wp\/v2\/product\/36013","targetHints":{"allow":["GET"]}}],"collection":[{"href":"https:\/\/nordicmart.andreevmaster.com\/fi\/wp-json\/wp\/v2\/product"}],"about":[{"href":"https:\/\/nordicmart.andreevmaster.com\/fi\/wp-json\/wp\/v2\/types\/product"}],"replies":[{"embeddable":true,"href":"https:\/\/nordicmart.andreevmaster.com\/fi\/wp-json\/wp\/v2\/comments?post=36013"}],"wp:attachment":[{"href":"https:\/\/nordicmart.andreevmaster.com\/fi\/wp-json\/wp\/v2\/media?parent=36013"}],"wp:term":[{"taxonomy":"product_brand","embeddable":true,"href":"https:\/\/nordicmart.andreevmaster.com\/fi\/wp-json\/wp\/v2\/product_brand?post=36013"},{"taxonomy":"product_cat","embeddable":true,"href":"https:\/\/nordicmart.andreevmaster.com\/fi\/wp-json\/wp\/v2\/product_cat?post=36013"},{"taxonomy":"product_tag","embeddable":true,"href":"https:\/\/nordicmart.andreevmaster.com\/fi\/wp-json\/wp\/v2\/product_tag?post=36013"}],"curies":[{"name":"wp","href":"https:\/\/api.w.org\/{rel}","templated":true}]}}