{"id":36012,"date":"2026-02-27T00:32:35","date_gmt":"2026-02-27T00:32:35","guid":{"rendered":"https:\/\/nordicmart.andreevmaster.com\/product\/masterkidz-montessori-taste-sense-educational-board-2\/"},"modified":"2026-02-27T09:50:44","modified_gmt":"2026-02-27T09:50:44","slug":"masterkidz-montessori-taste-sense-educational-board-2","status":"publish","type":"product","link":"https:\/\/nordicmart.andreevmaster.com\/fi\/tuote\/masterkidz-montessori-taste-sense-educational-board-2\/","title":{"rendered":"MASTERKIDZ Montessori Taste Sense Educational Board"},"content":{"rendered":"<p>Masterkidz-koulutuslevyt auttavat lapsia kehitt\u00e4m\u00e4\u00e4n monia taitoja samanaikaisesti. Jokainen levy opettaa lapsille erilaisia mielenkiintoisia aiheita, kuten miten toimia yhteiskunnassa, ja auttaa heit\u00e4 oppimaan ymp\u00e4r\u00f6iv\u00e4st\u00e4 maailmasta. Voimme hankkia useita tauluja ja vaihtaa niit\u00e4 helposti, ja erityiset kehykset pit\u00e4v\u00e4t taulun t\u00e4ydellisesti sein\u00e4\u00e4 vasten. Ominaisuudet: * &#8211; Voit hankkia useita tauluja ja vaihtaa niit\u00e4 helposti, ja erityiset kehykset pit\u00e4v\u00e4t taulun t\u00e4ydellisesti sein\u00e4\u00e4 vasten. * &#8211; Taulua voidaan k\u00e4ytt\u00e4\u00e4 my\u00f6s ilman kehyksi\u00e4, esimerkiksi p\u00f6yd\u00e4ll\u00e4 tai lattialla. * &#8211; Taulu n\u00e4ytt\u00e4\u00e4 lapsille, kuinka kehomme tunnistaa makuja.* &#8211; Lapset oppivat, ett\u00e4 kielemme tunnistaa nelj\u00e4 makua ja mik\u00e4 osa kielest\u00e4 vastaa tietyst\u00e4 mausta &#8211; erityisen tikun avulla lapset siirt\u00e4v\u00e4t erilaisia tuotteita tietylle kielialueelle. * &#8211; Taulun vasemmalla puolella lapsen teht\u00e4v\u00e4n\u00e4 on jakaa asiat, joita ihmiset voivat maistaa ja oppia, ja asiat, joita ei voi maistaa.* &#8211; Taulun avulla lapset oppivat my\u00f6s suojaamaan makuaistiaan &#8211; v\u00e4ltt\u00e4m\u00e4\u00e4n kuumaa ruokaa, pit\u00e4m\u00e4\u00e4n kielen poissa ter\u00e4vist\u00e4 esineist\u00e4 ja harjaamaan hampaansa. Lelu kehitt\u00e4\u00e4:* &#8211; motorisia taitoja* &#8211; aistitaitoja* &#8211; k\u00e4si-silm\u00e4-koordinaatiota* &#8211; mielikuvitusta* &#8211; keskittymiskyky\u00e4* &#8211; uteliaisuutta<\/p>\n","protected":false},"excerpt":{"rendered":"<p>Masterkidz-koulutuslevyt auttavat lapsia kehitt\u00e4m\u00e4\u00e4n monia taitoja samanaikaisesti. Jokainen levy opettaa lapsille erilaisia mielenkiintoisia aiheita, kuten miten toimia yhteiskunnassa, ja auttaa heit\u00e4 oppimaan ymp\u00e4r\u00f6iv\u00e4st\u00e4 maailmasta. Voimme hankkia useita tauluja ja vaihtaa niit\u00e4 helposti, ja erityiset kehykset pit\u00e4v\u00e4t taulun t\u00e4ydellisesti sein\u00e4\u00e4 vasten. Ominaisuudet: * &#8211; Voit hankkia useita tauluja ja vaihtaa niit\u00e4 helposti, ja erityiset kehykset pit\u00e4v\u00e4t [&hellip;]<\/p>\n","protected":false},"featured_media":0,"comment_status":"open","ping_status":"closed","template":"","meta":[],"product_brand":[],"product_cat":[32],"product_tag":[],"class_list":{"0":"post-36012","1":"product","2":"type-product","3":"status-publish","5":"product_cat-uncategorized-fi","7":"first","8":"instock","9":"shipping-taxable","10":"purchasable","11":"product-type-simple"},"_links":{"self":[{"href":"https:\/\/nordicmart.andreevmaster.com\/fi\/wp-json\/wp\/v2\/product\/36012","targetHints":{"allow":["GET"]}}],"collection":[{"href":"https:\/\/nordicmart.andreevmaster.com\/fi\/wp-json\/wp\/v2\/product"}],"about":[{"href":"https:\/\/nordicmart.andreevmaster.com\/fi\/wp-json\/wp\/v2\/types\/product"}],"replies":[{"embeddable":true,"href":"https:\/\/nordicmart.andreevmaster.com\/fi\/wp-json\/wp\/v2\/comments?post=36012"}],"wp:attachment":[{"href":"https:\/\/nordicmart.andreevmaster.com\/fi\/wp-json\/wp\/v2\/media?parent=36012"}],"wp:term":[{"taxonomy":"product_brand","embeddable":true,"href":"https:\/\/nordicmart.andreevmaster.com\/fi\/wp-json\/wp\/v2\/product_brand?post=36012"},{"taxonomy":"product_cat","embeddable":true,"href":"https:\/\/nordicmart.andreevmaster.com\/fi\/wp-json\/wp\/v2\/product_cat?post=36012"},{"taxonomy":"product_tag","embeddable":true,"href":"https:\/\/nordicmart.andreevmaster.com\/fi\/wp-json\/wp\/v2\/product_tag?post=36012"}],"curies":[{"name":"wp","href":"https:\/\/api.w.org\/{rel}","templated":true}]}}