{"id":36011,"date":"2026-02-27T00:32:35","date_gmt":"2026-02-27T00:32:35","guid":{"rendered":"https:\/\/nordicmart.andreevmaster.com\/product\/masterkidz-montessori-visual-sense-educational-board-2\/"},"modified":"2026-02-27T09:50:44","modified_gmt":"2026-02-27T09:50:44","slug":"masterkidz-montessori-visual-sense-educational-board-2","status":"publish","type":"product","link":"https:\/\/nordicmart.andreevmaster.com\/fi\/tuote\/masterkidz-montessori-visual-sense-educational-board-2\/","title":{"rendered":"MASTERKIDZ Montessori Visual Sense Educational Board"},"content":{"rendered":"<p>Masterkidz-koulutuslevyt auttavat lapsia kehitt\u00e4m\u00e4\u00e4n monia taitoja samanaikaisesti. Jokainen levy opettaa lapsille erilaisia mielenkiintoisia aiheita, kuten miten toimia yhteiskunnassa, ja auttaa heit\u00e4 oppimaan ymp\u00e4r\u00f6iv\u00e4st\u00e4 maailmasta. Voimme hankkia useita tauluja ja vaihtaa niit\u00e4 helposti, ja erityiset kehykset pit\u00e4v\u00e4t taulun t\u00e4ydellisesti sein\u00e4\u00e4 vasten. Ominaisuudet: * &#8211; Voit hankkia useita tauluja ja vaihtaa niit\u00e4 helposti, ja erityiset kehykset pit\u00e4v\u00e4t taulun t\u00e4ydellisesti sein\u00e4\u00e4 vasten.* &#8211; Taulua voi k\u00e4ytt\u00e4\u00e4 my\u00f6s ilman kehyksi\u00e4, esimerkiksi p\u00f6yd\u00e4ll\u00e4 tai lattialla.<br \/>\n* &#8211; Taulu selitt\u00e4\u00e4, kuinka k\u00e4yt\u00e4mme silmi\u00e4mme oppiaksemme ymp\u00e4r\u00f6iv\u00e4st\u00e4 maailmasta, v\u00e4reist\u00e4, kirkkaudesta ja esineiden muodoista.<br \/>\n* &#8211; Kun lapsi koskettaa puuta (vasemmalla), syttyy valo, joka alkaa silm\u00e4n linssist\u00e4 ja kulkee silm\u00e4n verkkokalvolle.* &#8211; Sitten kuva muunnetaan valosignaaleiksi, jotka saavuttavat aivot ja havaitaan n\u00e4k\u00f6aistimuksena.<br \/>\n* &#8211; Valosignaalien lis\u00e4ksi lapsi n\u00e4kee my\u00f6s, ett\u00e4 puu verkkokalvolla on k\u00e4\u00e4nteinen, mik\u00e4 antaa lapselle mahdollisuuden n\u00e4hd\u00e4, kuinka aivomme k\u00e4sittelev\u00e4t kuvia, kun oikein sijoitettu puu saavuttaa aivot.<br \/>\n* &#8211; taulun alaosassa olevat kuvat osoittavat lapselle, ett\u00e4 ihmisen silm\u00e4t tunnistavat muodot, v\u00e4rit ja kirkkauden<br \/>\n* &#8211; taulu opettaa lapsille my\u00f6s, kuinka huolehtia n\u00e4k\u00f6aististaan &#8211; ei katsella liikaa televisiota, ei laittaa mit\u00e4\u00e4n silmiin, k\u00e4ytt\u00e4\u00e4 aurinkolaseja auringossa ja suojalaseja kemikaaleja k\u00e4ytett\u00e4ess\u00e4<br \/>\n* &#8211; toiminta vaatii paristoja<\/p>\n<p>Lelu kehitt\u00e4\u00e4:<\/p>\n<p>* &#8211; motorisia taitoja<br \/>\n* &#8211; aistitaitoja<br \/>\n* &#8211; k\u00e4si-silm\u00e4-koordinaatiota<br \/>\n* &#8211; mielikuvitusta<br \/>\n* &#8211; keskittymiskyky\u00e4<br \/>\n* &#8211; uteliaisuutta<\/p>\n","protected":false},"excerpt":{"rendered":"<p>Masterkidz-koulutuslevyt auttavat lapsia kehitt\u00e4m\u00e4\u00e4n monia taitoja samanaikaisesti. Jokainen levy opettaa lapsille erilaisia mielenkiintoisia aiheita, kuten miten toimia yhteiskunnassa, ja auttaa heit\u00e4 oppimaan ymp\u00e4r\u00f6iv\u00e4st\u00e4 maailmasta. Voimme hankkia useita tauluja ja vaihtaa niit\u00e4 helposti, ja erityiset kehykset pit\u00e4v\u00e4t taulun t\u00e4ydellisesti sein\u00e4\u00e4 vasten. Ominaisuudet: * &#8211; Voit hankkia useita tauluja ja vaihtaa niit\u00e4 helposti, ja erityiset kehykset pit\u00e4v\u00e4t [&hellip;]<\/p>\n","protected":false},"featured_media":0,"comment_status":"open","ping_status":"closed","template":"","meta":[],"product_brand":[],"product_cat":[32],"product_tag":[],"class_list":{"0":"post-36011","1":"product","2":"type-product","3":"status-publish","5":"product_cat-uncategorized-fi","7":"first","8":"instock","9":"shipping-taxable","10":"purchasable","11":"product-type-simple"},"_links":{"self":[{"href":"https:\/\/nordicmart.andreevmaster.com\/fi\/wp-json\/wp\/v2\/product\/36011","targetHints":{"allow":["GET"]}}],"collection":[{"href":"https:\/\/nordicmart.andreevmaster.com\/fi\/wp-json\/wp\/v2\/product"}],"about":[{"href":"https:\/\/nordicmart.andreevmaster.com\/fi\/wp-json\/wp\/v2\/types\/product"}],"replies":[{"embeddable":true,"href":"https:\/\/nordicmart.andreevmaster.com\/fi\/wp-json\/wp\/v2\/comments?post=36011"}],"wp:attachment":[{"href":"https:\/\/nordicmart.andreevmaster.com\/fi\/wp-json\/wp\/v2\/media?parent=36011"}],"wp:term":[{"taxonomy":"product_brand","embeddable":true,"href":"https:\/\/nordicmart.andreevmaster.com\/fi\/wp-json\/wp\/v2\/product_brand?post=36011"},{"taxonomy":"product_cat","embeddable":true,"href":"https:\/\/nordicmart.andreevmaster.com\/fi\/wp-json\/wp\/v2\/product_cat?post=36011"},{"taxonomy":"product_tag","embeddable":true,"href":"https:\/\/nordicmart.andreevmaster.com\/fi\/wp-json\/wp\/v2\/product_tag?post=36011"}],"curies":[{"name":"wp","href":"https:\/\/api.w.org\/{rel}","templated":true}]}}