{"id":36010,"date":"2026-02-27T00:32:34","date_gmt":"2026-02-27T00:32:34","guid":{"rendered":"https:\/\/nordicmart.andreevmaster.com\/product\/masterkidz-montessori-tactile-learning-board-2\/"},"modified":"2026-02-27T09:50:44","modified_gmt":"2026-02-27T09:50:44","slug":"masterkidz-montessori-tactile-learning-board-2","status":"publish","type":"product","link":"https:\/\/nordicmart.andreevmaster.com\/fi\/tuote\/masterkidz-montessori-tactile-learning-board-2\/","title":{"rendered":"MASTERKIDZ Montessori Tactile Learning Board"},"content":{"rendered":"<p>Masterkidz-opetustaulut auttavat lapsia kehitt\u00e4m\u00e4\u00e4n monia taitoja samanaikaisesti. Jokainen taulu opettaa lapsille erilaisia mielenkiintoisia aiheita, kuten miten toimia yhteiskunnassa, ja auttaa heit\u00e4 oppimaan ymp\u00e4r\u00f6iv\u00e4st\u00e4 maailmasta. Voimme hankkia useita tauluja ja vaihtaa niit\u00e4 helposti, ja erityiset kehykset pit\u00e4v\u00e4t taulun t\u00e4ydellisesti sein\u00e4\u00e4 vasten. Ominaisuudet: * &#8211; Voit hankkia useita tauluja ja vaihtaa niit\u00e4 helposti, ja erityiset kehykset pit\u00e4v\u00e4t taulun t\u00e4ydellisesti sein\u00e4\u00e4 vasten.* &#8211; Taulua voi k\u00e4ytt\u00e4\u00e4 my\u00f6s ilman kehyksi\u00e4, esimerkiksi p\u00f6yd\u00e4ll\u00e4 tai lattialla.<br \/>\n* &#8211; Taulu selitt\u00e4\u00e4 lapsille, miten tuntoaisti toimii, miten tunnistamme eri esineiden ja materiaalien karheuden, sileyden, kovuuden tai pehmeyden.* &#8211; Taulu auttaa lapsia oppimaan, kuinka ihomme tunnistaa esineiden erilaiset tekstuurit tai l\u00e4mp\u00f6tilan. * &#8211; Taulussa on k\u00e4si, jonka sormenp\u00e4iss\u00e4 on erilaisia materiaaleja.* &#8211; Taulun yl\u00e4osassa lapsi voi oppia tunnistamaan erilaisia muotoja koskettamalla materiaaleja. * &#8211; Vasemmalla on paneeli, jossa lapsi k\u00e4ytt\u00e4\u00e4 tikkua sijoittaakseen materiaalit oikealle puolelle. * &#8211; Alareunan kuvat opettavat lapsille, ett\u00e4 heid\u00e4n tulee aina pest\u00e4 k\u00e4tens\u00e4, olla koskematta ter\u00e4viin ty\u00f6kaluihin ja k\u00e4ytt\u00e4\u00e4 aina k\u00e4sineit\u00e4 kemikaaleja k\u00e4sitelless\u00e4\u00e4n.* &#8211; Taulussa n\u00e4kyy my\u00f6s, kuinka kosketetusta esineest\u00e4 saatu informaatio kulkee k\u00e4dest\u00e4 aivoihin ja millainen reitti informaatiolla on. Lelu kehitt\u00e4\u00e4: * &#8211; motorisia taitoja * &#8211; aistitaitoja * &#8211; k\u00e4si-silm\u00e4-koordinaatiota * &#8211; mielikuvitusta * &#8211; keskittymiskyky\u00e4 * &#8211; uteliaisuutta<\/p>\n","protected":false},"excerpt":{"rendered":"<p>Masterkidz-opetustaulut auttavat lapsia kehitt\u00e4m\u00e4\u00e4n monia taitoja samanaikaisesti. Jokainen taulu opettaa lapsille erilaisia mielenkiintoisia aiheita, kuten miten toimia yhteiskunnassa, ja auttaa heit\u00e4 oppimaan ymp\u00e4r\u00f6iv\u00e4st\u00e4 maailmasta. Voimme hankkia useita tauluja ja vaihtaa niit\u00e4 helposti, ja erityiset kehykset pit\u00e4v\u00e4t taulun t\u00e4ydellisesti sein\u00e4\u00e4 vasten. Ominaisuudet: * &#8211; Voit hankkia useita tauluja ja vaihtaa niit\u00e4 helposti, ja erityiset kehykset pit\u00e4v\u00e4t [&hellip;]<\/p>\n","protected":false},"featured_media":0,"comment_status":"open","ping_status":"closed","template":"","meta":[],"product_brand":[],"product_cat":[32],"product_tag":[],"class_list":{"0":"post-36010","1":"product","2":"type-product","3":"status-publish","5":"product_cat-uncategorized-fi","7":"first","8":"instock","9":"shipping-taxable","10":"purchasable","11":"product-type-simple"},"_links":{"self":[{"href":"https:\/\/nordicmart.andreevmaster.com\/fi\/wp-json\/wp\/v2\/product\/36010","targetHints":{"allow":["GET"]}}],"collection":[{"href":"https:\/\/nordicmart.andreevmaster.com\/fi\/wp-json\/wp\/v2\/product"}],"about":[{"href":"https:\/\/nordicmart.andreevmaster.com\/fi\/wp-json\/wp\/v2\/types\/product"}],"replies":[{"embeddable":true,"href":"https:\/\/nordicmart.andreevmaster.com\/fi\/wp-json\/wp\/v2\/comments?post=36010"}],"wp:attachment":[{"href":"https:\/\/nordicmart.andreevmaster.com\/fi\/wp-json\/wp\/v2\/media?parent=36010"}],"wp:term":[{"taxonomy":"product_brand","embeddable":true,"href":"https:\/\/nordicmart.andreevmaster.com\/fi\/wp-json\/wp\/v2\/product_brand?post=36010"},{"taxonomy":"product_cat","embeddable":true,"href":"https:\/\/nordicmart.andreevmaster.com\/fi\/wp-json\/wp\/v2\/product_cat?post=36010"},{"taxonomy":"product_tag","embeddable":true,"href":"https:\/\/nordicmart.andreevmaster.com\/fi\/wp-json\/wp\/v2\/product_tag?post=36010"}],"curies":[{"name":"wp","href":"https:\/\/api.w.org\/{rel}","templated":true}]}}