{"id":36008,"date":"2026-02-27T00:32:34","date_gmt":"2026-02-27T00:32:34","guid":{"rendered":"https:\/\/nordicmart.andreevmaster.com\/product\/masterkidz-koulutuslevy-johtokykytutkimus\/"},"modified":"2026-02-27T09:50:43","modified_gmt":"2026-02-27T09:50:43","slug":"masterkidz-koulutuslevy-johtokykytutkimus","status":"publish","type":"product","link":"https:\/\/nordicmart.andreevmaster.com\/fi\/tuote\/masterkidz-koulutuslevy-johtokykytutkimus\/","title":{"rendered":"MASTERKIDZ Koulutuslevy johtokykytutkimus"},"content":{"rendered":"<p>L\u00f6yd\u00e4 s\u00e4hk\u00f6\u00f6n liittyv\u00e4 kiehtova maailma Masterkidz-koulutuslevyn johtokykytutkimuksen avulla! T\u00e4m\u00e4n innovatiivisen lelun avulla 3-vuotiaat ja sit\u00e4 vanhemmat lapset voivat kokeilla s\u00e4hk\u00f6piirej\u00e4 turvallisella ja kiinnostavalla tavalla. Kahden interaktiivisen piirin avulla pienet lapset voivat oppia s\u00e4hk\u00f6n toiminnasta testaamalla erilaisia materiaaleja johtimina ja huomaamalla, ett\u00e4 jopa ihmiskeho voi johtaa s\u00e4hk\u00f6\u00e4. Se on t\u00e4ydellinen yhdistelm\u00e4 oppimista ja hauskanpitoa, joka her\u00e4tt\u00e4\u00e4 uteliaisuuden ja kannustaa tutkimaan ymp\u00e4r\u00f6iv\u00e4\u00e4 maailmaa!<\/p>\n<p>Ominaisuudet:<\/p>\n<p>* &#8211; Yhteensopiva Masterkidz-koulutuslevyn kiinnitysj\u00e4rjestelmien kanssa<br \/>\n* &#8211; Levy\u00e4 voidaan k\u00e4ytt\u00e4\u00e4 my\u00f6s ilman kehyksi\u00e4, esim. p\u00f6yd\u00e4ll\u00e4 tai lattialla<br \/>\n* &#8211; Taulu on varustettu kahdella s\u00e4hk\u00f6piirill\u00e4<br \/>\n* &#8211; Ensimm\u00e4inen piiri (taulun yl\u00e4osassa) on avoin piiri, ja lasten teht\u00e4v\u00e4n\u00e4 on sulkea se painamalla yht\u00e4 nelj\u00e4st\u00e4 painikkeesta<br \/>\n* &#8211; Jokainen painike edustaa erilaista materiaalia, jolla on erilainen s\u00e4hk\u00f6njohtavuus, jolloin lapset voivat oppia, mitk\u00e4 materiaalit ovat eristeit\u00e4 \u2013 kun oikeaa painiketta painetaan, valo syttyy<br \/>\n* &#8211; Toinen piiri (alareunassa) on my\u00f6s avoin piiri, mutta kun lapsi asettaa molemmat k\u00e4tens\u00e4 paneelille, valo syttyy<br \/>\n* &#8211; Lapset ovat varmasti innoissaan t\u00e4st\u00e4 ilmi\u00f6st\u00e4 ja oppivat, ett\u00e4 my\u00f6s ihmiskeho johtaa s\u00e4hk\u00f6\u00e4<\/p>\n<p>Vaatii 4 AA-paristoa (ei sis\u00e4lly toimitukseen)<\/p>\n<p>Lelu kehitt\u00e4\u00e4:<\/p>\n<p>* &#8211; Motorisia taitoja<br \/>\n* &#8211; Aistitaitoja<br \/>\n* &#8211; K\u00e4sien ja silmien koordinaatiota<br \/>\n* &#8211; Mielikuvitusta<br \/>\n* &#8211; Keskittymiskyky\u00e4<br \/>\n* &#8211; Uteliaisuutta<\/p>\n","protected":false},"excerpt":{"rendered":"<p>L\u00f6yd\u00e4 s\u00e4hk\u00f6\u00f6n liittyv\u00e4 kiehtova maailma Masterkidz-koulutuslevyn johtokykytutkimuksen avulla! T\u00e4m\u00e4n innovatiivisen lelun avulla 3-vuotiaat ja sit\u00e4 vanhemmat lapset voivat kokeilla s\u00e4hk\u00f6piirej\u00e4 turvallisella ja kiinnostavalla tavalla. Kahden interaktiivisen piirin avulla pienet lapset voivat oppia s\u00e4hk\u00f6n toiminnasta testaamalla erilaisia materiaaleja johtimina ja huomaamalla, ett\u00e4 jopa ihmiskeho voi johtaa s\u00e4hk\u00f6\u00e4. Se on t\u00e4ydellinen yhdistelm\u00e4 oppimista ja hauskanpitoa, joka her\u00e4tt\u00e4\u00e4 [&hellip;]<\/p>\n","protected":false},"featured_media":0,"comment_status":"open","ping_status":"closed","template":"","meta":[],"product_brand":[],"product_cat":[32],"product_tag":[],"class_list":{"0":"post-36008","1":"product","2":"type-product","3":"status-publish","5":"product_cat-uncategorized-fi","7":"first","8":"instock","9":"shipping-taxable","10":"purchasable","11":"product-type-simple"},"_links":{"self":[{"href":"https:\/\/nordicmart.andreevmaster.com\/fi\/wp-json\/wp\/v2\/product\/36008","targetHints":{"allow":["GET"]}}],"collection":[{"href":"https:\/\/nordicmart.andreevmaster.com\/fi\/wp-json\/wp\/v2\/product"}],"about":[{"href":"https:\/\/nordicmart.andreevmaster.com\/fi\/wp-json\/wp\/v2\/types\/product"}],"replies":[{"embeddable":true,"href":"https:\/\/nordicmart.andreevmaster.com\/fi\/wp-json\/wp\/v2\/comments?post=36008"}],"wp:attachment":[{"href":"https:\/\/nordicmart.andreevmaster.com\/fi\/wp-json\/wp\/v2\/media?parent=36008"}],"wp:term":[{"taxonomy":"product_brand","embeddable":true,"href":"https:\/\/nordicmart.andreevmaster.com\/fi\/wp-json\/wp\/v2\/product_brand?post=36008"},{"taxonomy":"product_cat","embeddable":true,"href":"https:\/\/nordicmart.andreevmaster.com\/fi\/wp-json\/wp\/v2\/product_cat?post=36008"},{"taxonomy":"product_tag","embeddable":true,"href":"https:\/\/nordicmart.andreevmaster.com\/fi\/wp-json\/wp\/v2\/product_tag?post=36008"}],"curies":[{"name":"wp","href":"https:\/\/api.w.org\/{rel}","templated":true}]}}